{"id":29282,"date":"2022-11-03T18:28:29","date_gmt":"2022-11-03T17:28:29","guid":{"rendered":"https:\/\/guichet-online.com\/?page_id=29282"},"modified":"2024-01-25T17:44:11","modified_gmt":"2024-01-25T16:44:11","slug":"29282-2","status":"publish","type":"page","link":"https:\/\/www.guichet-online.com\/?page_id=29282","title":{"rendered":"OEA Proc\u00e9dure"},"content":{"rendered":"\n[et_pb_section fb_built=\u00a0\u00bb1&Prime; _builder_version=\u00a0\u00bb4.17.6&Prime; _module_preset=\u00a0\u00bbdefault\u00a0\u00bb global_colors_info=\u00a0\u00bb{}\u00a0\u00bb][et_pb_row _builder_version=\u00a0\u00bb4.17.6&Prime; _module_preset=\u00a0\u00bbdefault\u00a0\u00bb global_colors_info=\u00a0\u00bb{}\u00a0\u00bb][et_pb_column type=\u00a0\u00bb4_4&Prime; _builder_version=\u00a0\u00bb4.17.6&Prime; _module_preset=\u00a0\u00bbdefault\u00a0\u00bb global_colors_info=\u00a0\u00bb{}\u00a0\u00bb][et_pb_image src=\u00a0\u00bbhttps:\/\/guichet-online.com\/wp-content\/uploads\/2022\/11\/Image-OEA-3.png\u00a0\u00bb title_text=\u00a0\u00bbImage OEA 3&Prime; _builder_version=\u00a0\u00bb4.17.6&Prime; _module_preset=\u00a0\u00bbdefault\u00a0\u00bb global_colors_info=\u00a0\u00bb{}\u00a0\u00bb][\/et_pb_image][et_pb_accordion _builder_version=\u00a0\u00bb4.17.6&Prime; _module_preset=\u00a0\u00bbdefault\u00a0\u00bb hover_enabled=\u00a0\u00bb0&Prime; global_colors_info=\u00a0\u00bb{}\u00a0\u00bb sticky_enabled=\u00a0\u00bb0&Prime;][et_pb_accordion_item title=\u00a0\u00bb VOUS ETES NOUVEAU DEMANDEUR\u00a0\u00bb open=\u00a0\u00bbon\u00a0\u00bb open_toggle_text_color=\u00a0\u00bb#000000&Prime; _builder_version=\u00a0\u00bb4.17.6&Prime; _module_preset=\u00a0\u00bbdefault\u00a0\u00bb hover_enabled=\u00a0\u00bb0&Prime; global_colors_info=\u00a0\u00bb{}\u00a0\u00bb toggle_text_color=\u00a0\u00bb#000000&Prime; toggle_font=\u00a0\u00bb|800|||||||\u00a0\u00bb toggle_font_size=\u00a0\u00bb25px\u00a0\u00bb sticky_enabled=\u00a0\u00bb0&Prime;]<p>Ce sch\u00e9ma vous explique comment va se d\u00e9rouler la d\u00e9marche.<\/p>\n<p>Vous serez accompagn\u00e9 tout au long de la d\u00e9marche \u00e0 partir de proc\u00e9dures dont vous allez prendre connaissance.<\/p>\n<p>Vous devez, tout d&rsquo;abord, vous identifier aupr\u00e8s de la plateforme en demandant un acc\u00e8s \u00e0 partir du <a href=\"https:\/\/guichet-online.com\/?page_id=28979\" title=\"Guichet Virtuel OEA\"><span style=\"color: #0000ff;\"><strong>guichet virtuel<\/strong><\/span>.<\/a><\/p>\n<p>Vous recevrez ensuite un formulaire \u00e0 partir duquel vous allez identifier votre entreprise.<\/p>\n<p>Des consultants seront \u00e0 votre disposition tout au long de la d\u00e9marche.<\/p>\n<p>La plateforme a pour but de former vos collaborateurs aux bonnes pratiques dans le domaine de mise en place d&rsquo;une d\u00e9marche qualit\u00e9 ISO9001-2015 et<\/p>[\/et_pb_accordion_item][\/et_pb_accordion][et_pb_accordion _builder_version=\u00a0\u00bb4.17.6&Prime; _module_preset=\u00a0\u00bbdefault\u00a0\u00bb global_colors_info=\u00a0\u00bb{}\u00a0\u00bb][et_pb_accordion_item title=\u00a0\u00bb VOUS ETES DEJA CERTIFIE\u00a0\u00bb open=\u00a0\u00bbon\u00a0\u00bb open_toggle_text_color=\u00a0\u00bb#000000&Prime; _builder_version=\u00a0\u00bb4.17.6&Prime; _module_preset=\u00a0\u00bbdefault\u00a0\u00bb global_colors_info=\u00a0\u00bb{}\u00a0\u00bb toggle_text_color=\u00a0\u00bb#000000&Prime; toggle_font=\u00a0\u00bb|800|||||||\u00a0\u00bb toggle_font_size=\u00a0\u00bb25px\u00a0\u00bb]<p>Vous devez, tout d&rsquo;abord, vous identifier aupr\u00e8s de la plateforme en demandant un acc\u00e8s \u00e0 partir du <a href=\"https:\/\/guichet-online.com\/?page_id=28979\" title=\"Guichet Virtuel OEA\"><span style=\"color: #0000ff;\"><strong>guichet virtuel<\/strong><\/span>.<\/a><\/p>\n<p>Vous recevrez ensuite un formulaire \u00e0 partir duquel vous allez identifier votre entreprise.<\/p>\n<p>Nous allons repartir des derni\u00e8res informations en votre possession concernant l&rsquo;Audit de certification.<\/p>\n<p>Nous allons prendre compte les mesures correctives ou les plans d&rsquo;actions qui ont \u00e9t\u00e9 recommand\u00e9s par l&rsquo;Auditeur.<\/p>\n<p>Sur la base des informations que nous allons analyser, nous allons prendre en charge les proc\u00e9dures concern\u00e9es et nous allons les cartographier et y rapporter les donn\u00e9es requises (objectifs, risques, contr\u00f4les et exigences) et y apporter les valeurs requises.<\/p>\n<p>Vous pourrez ainsi, ais\u00e9ment, vous pr\u00e9senter aupr\u00e8s de l&rsquo;Auditeur de la Douane pour pr\u00e9senter votre demande de renouvellement.<\/p>[\/et_pb_accordion_item][\/et_pb_accordion][\/et_pb_column][\/et_pb_row][\/et_pb_section]\n","protected":false},"excerpt":{"rendered":"<p>Ce sch\u00e9ma vous explique comment va se d\u00e9rouler la d\u00e9marche. Vous serez accompagn\u00e9 tout au long de la d\u00e9marche \u00e0 partir de proc\u00e9dures dont vous allez prendre connaissance. Vous devez, tout d&rsquo;abord, vous identifier aupr\u00e8s de la plateforme en demandant un acc\u00e8s \u00e0 partir du guichet virtuel. Vous recevrez ensuite un formulaire \u00e0 partir duquel [&hellip;]<\/p>\n","protected":false},"author":1,"featured_media":0,"parent":0,"menu_order":0,"comment_status":"closed","ping_status":"closed","template":"","meta":{"_et_pb_use_builder":"on","_et_pb_old_content":"","_et_gb_content_width":"","footnotes":""},"class_list":["post-29282","page","type-page","status-publish","hentry"],"_links":{"self":[{"href":"https:\/\/www.guichet-online.com\/index.php?rest_route=\/wp\/v2\/pages\/29282","targetHints":{"allow":["GET"]}}],"collection":[{"href":"https:\/\/www.guichet-online.com\/index.php?rest_route=\/wp\/v2\/pages"}],"about":[{"href":"https:\/\/www.guichet-online.com\/index.php?rest_route=\/wp\/v2\/types\/page"}],"author":[{"embeddable":true,"href":"https:\/\/www.guichet-online.com\/index.php?rest_route=\/wp\/v2\/users\/1"}],"replies":[{"embeddable":true,"href":"https:\/\/www.guichet-online.com\/index.php?rest_route=%2Fwp%2Fv2%2Fcomments&post=29282"}],"version-history":[{"count":12,"href":"https:\/\/www.guichet-online.com\/index.php?rest_route=\/wp\/v2\/pages\/29282\/revisions"}],"predecessor-version":[{"id":30080,"href":"https:\/\/www.guichet-online.com\/index.php?rest_route=\/wp\/v2\/pages\/29282\/revisions\/30080"}],"wp:attachment":[{"href":"https:\/\/www.guichet-online.com\/index.php?rest_route=%2Fwp%2Fv2%2Fmedia&parent=29282"}],"curies":[{"name":"wp","href":"https:\/\/api.w.org\/{rel}","templated":true}]}}