{"id":29340,"date":"2023-01-03T17:00:51","date_gmt":"2023-01-03T16:00:51","guid":{"rendered":"https:\/\/guichet-online.com\/?page_id=29340"},"modified":"2024-02-03T09:10:10","modified_gmt":"2024-02-03T08:10:10","slug":"oea-senegal","status":"publish","type":"page","link":"https:\/\/www.guichet-online.com\/?page_id=29340","title":{"rendered":"OEA SENEGAL"},"content":{"rendered":"<p>[et_pb_section fb_built=\u00a0\u00bb1&Prime; _builder_version=\u00a0\u00bb4.17.6&Prime; _module_preset=\u00a0\u00bbdefault\u00a0\u00bb global_colors_info=\u00a0\u00bb{}\u00a0\u00bb][et_pb_row _builder_version=\u00a0\u00bb4.17.6&Prime; _module_preset=\u00a0\u00bbdefault\u00a0\u00bb global_colors_info=\u00a0\u00bb{}\u00a0\u00bb][et_pb_column type=\u00a0\u00bb4_4&Prime; _builder_version=\u00a0\u00bb4.17.6&Prime; _module_preset=\u00a0\u00bbdefault\u00a0\u00bb global_colors_info=\u00a0\u00bb{}\u00a0\u00bb][et_pb_accordion _builder_version=\u00a0\u00bb4.17.6&Prime; _module_preset=\u00a0\u00bbdefault\u00a0\u00bb toggle_text_align=\u00a0\u00bbcenter\u00a0\u00bb toggle_font_size=\u00a0\u00bb44px\u00a0\u00bb body_text_align=\u00a0\u00bbcenter\u00a0\u00bb body_line_height=\u00a0\u00bb2em\u00a0\u00bb min_height=\u00a0\u00bb683.3px\u00a0\u00bb global_colors_info=\u00a0\u00bb{}\u00a0\u00bb][et_pb_accordion_item title=\u00a0\u00bbLes acteurs de la chaine logistique du Senegal\u00a0\u00bb open=\u00a0\u00bbon\u00a0\u00bb open_toggle_text_color=\u00a0\u00bb#E02B20&Prime; _builder_version=\u00a0\u00bb4.17.6&Prime; _module_preset=\u00a0\u00bbdefault\u00a0\u00bb body_line_height=\u00a0\u00bb1.5em\u00a0\u00bb global_colors_info=\u00a0\u00bb{}\u00a0\u00bb toggle_text_color=\u00a0\u00bb#E02B20&Prime; toggle_font=\u00a0\u00bb|700|||||||\u00a0\u00bb toggle_font_size=\u00a0\u00bb28px\u00a0\u00bb]<\/p>\n<p><img loading=\"lazy\" decoding=\"async\" src=\"https:\/\/guichet-online.com\/wp-content\/uploads\/2022\/08\/Logo-OEA.jpg\" alt=\"\" class=\"wp-image-28859 alignnone size-full\" width=\"290\" height=\"195\" \/>\u00a0 \u00a0 \u00a0 \u00a0 \u00a0 \u00a0 \u00a0 \u00a0 \u00a0 \u00a0 \u00a0 \u00a0 \u00a0 \u00a0 \u00a0 \u00a0 \u00a0 \u00a0 \u00a0 \u00a0 <img loading=\"lazy\" decoding=\"async\" src=\"https:\/\/guichet-online.com\/wp-content\/uploads\/2023\/01\/logo-Senegal.jpg\" width=\"176\" height=\"220\" alt=\"\" class=\"wp-image-29344 alignnone size-full\" \/><\/p>\n<p><strong><span style=\"color: #ff0000;\">Bienvenue sur la page qui vous pr\u00e9sente les diff\u00e9rentes parties prenantes qui sont \u00e0 votre disposition au S\u00e9n\u00e9gal dans le cadre de vos activit\u00e9s d\u00e9di\u00e9es \u00e0 vos activit\u00e9s en qualit\u00e9 d&rsquo;OEA.<br \/><\/span><\/strong><\/p>\n<ul>\n<li style=\"text-align: left;\">Les prestataires qui sont pr\u00e9sent\u00e9es sur cet espace ont \u00e9t\u00e9 reconnus, \u00e0 travers l&rsquo;organisation qu&rsquo;ils ont mise en place, comme une partie intervenant dans le mouvement international des marchandises \u00e0 quelque titre que ce soit et qui ont \u00e9t\u00e9 reconnus par ou au nom de l&rsquo;administration nationale des douanes de leur pays.<\/li>\n<li style=\"text-align: left;\">Ces prestataires se sont engag\u00e9s \u00e0 respecter les normes de l&rsquo;OMD ou des normes \u00e9quivalentes en mati\u00e8re de s\u00e9curit\u00e9 de la chaine logistique du cadre SAFE<\/li>\n<\/ul>\n<p style=\"text-align: left;\">Chacune de ces soci\u00e9t\u00e9s vous pr\u00e9sente l&rsquo;organisation qui a \u00e9t\u00e9 mise en place pour vous garantir une r\u00e9ponse \u00e0 vos demandes dans le respect des obligations qu&rsquo;elles doivent respecter du fait de l&rsquo;organisation ISO qu&rsquo;ils ont mis en place.<\/p>\n<p style=\"text-align: left;\">Dans une page sp\u00e9cifique pour chacune de ces parties-prenantes il vous sera pr\u00e9sent\u00e9 tous les services qui sont \u00e0 votre disposition sous forme de Guichet Virtuel.<\/p>\n<p style=\"text-align: left;\">Pour les parties-prenantes qui ont adh\u00e9rer \u00e0 l&rsquo;usage de la plateforme OEA vous aurez \u00e0 disposition des informations d\u00e9taill\u00e9es sur l&rsquo;organisation qui leur a permis d&rsquo;acqu\u00e9rir le statut d&rsquo;OEA ou de renouveler ce statut.<\/p>\n<p style=\"text-align: left;\"><strong>Vous pourrez, apr\u00e8s avoir valid\u00e9 leur capacit\u00e9 de r\u00e9pondre \u00e0 vos besoins, prendre contact directement avec eux.<\/strong><\/p>\n<p style=\"text-align: left;\">Cet espace n&rsquo;est pas r\u00e9serv\u00e9 qu&rsquo;aux entreprises qui ont le statut d&rsquo;OEA mais il est aussi \u00e0 disposition pour celles qui font partie de la chaine des services en question.<\/p>\n<p style=\"text-align: left;\">Toute entreprise ou organisation qui a pour objectif de devenir OEA peut y avoir acc\u00e8s \u00e0 travers la plateforme OEA qui est \u00e0 disposition \u00e0 travers le guichet virtuel qui met \u00e0 disposition toutes les d\u00e9marches \u00e0 entreprendre. <a href=\"https:\/\/guichet-online.com\/?page_id=29282\" title=\"D\u00e9marche OEA\"><strong><span style=\"color: #1300ef;\">Comment pr\u00e9senter une demande d&rsquo;adh\u00e9sion au statut d&rsquo;OEA.<\/span><\/strong><\/a><\/p>\n<p>[\/et_pb_accordion_item][\/et_pb_accordion][et_pb_tabs _builder_version=\u00a0\u00bb4.17.6&Prime; _module_preset=\u00a0\u00bbdefault\u00a0\u00bb global_colors_info=\u00a0\u00bb{}\u00a0\u00bb][et_pb_tab title=\u00a0\u00bbGAINDE 2000-GIE\u00a0\u00bb _builder_version=\u00a0\u00bb4.17.6&Prime; _module_preset=\u00a0\u00bbdefault\u00a0\u00bb global_colors_info=\u00a0\u00bb{}\u00a0\u00bb]<\/p>\n<p><img loading=\"lazy\" decoding=\"async\" src=\"https:\/\/guichet-online.com\/wp-content\/uploads\/2023\/01\/Logo-gain2000.jpg\" width=\"175\" height=\"80\" alt=\"\" class=\"wp-image-29348 alignnone size-full\" \/><\/p>\n<p><strong>Services rendus:<\/strong><\/p>\n<ul>\n<li>Chargement et partage du Manifeste ;<\/li>\n<li>Collecte et soumission des documents de pr\u00e9-d\u00e9douanement ;<\/li>\n<li>D\u00e9claration en Douane ;<\/li>\n<li>Paiement des droits et taxes ;<\/li>\n<li>Paiement des services logistiques ;<\/li>\n<li>Emission des certificats pour la signature \u00e9lectronique ;<\/li>\n<li>Proc\u00e9dure \u00e9lectronique d\u2019enl\u00e8vement des marchandises ;<\/li>\n<li>Echange de messages ICS vers l\u2019UE ;<\/li>\n<li>Portail des services logistiques :\n<ul>\n<li>Informations sur les activit\u00e9s de la place portuaire ;<\/li>\n<li>Simulateur des formalit\u00e9s du Commerce Ext\u00e9rieur ;<\/li>\n<li>Avis d\u2019arriv\u00e9e de navires<\/li>\n<\/ul>\n<\/li>\n<\/ul>\n<p>[\/et_pb_tab][et_pb_tab title=\u00a0\u00bbConseil S\u00e9n\u00e9galais des Chargeurs \u00a0\u00bb _builder_version=\u00a0\u00bb4.17.6&Prime; _module_preset=\u00a0\u00bbdefault\u00a0\u00bb global_colors_info=\u00a0\u00bb{}\u00a0\u00bb]<\/p>\n<p><img loading=\"lazy\" decoding=\"async\" src=\"https:\/\/guichet-online.com\/wp-content\/uploads\/2023\/01\/Logo-Cosec.png\" width=\"230\" height=\"219\" alt=\"\" class=\"wp-image-29347 alignnone size-full\" \/><\/p>\n<h3>R\u00e9alisations:<\/h3>\n<p><span>Financement et r\u00e9alisation d\u2019infrastructures publiques : Entrep\u00f4ts, Gares maritimes<\/span><\/p>\n<h3>Assistance:<span><\/span><\/h3>\n<p><span>Informatisation de toutes les Chambres Consulaires du S\u00e9n\u00e9gal et h\u00e9bergement de sites web de chargeurs sur le portail du COSEC<\/span><\/p>\n<h3>Les chargeurs:<\/h3>\n<p><span>Organisation de s\u00e9minaires au profit des chargeurs, appui pour l\u2019utilisation des NTIC.<\/span><\/p>\n<h3>Accompagnement:<span><\/span><\/h3>\n<p><span>Financement de supports de communication pour les op\u00e9rateurs \u00e9conomiques.<\/span><\/p>\n<p>&nbsp;<\/p>\n<p>&nbsp;<\/p>\n<p>&nbsp;<\/p>\n<p>&nbsp;<\/p>\n<p>&nbsp;<\/p>\n<p>[\/et_pb_tab][et_pb_tab title=\u00a0\u00bbImportateurs \/ Exportateurs\u00a0\u00bb _builder_version=\u00a0\u00bb4.17.6&Prime; _module_preset=\u00a0\u00bbdefault\u00a0\u00bb tab_font=\u00a0\u00bb|700|||||||\u00a0\u00bb tab_text_color=\u00a0\u00bb#E02B20&Prime; tab_font_size=\u00a0\u00bb18px\u00a0\u00bb global_colors_info=\u00a0\u00bb{}\u00a0\u00bb]<\/p>\n<p>A partir de cet onglet vous aurez acc\u00e8s \u00e0 l\u2019espace des entreprises qui ont d\u00e9j\u00e0 obtenu l\u2019agr\u00e9ment OEA ou qui sont en cours d\u2019agr\u00e9ment \u00e0 partir de la plateforme.<\/p>\n<p>[\/et_pb_tab][\/et_pb_tabs][et_pb_menu _builder_version=\u00a0\u00bb4.17.6&Prime; _module_preset=\u00a0\u00bbdefault\u00a0\u00bb global_colors_info=\u00a0\u00bb{}\u00a0\u00bb][\/et_pb_menu][et_pb_button button_url=\u00a0\u00bb@ET-DC@eyJkeW5hbWljIjp0cnVlLCJjb250ZW50IjoicG9zdF9saW5rX3VybF9wYWdlIiwic2V0dGluZ3MiOnsicG9zdF9pZCI6IjI4OTc5In19@\u00a0\u00bb button_text=\u00a0\u00bbAcc\u00e8s au guichet virtuel\u00a0\u00bb _builder_version=\u00a0\u00bb4.17.6&Prime; _dynamic_attributes=\u00a0\u00bbbutton_url\u00a0\u00bb _module_preset=\u00a0\u00bbdefault\u00a0\u00bb custom_button=\u00a0\u00bbon\u00a0\u00bb button_text_size=\u00a0\u00bb23px\u00a0\u00bb button_text_color=\u00a0\u00bb#FFFFFF\u00a0\u00bb button_bg_color=\u00a0\u00bb#E02B20&Prime; button_border_color=\u00a0\u00bb#E02B20&Prime; button_font=\u00a0\u00bb|700|||||||\u00a0\u00bb button_icon=\u00a0\u00bb&#x24;||divi||400&Prime; hover_enabled=\u00a0\u00bb0&Prime; global_colors_info=\u00a0\u00bb{}\u00a0\u00bb sticky_enabled=\u00a0\u00bb0&Prime;][\/et_pb_button][\/et_pb_column][\/et_pb_row][\/et_pb_section]<\/p>\n","protected":false},"excerpt":{"rendered":"<p>\u00a0 \u00a0 \u00a0 \u00a0 \u00a0 \u00a0 \u00a0 \u00a0 \u00a0 \u00a0 \u00a0 \u00a0 \u00a0 \u00a0 \u00a0 \u00a0 \u00a0 \u00a0 \u00a0 \u00a0 Bienvenue sur la page qui vous pr\u00e9sente les diff\u00e9rentes parties prenantes qui sont \u00e0 votre disposition au S\u00e9n\u00e9gal dans le cadre de vos activit\u00e9s d\u00e9di\u00e9es \u00e0 vos activit\u00e9s en qualit\u00e9 d&rsquo;OEA. Les prestataires qui sont [&hellip;]<\/p>\n","protected":false},"author":1,"featured_media":0,"parent":0,"menu_order":0,"comment_status":"closed","ping_status":"closed","template":"page-template-blank.php","meta":{"_et_pb_use_builder":"on","_et_pb_old_content":"","_et_gb_content_width":"","footnotes":""},"class_list":["post-29340","page","type-page","status-publish","hentry"],"_links":{"self":[{"href":"https:\/\/www.guichet-online.com\/index.php?rest_route=\/wp\/v2\/pages\/29340","targetHints":{"allow":["GET"]}}],"collection":[{"href":"https:\/\/www.guichet-online.com\/index.php?rest_route=\/wp\/v2\/pages"}],"about":[{"href":"https:\/\/www.guichet-online.com\/index.php?rest_route=\/wp\/v2\/types\/page"}],"author":[{"embeddable":true,"href":"https:\/\/www.guichet-online.com\/index.php?rest_route=\/wp\/v2\/users\/1"}],"replies":[{"embeddable":true,"href":"https:\/\/www.guichet-online.com\/index.php?rest_route=%2Fwp%2Fv2%2Fcomments&post=29340"}],"version-history":[{"count":10,"href":"https:\/\/www.guichet-online.com\/index.php?rest_route=\/wp\/v2\/pages\/29340\/revisions"}],"predecessor-version":[{"id":30390,"href":"https:\/\/www.guichet-online.com\/index.php?rest_route=\/wp\/v2\/pages\/29340\/revisions\/30390"}],"wp:attachment":[{"href":"https:\/\/www.guichet-online.com\/index.php?rest_route=%2Fwp%2Fv2%2Fmedia&parent=29340"}],"curies":[{"name":"wp","href":"https:\/\/api.w.org\/{rel}","templated":true}]}}