{"id":29508,"date":"2023-03-24T09:42:00","date_gmt":"2023-03-24T08:42:00","guid":{"rendered":"https:\/\/guichet-online.com\/?page_id=29508"},"modified":"2024-02-03T09:05:09","modified_gmt":"2024-02-03T08:05:09","slug":"oea-algerie","status":"publish","type":"page","link":"https:\/\/www.guichet-online.com\/?page_id=29508","title":{"rendered":"OEA ALGERIE"},"content":{"rendered":"<p>[et_pb_section fb_built=\u00a0\u00bb1&Prime; _builder_version=\u00a0\u00bb4.17.6&Prime; _module_preset=\u00a0\u00bbdefault\u00a0\u00bb global_colors_info=\u00a0\u00bb{}\u00a0\u00bb][et_pb_row _builder_version=\u00a0\u00bb4.17.6&Prime; _module_preset=\u00a0\u00bbdefault\u00a0\u00bb global_colors_info=\u00a0\u00bb{}\u00a0\u00bb][et_pb_column type=\u00a0\u00bb4_4&Prime; _builder_version=\u00a0\u00bb4.17.6&Prime; _module_preset=\u00a0\u00bbdefault\u00a0\u00bb global_colors_info=\u00a0\u00bb{}\u00a0\u00bb][et_pb_accordion _builder_version=\u00a0\u00bb4.17.6&Prime; _module_preset=\u00a0\u00bbdefault\u00a0\u00bb toggle_text_align=\u00a0\u00bbcenter\u00a0\u00bb toggle_font_size=\u00a0\u00bb44px\u00a0\u00bb body_text_align=\u00a0\u00bbcenter\u00a0\u00bb body_line_height=\u00a0\u00bb2em\u00a0\u00bb min_height=\u00a0\u00bb683.3px\u00a0\u00bb global_colors_info=\u00a0\u00bb{}\u00a0\u00bb][et_pb_accordion_item title=\u00a0\u00bbLes acteurs de la chaine logistique en Alg\u00e9rie\u00a0\u00bb open=\u00a0\u00bbon\u00a0\u00bb open_toggle_text_color=\u00a0\u00bb#E02B20&Prime; _builder_version=\u00a0\u00bb4.17.6&Prime; _module_preset=\u00a0\u00bbdefault\u00a0\u00bb body_line_height=\u00a0\u00bb1.5em\u00a0\u00bb global_colors_info=\u00a0\u00bb{}\u00a0\u00bb toggle_text_color=\u00a0\u00bb#E02B20&Prime; toggle_font=\u00a0\u00bb|700|||||||\u00a0\u00bb toggle_font_size=\u00a0\u00bb28px\u00a0\u00bb]<\/p>\n<p><img loading=\"lazy\" decoding=\"async\" src=\"https:\/\/guichet-online.com\/wp-content\/uploads\/2022\/08\/Logo-OEA.jpg\" alt=\"\" class=\"wp-image-28859 alignnone size-full\" width=\"290\" height=\"195\" \/>\u00a0 \u00a0 \u00a0 \u00a0 \u00a0 <img loading=\"lazy\" decoding=\"async\" src=\"https:\/\/guichet-online.com\/wp-content\/uploads\/2023\/03\/douane-algerie-logo-2CAE1A37AA-seeklogo.com_-300x300.png\" width=\"204\" height=\"204\" alt=\"\" class=\"wp-image-29510 alignnone size-medium\" srcset=\"https:\/\/www.guichet-online.com\/wp-content\/uploads\/2023\/03\/douane-algerie-logo-2CAE1A37AA-seeklogo.com_.png 300w, https:\/\/www.guichet-online.com\/wp-content\/uploads\/2023\/03\/douane-algerie-logo-2CAE1A37AA-seeklogo.com_-100x100.png 100w, https:\/\/www.guichet-online.com\/wp-content\/uploads\/2023\/03\/douane-algerie-logo-2CAE1A37AA-seeklogo.com_-150x150.png 150w\" sizes=\"(max-width: 204px) 100vw, 204px\" \/><\/p>\n<p><strong><span style=\"color: #ff0000;\">Bienvenue sur la page qui vous pr\u00e9sente les diff\u00e9rentes parties prenantes qui sont \u00e0 votre disposition en Alg\u00e9rie dans le cadre de vos activit\u00e9s d\u00e9di\u00e9es \u00e0 vos activit\u00e9s en qualit\u00e9 d&rsquo;OEA.<br \/><\/span><\/strong><\/p>\n<ul>\n<li style=\"text-align: left;\">Les prestataires qui sont pr\u00e9sent\u00e9es sur cet espace ont \u00e9t\u00e9 reconnus, \u00e0 travers l&rsquo;organisation qu&rsquo;ils ont mise en place, comme une partie intervenant dans le mouvement international des marchandises \u00e0 quelque titre que ce soit et qui ont \u00e9t\u00e9 reconnus par ou au nom de l&rsquo;administration nationale des douanes de leur pays.<\/li>\n<li style=\"text-align: left;\">Ces prestataires se sont engag\u00e9s \u00e0 respecter les normes de l&rsquo;OMD ou des normes \u00e9quivalentes en mati\u00e8re de s\u00e9curit\u00e9 de la chaine logistique du cadre SAFE<\/li>\n<\/ul>\n<p style=\"text-align: left;\">\n<p>[\/et_pb_accordion_item][\/et_pb_accordion][et_pb_tabs _builder_version=\u00a0\u00bb4.17.6&Prime; _module_preset=\u00a0\u00bbdefault\u00a0\u00bb global_colors_info=\u00a0\u00bb{}\u00a0\u00bb][et_pb_tab title=\u00a0\u00bbGroupe Serport\u00a0\u00bb _builder_version=\u00a0\u00bb4.17.6&Prime; _module_preset=\u00a0\u00bbdefault\u00a0\u00bb global_colors_info=\u00a0\u00bb{}\u00a0\u00bb]<\/p>\n<h1><img loading=\"lazy\" decoding=\"async\" src=\"https:\/\/guichet-online.com\/wp-content\/uploads\/2023\/03\/Logo-Serport.png\" width=\"281\" height=\"180\" alt=\"\" class=\"wp-image-29513 alignnone size-full\" \/><\/h1>\n<h2>Pr\u00e9sentation<\/h2>\n<p><span>Le Groupe SERPORT a \u00e9t\u00e9 cr\u00e9\u00e9 suite \u00e0 la transformation des Soci\u00e9t\u00e9s de gestion des participations d\u2019Etat (SGP) en groupe \u00e9conomique. <\/span><\/p>\n<p><span>Ce dernier a notamment pour objectif d\u2019assurer l\u2019animation, le d\u00e9veloppement et la synergie entre les filiales. <\/span><\/p>\n<p><span>Le portefeuille du Groupe est compos\u00e9 de dix entreprises portuaires charg\u00e9es de l\u2019exploitation des ports. <\/span><\/p>\n<p><strong>Ces derni\u00e8res assurent plusieurs activit\u00e9s \u00e0 savoir : la manutention, l\u2019acconage et le remorquage.<\/strong><\/p>\n<p><strong><\/strong><\/p>\n<p><a href=\"https:\/\/www.portdebejaia.dz\/en\/home\/\"><img loading=\"lazy\" decoding=\"async\" src=\"https:\/\/guichet-online.com\/wp-content\/uploads\/2023\/03\/Logo-epb-218x300.png\" width=\"110\" height=\"151\" alt=\"\" class=\"wp-image-29514 alignnone size-medium\" srcset=\"https:\/\/www.guichet-online.com\/wp-content\/uploads\/2023\/03\/Logo-epb-218x300.png 218w, https:\/\/www.guichet-online.com\/wp-content\/uploads\/2023\/03\/Logo-epb.png 400w\" sizes=\"(max-width: 110px) 100vw, 110px\" \/><\/a>\u00a0 \u00a0 \u00a0 \u00a0 <a href=\"https:\/\/www.arzewports.dz\/\"><img loading=\"lazy\" decoding=\"async\" src=\"https:\/\/guichet-online.com\/wp-content\/uploads\/2023\/03\/logo_EPA.png\" width=\"121\" height=\"151\" alt=\"\" class=\"wp-image-29516 alignnone size-full\" \/><\/a> <a href=\"https:\/\/www.portdeghazaouet.com\/\"><img loading=\"lazy\" decoding=\"async\" src=\"https:\/\/guichet-online.com\/wp-content\/uploads\/2023\/03\/Logo-Ghazaouet.jpg\" width=\"138\" height=\"155\" alt=\"\" class=\"wp-image-29517 alignnone size-full\" \/><\/a><a href=\"https:\/\/port-mostaganem.com.dz\/\"><img loading=\"lazy\" decoding=\"async\" src=\"https:\/\/guichet-online.com\/wp-content\/uploads\/2023\/03\/logo-Nostaghanem-1.jpg\" width=\"170\" height=\"170\" alt=\"\" class=\"wp-image-29520 alignnone size-full\" srcset=\"https:\/\/www.guichet-online.com\/wp-content\/uploads\/2023\/03\/logo-Nostaghanem-1.jpg 195w, https:\/\/www.guichet-online.com\/wp-content\/uploads\/2023\/03\/logo-Nostaghanem-1-100x100.jpg 100w, https:\/\/www.guichet-online.com\/wp-content\/uploads\/2023\/03\/logo-Nostaghanem-1-150x150.jpg 150w\" sizes=\"(max-width: 170px) 100vw, 170px\" \/><\/a> <a href=\"https:\/\/djendjen-port.dz\/\"><img loading=\"lazy\" decoding=\"async\" src=\"https:\/\/guichet-online.com\/wp-content\/uploads\/2023\/03\/Logo-DjenDjen.jpg\" width=\"287\" height=\"167\" alt=\"\" class=\"wp-image-29521 alignnone size-full\" \/><\/a> <a href=\"https:\/\/skikda-port.com\/\"><img loading=\"lazy\" decoding=\"async\" src=\"https:\/\/guichet-online.com\/wp-content\/uploads\/2023\/03\/Logo-Skikda.png\" width=\"129\" height=\"161\" alt=\"\" class=\"wp-image-29522 alignnone size-full\" \/><\/a> <a href=\"https:\/\/www.annaba-port.com\/\"><img loading=\"lazy\" decoding=\"async\" src=\"https:\/\/guichet-online.com\/wp-content\/uploads\/2023\/03\/Logo-Annaba.png\" width=\"152\" height=\"163\" alt=\"\" class=\"wp-image-29523 alignnone size-full\" \/><\/a><a href=\"http:\/\/www.port-oran.dz\/\"><img loading=\"lazy\" decoding=\"async\" src=\"https:\/\/guichet-online.com\/wp-content\/uploads\/2023\/03\/Logo-Oran.png\" width=\"265\" height=\"162\" alt=\"\" class=\"wp-image-29524 alignnone size-full\" \/><\/a><\/p>\n<p><a href=\"https:\/\/www.portdetenes.dz\/\"><img loading=\"lazy\" decoding=\"async\" src=\"https:\/\/guichet-online.com\/wp-content\/uploads\/2023\/03\/Logo-Tenes.png\" width=\"130\" height=\"130\" alt=\"\" class=\"wp-image-29525 alignnone size-full\" srcset=\"https:\/\/www.guichet-online.com\/wp-content\/uploads\/2023\/03\/Logo-Tenes.png 225w, https:\/\/www.guichet-online.com\/wp-content\/uploads\/2023\/03\/Logo-Tenes-100x100.png 100w, https:\/\/www.guichet-online.com\/wp-content\/uploads\/2023\/03\/Logo-Tenes-150x150.png 150w\" sizes=\"(max-width: 130px) 100vw, 130px\" \/><\/a> <a href=\"https:\/\/www.sgpp.dz\/\"><img loading=\"lazy\" decoding=\"async\" src=\"https:\/\/guichet-online.com\/wp-content\/uploads\/2023\/03\/Logo-SGGP-300x72.png\" width=\"208\" height=\"50\" alt=\"\" class=\"wp-image-29527 alignnone size-medium\" srcset=\"https:\/\/www.guichet-online.com\/wp-content\/uploads\/2023\/03\/Logo-SGGP-300x72.png 300w, https:\/\/www.guichet-online.com\/wp-content\/uploads\/2023\/03\/Logo-SGGP.png 459w\" sizes=\"(max-width: 208px) 100vw, 208px\" \/><\/a> <a href=\"https:\/\/www.portalger.com.dz\/\"><img loading=\"lazy\" decoding=\"async\" src=\"https:\/\/guichet-online.com\/wp-content\/uploads\/2023\/03\/Logo-port-Alger.jpg\" width=\"175\" height=\"128\" alt=\"\" class=\"wp-image-29528 alignnone size-full\" \/><\/a><\/p>\n<p>[\/et_pb_tab][et_pb_tab title=\u00a0\u00bbA.M.S. Algerian Maritime Services\u00a0\u00bb _builder_version=\u00a0\u00bb4.17.6&Prime; _module_preset=\u00a0\u00bbdefault\u00a0\u00bb body_text_color=\u00a0\u00bb#000000&Prime; body_font_size=\u00a0\u00bb16px\u00a0\u00bb global_colors_info=\u00a0\u00bb{}\u00a0\u00bb]<\/p>\n<p><img loading=\"lazy\" decoding=\"async\" src=\"https:\/\/guichet-online.com\/wp-content\/uploads\/2023\/03\/Logo-AMS.gif\" width=\"209\" height=\"203\" alt=\"\" class=\"wp-image-29538 alignnone size-full\" \/><\/p>\n<h2 style=\"font-weight: 600;\">Pr\u00e9sentation<\/h2>\n<p>&nbsp;<\/p>\n<div class=\"left_content\">\n<p>En 1995 la\u00a0 Soci\u00e9t\u00e9<span>\u00a0<\/span><strong>\u00ab\u00a0ALGERIAN\u00a0 MARITIME SERVICES \u00ab\u00a0,\u00a0 AMS<\/strong><span>\u00a0<\/span>Sarl a \u00e9t\u00e9 cr\u00e9\u00e9e, et \u00a0s&rsquo;est engag\u00e9e dans une activit\u00e9 de repr\u00e9sentation\u00a0 de Compagnies de Transport Maritime.<\/p>\n<p>En Juin 1997 elle s&rsquo;est vue attribu\u00e9 le statut d\u2019Agent Consignataire et de Courtier Maritime.<\/p>\n<p>La d\u00e9monopolisation totale de ce secteur \u00e9conomique, intervenue en 2002, a permis \u00e0<span>\u00a0<\/span><strong>AMS<\/strong><span>\u00a0<\/span>d\u2019\u00e9largir son champ d\u2019activit\u00e9 aux navires transportant des produits hydrocarbure et d\u00e9riv\u00e9s ainsi qu\u2019au vracs liquide chimiques divers.<\/p>\n<p>Compte tenu de ses activit\u00e9s et pour satisfaire aux exigences de ses clients, aux exigences r\u00e9glementaires et l\u00e9gales et aux exigences de ses actionnariats,\u00a0<strong>AMS<\/strong><span>\u00a0<\/span>a choisi \u00a0d\u2019axer sa politique qualit\u00e9 sur le d\u00e9veloppement d\u2019un syst\u00e8me de management de la qualit\u00e9, sur sa mise en \u0153uvre et sur l\u2019am\u00e9lioration continue de son efficacit\u00e9.<\/p>\n<\/div>\n<div class=\"right_content\">\n<div class=\"title\"><\/div>\n<div class=\"left_content\">\n<p>Sa position dans le domaine de la consignation et courtage maritime sur le territoire alg\u00e9rien, est le fruit de grands investissements effectu\u00e9s par<span>\u00a0<\/span><strong>AMS<\/strong>, dans la formation de son personnel et\u00a0 dans la\u00a0 modernisation continue des syst\u00e8mes informatiques.<\/p>\n<p>Implant\u00e9 par son r\u00e9seau d\u2019Agence \u00e0 travers le territoire national et avec le soutien de ces Principaux Armateurs,<span>\u00a0<\/span><strong>AMS<\/strong><span>\u00a0<\/span>assure une couverture mondiale sur les trafics \u00e0 destination de l\u2019Alg\u00e9rie et du Maghreb.<\/p>\n<p>A travers des ann\u00e9es,<span>\u00a0<\/span><strong>AMS<\/strong><span>\u00a0<\/span>a d\u00e9velopp\u00e9 une \u00ab\u00a0corporate responsibility\u00a0\u00bb exceptionnelle et soutient ainsi \u00a0financi\u00e8rement plusieurs associations,\u00a0 \u00e0 l\u2019exemple du club amateur HDM \u2013 Hussein Dey Marines, un gestion. club de Basketball au riche palmar\u00e9s\u00a0 avec l\u2019implication indirecte de ses collaborateurs dans sa<\/p>\n<\/div>\n<\/div>\n<p style=\"box-sizing: inherit; margin: 0px 0px 30px; padding: 0px; text-align: justify; color: #000000; font-family: 'Source Sans Pro', sans-serif; font-size: 22px; font-style: normal; font-variant-ligatures: normal; font-variant-caps: normal; font-weight: 400; letter-spacing: normal; orphans: 2; text-indent: 0px; text-transform: none; white-space: normal; widows: 2; word-spacing: 0px; -webkit-text-stroke-width: 0px; background-color: #ffffff; text-decoration-thickness: initial; text-decoration-style: initial; text-decoration-color: initial;\">[\/et_pb_tab][et_pb_tab title=\u00a0\u00bbGreen Alg\u00e9rie\u00a0\u00bb _builder_version=\u00a0\u00bb4.17.6&Prime; _module_preset=\u00a0\u00bbdefault\u00a0\u00bb body_text_color=\u00a0\u00bb#000000&Prime; global_colors_info=\u00a0\u00bb{}\u00a0\u00bb]<\/p>\n<p><img loading=\"lazy\" decoding=\"async\" src=\"https:\/\/guichet-online.com\/wp-content\/uploads\/2023\/03\/logo-Green-Algerie-300x83.png\" width=\"300\" height=\"83\" alt=\"\" class=\"wp-image-29541 alignnone size-medium\" \/><\/p>\n<p class=\"ql-align-justify\"><span>Nous sommes le repr\u00e9sentant exclusif de l\u2019armateur\u00a0<\/span><em>Evergreen Line<\/em><span>\u00a0en Alg\u00e9rie, nous activons dans le domaine de la consignation maritime depuis 2013. La satisfaction de nos clients ainsi que le bien-\u00eatre de nos \u00e9quipes sont au c\u0153ur de nos pr\u00e9occupations.\u00a0<\/span><\/p>\n<p class=\"ql-align-justify\">Nous sommes anim\u00e9s par les valeurs suivantes :<\/p>\n<p class=\"ql-align-justify\"><strong>\u00catre un partenaire fiable<\/strong><\/p>\n<p class=\"ql-align-justify\"><span>&#8211; Nous op\u00e9rons nos propres navires de ligne r\u00e9guli\u00e8re<\/span><\/p>\n<p class=\"ql-align-justify\"><span>&#8211; Nous avons un r\u00e9seau de ports secs d\u00e9di\u00e9s en Alg\u00e9rie<\/span><\/p>\n<p class=\"ql-align-justify\"><span>&#8211; Nous nous appuyons sur un r\u00e9seau mondial d\u2019agents<\/span><\/p>\n<p class=\"ql-align-justify\"><strong>Former des professionnels<\/strong><\/p>\n<p class=\"ql-align-justify\"><span>&#8211; Une \u00e9quipe qualifi\u00e9e<\/span><\/p>\n<p class=\"ql-align-justify\"><span>&#8211; Connaissance approfondie du march\u00e9 local<\/span><\/p>\n<p class=\"ql-align-justify\"><span>&#8211; Maitrise des r\u00e8gles du commerce international<\/span><\/p>\n<p class=\"ql-align-justify\"><strong>Veiller \u00e0 la satisfaction de nos clients<\/strong><\/p>\n<p class=\"ql-align-justify\"><span>&#8211; Un accompagnement personnalis\u00e9<\/span><\/p>\n<p class=\"ql-align-justify\"><span>&#8211; Une \u00e9quipe r\u00e9active et toujours disponible<\/span><\/p>\n<p class=\"ql-align-justify\"><span>&#8211; Sens de l\u2019anticipation pour \u00e9viter les incidents\u00a0<\/span><\/p>\n<p>&nbsp;<\/p>\n<p>[\/et_pb_tab][et_pb_tab title=\u00a0\u00bbImportateurs \/ Exportateurs\u00a0\u00bb _builder_version=\u00a0\u00bb4.17.6&Prime; _module_preset=\u00a0\u00bbdefault\u00a0\u00bb tab_font=\u00a0\u00bb|700|||||||\u00a0\u00bb tab_text_color=\u00a0\u00bb#E02B20&Prime; global_colors_info=\u00a0\u00bb{}\u00a0\u00bb]<\/p>\n<p>A partir de cet espace vous aurez prochainement acc\u00e8s \u00e0 l&rsquo;espace r\u00e9serv\u00e9 aux entreprises qui ont \u00e9t\u00e9 accompagn\u00e9es au statut d&rsquo;OEA ou en cours d&rsquo;obtention de leur statut d&rsquo;OEA.<\/p>\n<p>[\/et_pb_tab][\/et_pb_tabs][et_pb_button button_url=\u00a0\u00bb@ET-DC@eyJkeW5hbWljIjp0cnVlLCJjb250ZW50IjoicG9zdF9saW5rX3VybF9wYWdlIiwic2V0dGluZ3MiOnsicG9zdF9pZCI6IjI4OTc5In19@\u00a0\u00bb button_text=\u00a0\u00bbAcc\u00e8s au guichet virtuel\u00a0\u00bb _builder_version=\u00a0\u00bb4.17.6&Prime; _dynamic_attributes=\u00a0\u00bbbutton_url\u00a0\u00bb _module_preset=\u00a0\u00bbdefault\u00a0\u00bb custom_button=\u00a0\u00bbon\u00a0\u00bb button_text_size=\u00a0\u00bb23px\u00a0\u00bb button_text_color=\u00a0\u00bb#FFFFFF\u00a0\u00bb button_bg_color=\u00a0\u00bb#E02B20&Prime; button_border_color=\u00a0\u00bb#E02B20&Prime; button_font=\u00a0\u00bb|700|||||||\u00a0\u00bb button_icon=\u00a0\u00bb&#x24;||divi||400&Prime; hover_enabled=\u00a0\u00bb0&Prime; global_colors_info=\u00a0\u00bb{}\u00a0\u00bb sticky_enabled=\u00a0\u00bb0&Prime;][\/et_pb_button][\/et_pb_column][\/et_pb_row][\/et_pb_section]<\/p>\n","protected":false},"excerpt":{"rendered":"<p>\u00a0 \u00a0 \u00a0 \u00a0 \u00a0 Bienvenue sur la page qui vous pr\u00e9sente les diff\u00e9rentes parties prenantes qui sont \u00e0 votre disposition en Alg\u00e9rie dans le cadre de vos activit\u00e9s d\u00e9di\u00e9es \u00e0 vos activit\u00e9s en qualit\u00e9 d&rsquo;OEA. Les prestataires qui sont pr\u00e9sent\u00e9es sur cet espace ont \u00e9t\u00e9 reconnus, \u00e0 travers l&rsquo;organisation qu&rsquo;ils ont mise en place, [&hellip;]<\/p>\n","protected":false},"author":1,"featured_media":0,"parent":0,"menu_order":0,"comment_status":"closed","ping_status":"closed","template":"","meta":{"_et_pb_use_builder":"on","_et_pb_old_content":"","_et_gb_content_width":"","footnotes":""},"class_list":["post-29508","page","type-page","status-publish","hentry"],"_links":{"self":[{"href":"https:\/\/www.guichet-online.com\/index.php?rest_route=\/wp\/v2\/pages\/29508","targetHints":{"allow":["GET"]}}],"collection":[{"href":"https:\/\/www.guichet-online.com\/index.php?rest_route=\/wp\/v2\/pages"}],"about":[{"href":"https:\/\/www.guichet-online.com\/index.php?rest_route=\/wp\/v2\/types\/page"}],"author":[{"embeddable":true,"href":"https:\/\/www.guichet-online.com\/index.php?rest_route=\/wp\/v2\/users\/1"}],"replies":[{"embeddable":true,"href":"https:\/\/www.guichet-online.com\/index.php?rest_route=%2Fwp%2Fv2%2Fcomments&post=29508"}],"version-history":[{"count":20,"href":"https:\/\/www.guichet-online.com\/index.php?rest_route=\/wp\/v2\/pages\/29508\/revisions"}],"predecessor-version":[{"id":30386,"href":"https:\/\/www.guichet-online.com\/index.php?rest_route=\/wp\/v2\/pages\/29508\/revisions\/30386"}],"wp:attachment":[{"href":"https:\/\/www.guichet-online.com\/index.php?rest_route=%2Fwp%2Fv2%2Fmedia&parent=29508"}],"curies":[{"name":"wp","href":"https:\/\/api.w.org\/{rel}","templated":true}]}}