{"id":30083,"date":"2024-01-25T18:30:22","date_gmt":"2024-01-25T17:30:22","guid":{"rendered":"https:\/\/guichet-online.com\/?page_id=30083"},"modified":"2024-02-01T11:21:54","modified_gmt":"2024-02-01T10:21:54","slug":"30083-2","status":"publish","type":"page","link":"https:\/\/www.guichet-online.com\/?page_id=30083","title":{"rendered":"QUESTIONNAIRE AUTO-EVALUATION"},"content":{"rendered":"\n[et_pb_section fb_built=\u00a0\u00bb1&Prime; _builder_version=\u00a0\u00bb4.17.6&Prime; _module_preset=\u00a0\u00bbdefault\u00a0\u00bb global_colors_info=\u00a0\u00bb{}\u00a0\u00bb][et_pb_row _builder_version=\u00a0\u00bb4.17.6&Prime; _module_preset=\u00a0\u00bbdefault\u00a0\u00bb global_colors_info=\u00a0\u00bb{}\u00a0\u00bb][et_pb_column type=\u00a0\u00bb4_4&Prime; _builder_version=\u00a0\u00bb4.17.6&Prime; _module_preset=\u00a0\u00bbdefault\u00a0\u00bb global_colors_info=\u00a0\u00bb{}\u00a0\u00bb][et_pb_text _builder_version=\u00a0\u00bb4.17.6&Prime; _module_preset=\u00a0\u00bbdefault\u00a0\u00bb text_font=\u00a0\u00bb|800|||||||\u00a0\u00bb text_text_color=\u00a0\u00bb#FF0000&Prime; text_font_size=\u00a0\u00bb25px\u00a0\u00bb global_colors_info=\u00a0\u00bb{}\u00a0\u00bb]<h1 style=\"text-align: center;\"><strong><span style=\"color: #ff0000;\">SAISIE DES INFORMATIONS DU QUESTIONNAIRE D&rsquo;AUTO-EVALUATION<\/span><\/strong><\/h1>[\/et_pb_text][et_pb_text _builder_version=\u00a0\u00bb4.17.6&Prime; _module_preset=\u00a0\u00bbdefault\u00a0\u00bb global_colors_info=\u00a0\u00bb{}\u00a0\u00bb]<p>Vous avez d\u00e9j\u00e0 compl\u00e9t\u00e9 votre formulaire de demande d&rsquo;acc\u00e8s \u00e0 la plateforme OEA de votre pays.<\/p>\n<p>Vous avez r\u00e9pondu au formulaire de demande d&rsquo;accompagnement au statut d&rsquo;OEA dont les informations ont \u00e9t\u00e9 valid\u00e9es et en cons\u00e9quence votre candidature a \u00e9t\u00e9 accept\u00e9e.<\/p>\n<p>Vous allez \u00eatre accompagn\u00e9 pour compl\u00e9ter le formulaire d&rsquo;auto-\u00e9valuation.<\/p>\n<p>Vous allez r\u00e9pondre point par point aux questions et vous allez pr\u00e9senter les documents qui vous sont demand\u00e9s, si ces documents sont d\u00e9j\u00e0 dans un format compatible (PDF, TIFF, JPEG, etc.) nous allons les s\u00e9lectionner. Si ils sont encore au format conventionnel &lsquo;Papier&rsquo; nous allons les prendre en charge \u00e0 travers le module GED qui est mis \u00e0 votre disposition \u00e0 partir de la plateforme de travail.<\/p>[\/et_pb_text][et_pb_text _builder_version=\u00a0\u00bb4.17.6&Prime; _module_preset=\u00a0\u00bbdefault\u00a0\u00bb text_line_height=\u00a0\u00bb1.5em\u00a0\u00bb custom_padding=\u00a0\u00bb1px|||||\u00a0\u00bb global_colors_info=\u00a0\u00bb{}\u00a0\u00bb]<h3 style=\"text-align: center;\"><span style=\"color: #ff0000;\"><strong><\/strong><\/span><\/h3>\n<h3 style=\"text-align: center;\"><span style=\"color: #ff0000;\"><strong>CETTE ETAPE EST<\/strong> <strong>CON\u00c7UE<\/strong> <strong>POUR<\/strong> <strong>AIDER<\/strong> <strong>LES<\/strong> <strong>AUDITEURS QUI ONT POUR OBJECTIF DE VOUS AGREER OEA <\/strong><strong>\u00c0<\/strong> <strong>EFFECTUER<\/strong> <strong>DES<\/strong> <strong>CONTR\u00d4LES <\/strong><\/span><span style=\"color: #ff0000;\"><strong>DE VALIDITE DES INFORMATIONS CONCERNANT VOTRE SOCIETE<\/strong>\u00a0<strong>:<\/strong><\/span><\/h3>\n<p><span style=\"color: #ff0000;\"><strong><\/strong><\/span><\/p>\n<p>L\u2019objectif de la validation est de d\u00e9terminer si un demandeur satisfait aux crit\u00e8res d\u2019OEA, en \u00e9valuant l\u2019efficacit\u00e9 des proc\u00e9dures et des mesures prises par l\u2019OE pour aborder les risques pertinents.<\/p>\n<p>La participation au programme d\u2019OEA est volontaire et permettra aux entit\u00e9s telles que les importateurs, les exportateurs, les agents en douane, les transitaires et les soci\u00e9t\u00e9s de transport de se porter candidats.<\/p>\n<p>Cette approche offre une certaine flexibilit\u00e9 puisqu\u2019elle permet de prendre en compte divers aspects<\/p>\n<p><strong>Parmi<\/strong> <strong>ceux-ci<\/strong> <strong>:<\/strong><\/p>\n<ul>\n<li>le r\u00f4le de l\u2019entit\u00e9 ;<\/li>\n<li>les op\u00e9rations de l\u2019entit\u00e9 ;<\/li>\n<li>les types de marchandises trait\u00e9es ;<\/li>\n<li>l\u2019emplacement des op\u00e9rations de l\u2019entit\u00e9 ;<\/li>\n<li>la taille de l\u2019entit\u00e9 ;<\/li>\n<li>le nombre de partenaires impliqu\u00e9s dans sa cha\u00eene logistique<\/li>\n<\/ul>\n<h3><strong>Cliquez sur le texte de l&rsquo;onglet appropri\u00e9 pour choisir la prestation.<\/strong><\/h3>\n<ul><\/ul>[\/et_pb_text][et_pb_tabs active_tab_background_color=\u00a0\u00bb#FF0000&Prime; inactive_tab_background_color=\u00a0\u00bbRGBA(255,255,255,0)\u00a0\u00bb active_tab_text_color=\u00a0\u00bb#FFFFFF\u00a0\u00bb _builder_version=\u00a0\u00bb4.17.6&Prime; _module_preset=\u00a0\u00bbdefault\u00a0\u00bb tab_text_color=\u00a0\u00bb#000000&Prime; tab_font=\u00a0\u00bb|700|||||||\u00a0\u00bb hover_enabled=\u00a0\u00bb0&Prime; global_colors_info=\u00a0\u00bb{}\u00a0\u00bb sticky_enabled=\u00a0\u00bb0&Prime;][et_pb_tab title=\u00a0\u00bbA. Preuve du respect des prescriptions douani\u00e8res\u00a0\u00bb _builder_version=\u00a0\u00bb4.17.6&Prime; _module_preset=\u00a0\u00bbdefault\u00a0\u00bb link_option_url_new_window=\u00a0\u00bbon\u00a0\u00bb global_colors_info=\u00a0\u00bb{}\u00a0\u00bb]<p>Ce crit\u00e8re exige que le demandeur d\u00e9montre un niveau satisfaisant de conformit\u00e9 avec la l\u00e9gislation nationale relative aux Douanes et dispose d\u2019un syst\u00e8me efficace pour l\u2019assurance qualit\u00e9 des d\u00e9clarations en douane. Les crit\u00e8res doivent \u00eatre satisfaits par le demandeur, ou par des personnes d\u00e9sign\u00e9es.<\/p>\n<h3><a href=\"https:\/\/guichet-online.com\/?product=point-a-preuve-du-respect-des-prescriptions-douanieres\"><span style=\"color: #ff0000;\"><strong>PLUS DE DETAILS<\/strong><\/span><\/a><\/h3>[\/et_pb_tab][et_pb_tab title=\u00a0\u00bbB. Syst\u00e8me satisfaisant de gestion des dossiers commerciaux\u00a0\u00bb _builder_version=\u00a0\u00bb4.17.6&Prime; _module_preset=\u00a0\u00bbdefault\u00a0\u00bb global_colors_info=\u00a0\u00bb{}\u00a0\u00bb]<p>Le demandeur doit disposer d\u2019un syst\u00e8me comptable qui soit compatible avec les principes comptables g\u00e9n\u00e9ralement admis appliqu\u00e9s dans le pays consid\u00e9r\u00e9.<\/p>\n<p>Le demandeur devrait \u00e9galement faciliter les contr\u00f4les douaniers par audit et conserver un historique des donn\u00e9es permettant de les retracer depuis leur entr\u00e9e dans le syst\u00e8me jusqu\u2019\u00e0 leur sortie.<\/p>\n<h3><a href=\"https:\/\/guichet-online.com\/?product=point-b-systeme-satisfaisant-de-gestion-des-dossiers-commerciaux\"><span style=\"color: #ff0000;\"><strong>PLUS DE DETAILS<\/strong><\/span><\/a><\/h3>[\/et_pb_tab][et_pb_tab title=\u00a0\u00bbC. Viabilit\u00e9 financi\u00e8re\u00a0\u00bb _builder_version=\u00a0\u00bb4.17.6&Prime; _module_preset=\u00a0\u00bbdefault\u00a0\u00bb global_colors_info=\u00a0\u00bb{}\u00a0\u00bb]<p><strong>\u00a0<\/strong><\/p>\n<p>La viabilit\u00e9 financi\u00e8re d\u00e9signe une bonne situation financi\u00e8re, suffisante pour permettre au demandeur de remplir ses engagements (c\u2019est-\u00e0-dire que l\u2019entit\u00e9 doit \u00eatre en mesure de payer toutes ses dettes au fur et \u00e0 mesure qu\u2019elles deviennent exigibles) compte tenu des caract\u00e9ristiques du type d\u2019activit\u00e9 commerciale et des conditions \u00e9conomiques actuelles.<\/p>\n<h3><a href=\"https:\/\/guichet-online.com\/?product=point-c-viabilite-financiere\"><span style=\"color: #ff0000;\"><strong>PLUS DE DETAILS<\/strong><\/span><\/a><\/h3>[\/et_pb_tab][et_pb_tab title=\u00a0\u00bbD. Consultation, coop\u00e9ration et communication\u00a0\u00bb _builder_version=\u00a0\u00bb4.17.6&Prime; _module_preset=\u00a0\u00bbdefault\u00a0\u00bb global_colors_info=\u00a0\u00bb{}\u00a0\u00bb]<p>Le partenariat douane-entreprises n\u00e9cessite de part et d\u2019autre l\u2019\u00e9tablissement de personnes de contact (PDC), assorti d\u2019un m\u00e9canisme qui engage les deux parties dans un \u00e9change r\u00e9ciproque ouvert et continu d\u2019informations, lorsque la loi le permet.<\/p>\n<h3><a href=\"https:\/\/guichet-online.com\/?product=point-d-consultation-cooperation-et-communication\"><span style=\"color: #ff0000;\"><strong>PLUS DE DETAILS<\/strong><\/span><\/a><\/h3>[\/et_pb_tab][et_pb_tab title=\u00a0\u00bbE. Education, formation et information\u00a0\u00bb _builder_version=\u00a0\u00bb4.17.6&Prime; _module_preset=\u00a0\u00bbdefault\u00a0\u00bb global_colors_info=\u00a0\u00bb{}\u00a0\u00bb]<p>Le demandeur est tenu de mettre en place des m\u00e9canismes d\u2019\u00e9ducation et de formation du personnel concernant les politiques de s\u00e9curit\u00e9 et la reconnaissance des \u00e9carts par rap- port \u00e0 ces politiques. Les mesures qui doivent \u00eatre prises en r\u00e9ponse aux d\u00e9faillances en mati\u00e8re de s\u00e9curit\u00e9 doivent \u00eatre clairement comprises. Une formation pertinente peut porter sur les mesures, les proc\u00e9dures et les politiques de s\u00e9curit\u00e9 mises en place par le demandeur pour garantir l\u2019int\u00e9grit\u00e9 de la cha\u00eene logistique internationale.<\/p>\n<h3><a href=\"https:\/\/guichet-online.com\/?product=point-e-education-formation-et-information-sur-la-menace\"><span style=\"color: #ff0000;\"><strong>PLUS DE DETAILS<\/strong><\/span><\/a><\/h3>[\/et_pb_tab][et_pb_tab title=\u00a0\u00bbF. Echange de renseignements, acc\u00e8s et confidentialit\u00e9\u00a0\u00bb _builder_version=\u00a0\u00bb4.17.6&Prime; _module_preset=\u00a0\u00bbdefault\u00a0\u00bb global_colors_info=\u00a0\u00bb{}\u00a0\u00bb]<p>Le demandeur est tenu de disposer de proc\u00e9dures satisfai- santes pour l\u2019archivage des registres et des informations sen- sibles, assorties d\u2019une protection contre la perte de ces infor- mations. Il doit \u00e9galement avoir mis en \u0153uvre des mesures de s\u00e9curit\u00e9 appropri\u00e9es de protection du syst\u00e8me informatique contre toute intrusion et de s\u00e9curisation de sa documentation.<\/p>\n<h3><a href=\"https:\/\/guichet-online.com\/?product=point-f-echnage-de-renseignements-acces-et-confidentialite\"><span style=\"color: #ff0000;\"><strong>PLUS DE DETAILS<\/strong><\/span><\/a><\/h3>\n<p>&nbsp;<\/p>[\/et_pb_tab][et_pb_tab title=\u00a0\u00bbG. S\u00e9curit\u00e9 du fret\u00a0\u00bb _builder_version=\u00a0\u00bb4.17.6&Prime; _module_preset=\u00a0\u00bbdefault\u00a0\u00bb global_colors_info=\u00a0\u00bb{}\u00a0\u00bb]<p>Des mesures de s\u00e9curit\u00e9 doivent \u00eatre instaur\u00e9es afin de garantir l\u2019int\u00e9grit\u00e9 du fret et de pr\u00e9venir toute pratique irr\u00e9guli\u00e8re concernant le flux de marchandises (transport, manutention et stockage du fret) dans la cha\u00eene logistique internationale.<\/p>\n<h3><a href=\"https:\/\/guichet-online.com\/?product=point-g-securite-du-fret\"><span style=\"color: #ff0000;\"><strong>PLUS DE DETAILS<\/strong><\/span><\/a><\/h3>\n<p>&nbsp;<\/p>[\/et_pb_tab][et_pb_tab title=\u00a0\u00bbH. S\u00e9curit\u00e9 des moyens de transport\u00a0\u00bb _builder_version=\u00a0\u00bb4.17.6&Prime; _module_preset=\u00a0\u00bbdefault\u00a0\u00bb global_colors_info=\u00a0\u00bb{}\u00a0\u00bb]<p>Des mesures document\u00e9es doivent \u00eatre mises en place pour garantir l\u2019int\u00e9grit\u00e9 des marchandises pendant leur transport (transport, manutention et stockage des marchandises) dans la cha\u00eene logistique internationale.<\/p>\n<h3><a href=\"https:\/\/guichet-online.com\/?product=point-h-securite-des-moyens-de-transport\"><span style=\"color: #ff0000;\"><strong>PLUS DE DETAILS<\/strong><\/span><\/a><\/h3>[\/et_pb_tab][et_pb_tab title=\u00a0\u00bbI. S\u00e9curit\u00e9 des installations\u00a0\u00bb _builder_version=\u00a0\u00bb4.17.6&Prime; _module_preset=\u00a0\u00bbdefault\u00a0\u00bb global_colors_info=\u00a0\u00bb{}\u00a0\u00bb]<p>Ce crit\u00e8re exige des candidats qu\u2019ils aient mis en place des mesures de s\u00e9curit\u00e9 physique, qui peuvent comprendre des cl\u00f4tures, des portails, de l\u2019\u00e9clairage, des syst\u00e8mes d\u2019alarme, des syst\u00e8mes de vid\u00e9osurveillance, des dispositifs de verrouil- lage, la structure des b\u00e2timents sur les lieux, des proc\u00e9dures de stationnement, etc.<\/p>\n<h3><a href=\"https:\/\/guichet-online.com\/?product=point-i-securite-des-installations\"><span style=\"color: #ff0000;\"><strong>PLUS DE DETAILS<\/strong><\/span><\/a><\/h3>[\/et_pb_tab][et_pb_tab title=\u00a0\u00bbJ. S\u00e9curit\u00e9 relative au personnel\u00a0\u00bb _builder_version=\u00a0\u00bb4.17.6&Prime; _module_preset=\u00a0\u00bbdefault\u00a0\u00bb global_colors_info=\u00a0\u00bb{}\u00a0\u00bb]<p>Ce crit\u00e8re exige que des pr\u00e9cautions raisonnables soient prises lors du recrutement du personnel pour v\u00e9rifier que les personnes n\u2019ont pas d\u00e9j\u00e0 \u00e9t\u00e9 condamn\u00e9es pour des infractions douani\u00e8res li\u00e9es \u00e0 la s\u00e9curit\u00e9 ou pour d\u2019autres infractions. Ces pr\u00e9cautions comprendront la v\u00e9rification des ant\u00e9c\u00e9dents des employ\u00e9s qui occupent des postes sensibles sur le plan de la s\u00e9curit\u00e9 (\u00e0 effectuer p\u00e9riodiquement ou au fur et \u00e0 mesure des besoins). Des mesures suppl\u00e9mentaires consisteront en des proc\u00e9dures visant \u00e0 supprimer l\u2019identification des employ\u00e9s dont le contrat de travail a \u00e9t\u00e9 r\u00e9sili\u00e9 et leur acc\u00e8s aux locaux ou aux syst\u00e8mes d\u2019information.<\/p>\n<h3><a href=\"https:\/\/guichet-online.com\/?product=point-j-securite-relative-au-personnel\"><span style=\"color: #ff0000;\"><strong>PLUS DE DETAILS<\/strong><\/span><\/a><\/h3>[\/et_pb_tab][et_pb_tab title=\u00a0\u00bbK. S\u00e9curit\u00e9 li\u00e9e aux partenaires commerciaux\u00a0\u00bb _builder_version=\u00a0\u00bb4.17.6&Prime; _module_preset=\u00a0\u00bbdefault\u00a0\u00bb global_colors_info=\u00a0\u00bb{}\u00a0\u00bb]<p>L\u2019obligation de satisfaire aux crit\u00e8res de qualification doit tenir compte de la diversit\u00e9 des mod\u00e8les d\u2019entreprise et des r\u00f4les dans la cha\u00eene logistique internationale. Ce crit\u00e8re inclura les mod\u00e8les d\u2019entreprise dans lesquels des partenaires commerciaux et des tiers peuvent \u00eatre engag\u00e9s pour entreprendre une activit\u00e9 qui fait partie de la cha\u00eene logistique internationale de l\u2019entit\u00e9.<\/p>\n<h3><a href=\"https:\/\/guichet-online.com\/?product=point-k-securite-liee-aux-partenaires\"><span style=\"color: #ff0000;\"><strong>PLUS DE DETAILS<\/strong><\/span><\/a><\/h3>[\/et_pb_tab][et_pb_tab title=\u00a0\u00bbL. Gestion des crises et reprise des activit\u00e9s apr\u00e8s un incident\u00a0\u00bb _builder_version=\u00a0\u00bb4.17.6&Prime; _module_preset=\u00a0\u00bbdefault\u00a0\u00bb hover_enabled=\u00a0\u00bb0&Prime; global_colors_info=\u00a0\u00bb{}\u00a0\u00bb sticky_enabled=\u00a0\u00bb0&Prime;]<p>Le statut d\u2019OEA a un r\u00f4le capital \u00e0 jouer dans la gestion et la r\u00e9ponse efficaces des crises et la reprise des activit\u00e9s apr\u00e8s un incident, y compris en mati\u00e8re de plans de continuit\u00e9 des op\u00e9rations de la part des administrations des douanes et des entreprises.<\/p>\n<h3><a href=\"https:\/\/guichet-online.com\/?product=point-l-gestion-des-crises-et-reprise-des-activites-apres-un-incident\"><span style=\"color: #ff0000;\"><strong>PLUS DE DETAILS<\/strong><\/span><\/a><\/h3>[\/et_pb_tab][et_pb_tab title=\u00a0\u00bbM. Evaluation, analyses et am\u00e9liorations \u00e0 apporter\u00a0\u00bb _builder_version=\u00a0\u00bb4.17.6&Prime; _module_preset=\u00a0\u00bbdefault\u00a0\u00bb global_colors_info=\u00a0\u00bb{}\u00a0\u00bb]<p>Le demandeur est tenu d\u2019\u00e9tablir et de r\u00e9aliser des auto-\u00e9valuations r\u00e9guli\u00e8res de son syst\u00e8me de gestion de la s\u00e9curit\u00e9 et de documenter pleinement la proc\u00e9dure d\u2019auto-\u00e9valuation et les parties responsables.<\/p>\n<h3><a href=\"https:\/\/guichet-online.com\/?product=point-l-gestion-des-crises-et-reprise-des-activites-apres-un-incident-copie\"><span style=\"color: #ff0000;\"><strong>PLUS DE DETAILS<\/strong><\/span><\/a><\/h3>[\/et_pb_tab][\/et_pb_tabs][\/et_pb_column][\/et_pb_row][\/et_pb_section]\n","protected":false},"excerpt":{"rendered":"<p>SAISIE DES INFORMATIONS DU QUESTIONNAIRE D&rsquo;AUTO-EVALUATIONVous avez d\u00e9j\u00e0 compl\u00e9t\u00e9 votre formulaire de demande d&rsquo;acc\u00e8s \u00e0 la plateforme OEA de votre pays. Vous avez r\u00e9pondu au formulaire de demande d&rsquo;accompagnement au statut d&rsquo;OEA dont les informations ont \u00e9t\u00e9 valid\u00e9es et en cons\u00e9quence votre candidature a \u00e9t\u00e9 accept\u00e9e. Vous allez \u00eatre accompagn\u00e9 pour compl\u00e9ter le formulaire d&rsquo;auto-\u00e9valuation. [&hellip;]<\/p>\n","protected":false},"author":1,"featured_media":0,"parent":0,"menu_order":0,"comment_status":"closed","ping_status":"closed","template":"","meta":{"_et_pb_use_builder":"on","_et_pb_old_content":"","_et_gb_content_width":"","footnotes":""},"class_list":["post-30083","page","type-page","status-publish","hentry"],"_links":{"self":[{"href":"https:\/\/www.guichet-online.com\/index.php?rest_route=\/wp\/v2\/pages\/30083","targetHints":{"allow":["GET"]}}],"collection":[{"href":"https:\/\/www.guichet-online.com\/index.php?rest_route=\/wp\/v2\/pages"}],"about":[{"href":"https:\/\/www.guichet-online.com\/index.php?rest_route=\/wp\/v2\/types\/page"}],"author":[{"embeddable":true,"href":"https:\/\/www.guichet-online.com\/index.php?rest_route=\/wp\/v2\/users\/1"}],"replies":[{"embeddable":true,"href":"https:\/\/www.guichet-online.com\/index.php?rest_route=%2Fwp%2Fv2%2Fcomments&post=30083"}],"version-history":[{"count":31,"href":"https:\/\/www.guichet-online.com\/index.php?rest_route=\/wp\/v2\/pages\/30083\/revisions"}],"predecessor-version":[{"id":30330,"href":"https:\/\/www.guichet-online.com\/index.php?rest_route=\/wp\/v2\/pages\/30083\/revisions\/30330"}],"wp:attachment":[{"href":"https:\/\/www.guichet-online.com\/index.php?rest_route=%2Fwp%2Fv2%2Fmedia&parent=30083"}],"curies":[{"name":"wp","href":"https:\/\/api.w.org\/{rel}","templated":true}]}}