{"id":30550,"date":"2024-02-10T09:42:44","date_gmt":"2024-02-10T08:42:44","guid":{"rendered":"https:\/\/guichet-online.com\/?page_id=30550"},"modified":"2024-02-12T09:05:10","modified_gmt":"2024-02-12T08:05:10","slug":"voir-la-commande","status":"publish","type":"page","link":"https:\/\/www.guichet-online.com\/?page_id=30550","title":{"rendered":"VOIR LA COMMANDE"},"content":{"rendered":"\n[et_pb_section fb_built=\u00a0\u00bb1&Prime; _builder_version=\u00a0\u00bb4.17.6&Prime; _module_preset=\u00a0\u00bbdefault\u00a0\u00bb global_colors_info=\u00a0\u00bb{}\u00a0\u00bb][et_pb_row _builder_version=\u00a0\u00bb4.17.6&Prime; _module_preset=\u00a0\u00bbdefault\u00a0\u00bb global_colors_info=\u00a0\u00bb{}\u00a0\u00bb][et_pb_column type=\u00a0\u00bb4_4&Prime; _builder_version=\u00a0\u00bb4.17.6&Prime; _module_preset=\u00a0\u00bbdefault\u00a0\u00bb global_colors_info=\u00a0\u00bb{}\u00a0\u00bb][et_pb_text _builder_version=\u00a0\u00bb4.17.6&Prime; _module_preset=\u00a0\u00bbdefault\u00a0\u00bb custom_padding=\u00a0\u00bb||0px|||\u00a0\u00bb global_colors_info=\u00a0\u00bb{}\u00a0\u00bb]<h1><span style=\"color: #ff0000;\"><strong>ETAT DE VOTRE COMMANDE<\/strong><\/span><\/h1>\n<p><span style=\"color: #ff0000;\"><strong><\/strong><\/span><\/p>\n<p><span style=\"color: #000000;\">Voici la liste des prestations que vous avez choisies, vous pouvez la compl\u00e9ter d<span style=\"color: #ff0000;\"><span style=\"color: #000000;\">e m\u00eame que vous pouvez intervenir sur votre premi\u00e8re s\u00e9lection en annullant ou en corrigeant la colonne quantit\u00e9 si vous avez s\u00e9lectionn\u00e9 plusieurs fois la m\u00eame prestation par erreur.<\/span><\/span><\/span><\/p>\n<p><span style=\"color: #000000;\"><span style=\"color: #ff0000;\"><span style=\"color: #000000;\"><\/span><\/span><\/span><\/p>[\/et_pb_text][et_pb_wc_cart_products show_coupon_code=\u00a0\u00bboff\u00a0\u00bb _builder_version=\u00a0\u00bb4.17.6&Prime; _module_preset=\u00a0\u00bbdefault\u00a0\u00bb global_colors_info=\u00a0\u00bb{}\u00a0\u00bb][\/et_pb_wc_cart_products][et_pb_wc_cart_totals _builder_version=\u00a0\u00bb4.17.6&Prime; _module_preset=\u00a0\u00bbdefault\u00a0\u00bb title_font=\u00a0\u00bb|700|||||||\u00a0\u00bb title_text_color=\u00a0\u00bb#FF0000&Prime; title_font_size=\u00a0\u00bb30px\u00a0\u00bb global_colors_info=\u00a0\u00bb{}\u00a0\u00bb][\/et_pb_wc_cart_totals][et_pb_text _builder_version=\u00a0\u00bb4.17.6&Prime; _module_preset=\u00a0\u00bbdefault\u00a0\u00bb hover_enabled=\u00a0\u00bb0&Prime; global_colors_info=\u00a0\u00bb{}\u00a0\u00bb sticky_enabled=\u00a0\u00bb0&Prime;]<p>Lorsque votre commande aura \u00e9t\u00e9 confirm\u00e9e et son paiement ex\u00e9cut\u00e9 nous allons prendre contact avec vous et, en fonction, de l&rsquo;avancement de votre d\u00e9marche vous allez receveoir par email l&rsquo;acc\u00e8s \u00e0 des formulaires ou des instructions correspondants.<\/p>[\/et_pb_text][et_pb_image src=\u00a0\u00bbhttps:\/\/guichet-online.com\/wp-content\/uploads\/2024\/01\/Image2.jpg\u00a0\u00bb _builder_version=\u00a0\u00bb4.17.6&Prime; _module_preset=\u00a0\u00bbdefault\u00a0\u00bb title_text=\u00a0\u00bbImage2&Prime; hover_enabled=\u00a0\u00bb0&Prime; sticky_enabled=\u00a0\u00bb0&Prime; align=\u00a0\u00bbcenter\u00a0\u00bb][\/et_pb_image][et_pb_text _builder_version=\u00a0\u00bb4.17.6&Prime; _module_preset=\u00a0\u00bbdefault\u00a0\u00bb hover_enabled=\u00a0\u00bb0&Prime; sticky_enabled=\u00a0\u00bb0&Prime;]<p>Il vous sera sans doute demand\u00e9 de joindre des documents aux r\u00e9ponses que vous aurez indiqu\u00e9es, si les docuemnts que vous devez pr\u00e9senter ne sont pas encore dans un format compatible nous allons vous aider \u00e0 les prendre en charge car un composant GED est \u00e0 votre disposition depuis votre espace de travail sur la plateforme que nous avons mise en service..<\/p>[\/et_pb_text][et_pb_image src=\u00a0\u00bbhttps:\/\/guichet-online.com\/wp-content\/uploads\/2024\/02\/Documents-scaled.jpg\u00a0\u00bb _builder_version=\u00a0\u00bb4.17.6&Prime; _module_preset=\u00a0\u00bbdefault\u00a0\u00bb title_text=\u00a0\u00bbDocuments\u00a0\u00bb hover_enabled=\u00a0\u00bb0&Prime; sticky_enabled=\u00a0\u00bb0&Prime;][\/et_pb_image][\/et_pb_column][\/et_pb_row][\/et_pb_section]\n","protected":false},"excerpt":{"rendered":"<p>ETAT DE VOTRE COMMANDE Voici la liste des prestations que vous avez choisies, vous pouvez la compl\u00e9ter de m\u00eame que vous pouvez intervenir sur votre premi\u00e8re s\u00e9lection en annullant ou en corrigeant la colonne quantit\u00e9 si vous avez s\u00e9lectionn\u00e9 plusieurs fois la m\u00eame prestation par erreur. Lorsque votre commande aura \u00e9t\u00e9 confirm\u00e9e et son paiement [&hellip;]<\/p>\n","protected":false},"author":1,"featured_media":0,"parent":0,"menu_order":0,"comment_status":"closed","ping_status":"closed","template":"","meta":{"_et_pb_use_builder":"on","_et_pb_old_content":"","_et_gb_content_width":"","footnotes":""},"class_list":["post-30550","page","type-page","status-publish","hentry"],"_links":{"self":[{"href":"https:\/\/www.guichet-online.com\/index.php?rest_route=\/wp\/v2\/pages\/30550","targetHints":{"allow":["GET"]}}],"collection":[{"href":"https:\/\/www.guichet-online.com\/index.php?rest_route=\/wp\/v2\/pages"}],"about":[{"href":"https:\/\/www.guichet-online.com\/index.php?rest_route=\/wp\/v2\/types\/page"}],"author":[{"embeddable":true,"href":"https:\/\/www.guichet-online.com\/index.php?rest_route=\/wp\/v2\/users\/1"}],"replies":[{"embeddable":true,"href":"https:\/\/www.guichet-online.com\/index.php?rest_route=%2Fwp%2Fv2%2Fcomments&post=30550"}],"version-history":[{"count":14,"href":"https:\/\/www.guichet-online.com\/index.php?rest_route=\/wp\/v2\/pages\/30550\/revisions"}],"predecessor-version":[{"id":224393,"href":"https:\/\/www.guichet-online.com\/index.php?rest_route=\/wp\/v2\/pages\/30550\/revisions\/224393"}],"wp:attachment":[{"href":"https:\/\/www.guichet-online.com\/index.php?rest_route=%2Fwp%2Fv2%2Fmedia&parent=30550"}],"curies":[{"name":"wp","href":"https:\/\/api.w.org\/{rel}","templated":true}]}}