{"id":36,"date":"2017-02-16T09:13:19","date_gmt":"2017-02-16T08:13:19","guid":{"rendered":"http:\/\/mxajfmgl.preview.infomaniak.website\/?page_id=36"},"modified":"2026-01-21T09:51:24","modified_gmt":"2026-01-21T08:51:24","slug":"home","status":"publish","type":"page","link":"https:\/\/www.guichet-online.com\/","title":{"rendered":"HOME"},"content":{"rendered":"\n[et_pb_section fb_built=\u00a0\u00bb1&Prime; disabled_on=\u00a0\u00bboff|off|off\u00a0\u00bb _builder_version=\u00a0\u00bb4.17.6&Prime; _module_preset=\u00a0\u00bbdefault\u00a0\u00bb global_colors_info=\u00a0\u00bb{}\u00a0\u00bb][et_pb_row _builder_version=\u00a0\u00bb4.17.6&Prime; _module_preset=\u00a0\u00bbdefault\u00a0\u00bb global_colors_info=\u00a0\u00bb{}\u00a0\u00bb][et_pb_column type=\u00a0\u00bb4_4&Prime; _builder_version=\u00a0\u00bb4.17.6&Prime; _module_preset=\u00a0\u00bbdefault\u00a0\u00bb global_colors_info=\u00a0\u00bb{}\u00a0\u00bb][et_pb_accordion _builder_version=\u00a0\u00bb4.27.4&Prime; _module_preset=\u00a0\u00bbdefault\u00a0\u00bb toggle_text_align=\u00a0\u00bbcenter\u00a0\u00bb toggle_font_size=\u00a0\u00bb42px\u00a0\u00bb body_text_align=\u00a0\u00bbcenter\u00a0\u00bb body_line_height=\u00a0\u00bb2em\u00a0\u00bb global_colors_info=\u00a0\u00bb{}\u00a0\u00bb][et_pb_accordion_item title=\u00a0\u00bbGuichet virtuel de la soci\u00e9t\u00e9 Cottagon Sustainable Systems AG\u00a0\u00bb open=\u00a0\u00bbon\u00a0\u00bb open_toggle_text_color=\u00a0\u00bb#E02B20&Prime; _builder_version=\u00a0\u00bb4.27.4&Prime; _module_preset=\u00a0\u00bbdefault\u00a0\u00bb body_line_height=\u00a0\u00bb1.5em\u00a0\u00bb text_orientation=\u00a0\u00bbcenter\u00a0\u00bb global_colors_info=\u00a0\u00bb{}\u00a0\u00bb toggle_text_color=\u00a0\u00bb#E02B20&Prime; toggle_font=\u00a0\u00bb|700|||||||\u00a0\u00bb toggle_text_align=\u00a0\u00bbcenter\u00a0\u00bb toggle_font_size=\u00a0\u00bb28px\u00a0\u00bb]<p><br \/><img loading=\"lazy\" decoding=\"async\" src=\"https:\/\/www.guichet-online.com\/wp-content\/uploads\/2026\/01\/Logto-cottagon-masoda-300x174.jpg\" width=\"300\" height=\"174\" alt=\"\" class=\"wp-image-224433 alignnone size-medium\" style=\"display: block; margin-left: auto; margin-right: auto;\" srcset=\"https:\/\/www.guichet-online.com\/wp-content\/uploads\/2026\/01\/Logto-cottagon-masoda-300x174.jpg 300w, https:\/\/www.guichet-online.com\/wp-content\/uploads\/2026\/01\/Logto-cottagon-masoda.jpg 368w\" sizes=\"(max-width: 300px) 100vw, 300px\" \/><\/p>\n<p><strong><span style=\"color: #ff0000;\">Dans le cadre des activit\u00e9s li\u00e9es \u00e0 la transformation num\u00e9rique et dans le domaine du n\u00e9goce international nous avons le plaisir de vous pr\u00e9senter une de nos plateformes de services d\u00e9velopp\u00e9e sous la marque MASODA.<\/span><\/strong><\/p>\n<p>&nbsp;<\/p>\n<p style=\"text-align: left;\">\u00a0 <img loading=\"lazy\" decoding=\"async\" src=\"https:\/\/www.guichet-online.com\/wp-content\/uploads\/2024\/01\/Logo-OEA.jpg\" width=\"151\" height=\"101\" alt=\"\" class=\"wp-image-29642 alignnone size-full\" \/>\u00a0 \u00a0 C<span style=\"color: #000000;\">ette plateforme permet de simplifier et acc\u00e9l\u00e9rer la mise en \u0153uvre du programme Op\u00e9rateur \u00c9conomique Agr\u00e9\u00e9 gr\u00e2ce \u00e0 son approche transversale centr\u00e9e sur les processus M\u00e9tiers de l\u2019entreprise et le respect des proc\u00e9dures de validation.<\/span><\/p>\n<p style=\"text-align: left;\">Elle permet de mettre en place un environnement de travail pour facilter la collecte de l&rsquo;information \u00e0 travers la mise en place d&rsquo;un guichet virtuel qui met \u00e0 disposition:<\/p>\n<ul>\n<li style=\"text-align: left;\">Les formulaires de demande d&rsquo;adh\u00e9sion,<\/li>\n<li style=\"text-align: left;\">Une assistance automatis\u00e9e pour r\u00e9pondre aux questionnaires d&rsquo;auto-\u00e9valuation \u00e0 travers la prise en charge des processus de collecte des donn\u00e9es,<\/li>\n<li style=\"text-align: left;\">La mise \u00e0 disposition d&rsquo;un environnement de gestion de l&rsquo;entreprise (Tableaux de bord, Analyse de risques, audit, etc.) \u00e0 travers une vue ISO de son fonctionnement.<\/li>\n<\/ul>\n<p style=\"text-align: left;\"><span style=\"color: #ff0000;\"><strong>L&rsquo;environnement qui est mis \u00e0 disposition a pour objectif de respecter le point 4 de la mise en eouvre du programme OEA qui est de mesurer la performance et le suivi du programme d&rsquo;OEA.<span style=\"color: #000000;\"><\/span><\/strong><\/span><strong><\/strong><strong><\/strong><strong><\/strong><\/p>\n<p style=\"text-align: left;\"><span style=\"color: #ff0000;\"><strong><img loading=\"lazy\" decoding=\"async\" src=\"https:\/\/www.guichet-online.com\/wp-content\/uploads\/2026\/01\/Logo-DGIA.jpg\" width=\"221\" height=\"135\" alt=\"\" class=\"wp-image-224435 alignnone size-full\" \/>\u00a0 Nous sommes cofondateur du label DGIA avec Afrique RSE et nous d\u00e9livrons une plateforme qui reprend et pr\u00e9sente toutes les \u00e9tapes de la d\u00e9marche RSE &#8211; ESG.<\/strong><\/span><\/p>\n<p style=\"text-align: left;\"><span style=\"color: #000000;\">Le label Doing Good in Africa valorise les entreprises africaines engag\u00e9es dans des d\u00e9marches RSE, volontaires ou r\u00e9glementaires qui r\u00e9pondent \u00e0 ceratzins niveaux d&rsquo;exigence:<\/span><\/p>\n<ul>\n<li style=\"text-align: left;\"><span style=\"color: #000000;\"><strong>Niveau 1 (initiation):<\/strong> formation aux principes de RSE int\u00e9gr\u00e9e<\/span><\/li>\n<li style=\"text-align: left;\"><span style=\"color: #000000;\"><strong>Niveau 2 (ma\u00eetrise):<\/strong> \u00e9valuation de la mise en place d&rsquo;une strat\u00e9gie de RSE int\u00e9gr\u00e9e, sur la base d&rsquo;une plateforme qui permet une auto-\u00e9valuation en ligne, la mod\u00e9lisation et l&rsquo;analyse de processus, la gestion de risques, l&rsquo;\u00e9valuation d&rsquo;impacts&#8230;.<\/span><\/li>\n<li style=\"text-align: left;\"><span style=\"color: #000000;\"><strong>Niveau 3 (Excellence):<\/strong> digitalisation de la d\u00e9marche de RSE int\u00e9gr\u00e9e et engagement dans des projets locaux \u00e0 impact.<\/span><span style=\"color: #000000;\"><\/span><\/li>\n<\/ul>[\/et_pb_accordion_item][\/et_pb_accordion][et_pb_text _builder_version=\u00a0\u00bb4.27.4&Prime; _module_preset=\u00a0\u00bbdefault\u00a0\u00bb custom_margin=\u00a0\u00bb|||30px|false|false\u00a0\u00bb global_colors_info=\u00a0\u00bb{}\u00a0\u00bb]<h1><strong><span style=\"color: #ff0000;\">DECOUVREZ NOTRE CATALOGUE DE PRESTATIONS\u00a0<\/span><\/strong><\/h1>[\/et_pb_text][et_pb_text _builder_version=\u00a0\u00bb4.17.6&Prime; _module_preset=\u00a0\u00bbdefault\u00a0\u00bb custom_padding=\u00a0\u00bb|||36px||\u00a0\u00bb global_colors_info=\u00a0\u00bb{}\u00a0\u00bb]<h2><strong>Pour en savoir plus sur l&rsquo;avancement du programme OEA pour chacun des pays\u00a0<\/strong><\/h2>[\/et_pb_text][et_pb_tabs _builder_version=\u00a0\u00bb4.17.6&Prime; _module_preset=\u00a0\u00bbdefault\u00a0\u00bb global_colors_info=\u00a0\u00bb{}\u00a0\u00bb][et_pb_tab title=\u00a0\u00bbCameroun\u00a0\u00bb _builder_version=\u00a0\u00bb4.17.6&Prime; _module_preset=\u00a0\u00bbdefault\u00a0\u00bb global_colors_info=\u00a0\u00bb{}\u00a0\u00bb]<ul>\n<li>Les prestataires qui sont pr\u00e9sent\u00e9s sur cet espace ont \u00e9t\u00e9 reconnus, \u00e0 travers l\u2019organisation qu\u2019ils ont mise en place, comme une partie intervenant dans le mouvement international des marchandises \u00e0 quelque titre que ce soit et qui ont \u00e9t\u00e9 reconnus par ou au nom de l\u2019administration nationale des douanes de leur pays.<\/li>\n<li>Ces prestataires se sont engag\u00e9s \u00e0 respecter les normes de l\u2019OMD ou des normes \u00e9quivalentes en mati\u00e8re de s\u00e9curit\u00e9 de la chaine logistique du cadre SAFE<\/li>\n<\/ul>\n<p>Chacune de ces soci\u00e9t\u00e9s vous pr\u00e9sente l\u2019organisation qui a \u00e9t\u00e9 mise en place pour vous garantir une r\u00e9ponse \u00e0 vos demandes dans le respect des obligations qu\u2019elles doivent respecter du fait de l\u2019organisation ISO qu\u2019ils ont mis en place.<\/p>\n<p>&nbsp;<\/p>\n<h3><a href=\"https:\/\/guichet-online.com\/?page_id=29212\"><span style=\"color: #ff0000;\"><strong>ALLER A LA PAGE<\/strong><\/span><\/a><\/h3>[\/et_pb_tab][et_pb_tab title=\u00a0\u00bbMaroc\u00a0\u00bb _builder_version=\u00a0\u00bb4.17.6&Prime; _module_preset=\u00a0\u00bbdefault\u00a0\u00bb global_colors_info=\u00a0\u00bb{}\u00a0\u00bb]<ul>\n<li>Les prestataires qui sont pr\u00e9sent\u00e9es sur cet espace ont \u00e9t\u00e9 reconnus, \u00e0 travers l\u2019organisation qu\u2019ils ont mise en place, comme une partie intervenant dans le mouvement international des marchandises \u00e0 quelque titre que ce soit et qui ont \u00e9t\u00e9 reconnus par ou au nom de l\u2019administration nationale des douanes de leur pays.<\/li>\n<li>Ces prestataires se sont engag\u00e9s \u00e0 respecter les normes de l\u2019OMD ou des normes \u00e9quivalentes en mati\u00e8re de s\u00e9curit\u00e9 de la chaine logistique du cadre SAFE<\/li>\n<\/ul>\n<p><span>Chacune de ces soci\u00e9t\u00e9s vous pr\u00e9sente l\u2019organisation qui a \u00e9t\u00e9 mise en place pour vous garantir une r\u00e9ponse \u00e0 vos demandes dans le respect des obligations qu\u2019elles doivent respecter du fait de l\u2019organisation ISO qu\u2019ils ont mis en place.<\/span><\/p>\n<p><span><\/span><\/p>\n<h3><a href=\"https:\/\/guichet-online.com\/?page_id=29357\"><span style=\"color: #ff0000;\"><strong>ALLER A LA PAGE<\/strong><\/span><\/a><\/h3>[\/et_pb_tab][et_pb_tab title=\u00a0\u00bbSuisse\u00a0\u00bb _builder_version=\u00a0\u00bb4.17.6&Prime; _module_preset=\u00a0\u00bbdefault\u00a0\u00bb global_colors_info=\u00a0\u00bb{}\u00a0\u00bb]<ul>\n<li>Les prestataires qui sont pr\u00e9sent\u00e9es sur cet espace ont \u00e9t\u00e9 reconnus, \u00e0 travers l\u2019organisation qu\u2019ils ont mise en place, comme une partie intervenant dans le mouvement international des marchandises \u00e0 quelque titre que ce soit et qui ont \u00e9t\u00e9 reconnus par ou au nom de l\u2019administration nationale des douanes de leur pays.<\/li>\n<li>Ces prestataires se sont engag\u00e9s \u00e0 respecter les normes de l\u2019OMD ou des normes \u00e9quivalentes en mati\u00e8re de s\u00e9curit\u00e9 de la chaine logistique du cadre SAFE<\/li>\n<\/ul>\n<p>Chacune de ces soci\u00e9t\u00e9s vous pr\u00e9sente l\u2019organisation qui a \u00e9t\u00e9 mise en place pour vous garantir une r\u00e9ponse \u00e0 vos demandes dans le respect des obligations qu\u2019elles doivent respecter du fait de l\u2019organisation ISO qu\u2019ils ont mis en place.<\/p>\n<h3><a href=\"https:\/\/guichet-online.com\/?page_id=29236\"><span style=\"color: #ff0000;\"><strong>ALLER A LA PAGE<\/strong><\/span><\/a><\/h3>\n<p>&nbsp;<\/p>[\/et_pb_tab][et_pb_tab title=\u00a0\u00bbFrance\u00a0\u00bb _builder_version=\u00a0\u00bb4.17.6&Prime; _module_preset=\u00a0\u00bbdefault\u00a0\u00bb global_colors_info=\u00a0\u00bb{}\u00a0\u00bb]<ul>\n<li>Les prestataires qui sont pr\u00e9sent\u00e9es sur cet espace ont \u00e9t\u00e9 reconnus, \u00e0 travers l\u2019organisation qu\u2019ils ont mise en place, comme une partie intervenant dans le mouvement international des marchandises \u00e0 quelque titre que ce soit et qui ont \u00e9t\u00e9 reconnus par ou au nom de l\u2019administration nationale des douanes de leur pays.<\/li>\n<li>Ces prestataires se sont engag\u00e9s \u00e0 respecter les normes de l\u2019OMD ou des normes \u00e9quivalentes en mati\u00e8re de s\u00e9curit\u00e9 de la chaine logistique du cadre SAFE.<\/li>\n<\/ul>\n<p>Chacune de ces soci\u00e9t\u00e9s vous pr\u00e9sente l\u2019organisation qui a \u00e9t\u00e9 mise en place pour vous garantir une r\u00e9ponse \u00e0 vos demandes dans le respect des obligations qu\u2019elles doivent respecter du fait de l\u2019organisation ISO qu\u2019ils ont mis en place.<\/p>\n<p>&nbsp;<\/p>\n<h3><a href=\"https:\/\/guichet-online.com\/?page_id=29225\"><span style=\"color: #ff0000;\"><strong>ALLER A LA PAGE<\/strong><\/span><\/a><\/h3>[\/et_pb_tab][et_pb_tab title=\u00a0\u00bbS\u00e9n\u00e9gal\u00a0\u00bb _builder_version=\u00a0\u00bb4.17.6&Prime; _module_preset=\u00a0\u00bbdefault\u00a0\u00bb global_colors_info=\u00a0\u00bb{}\u00a0\u00bb]<ul>\n<li>Les prestataires qui sont pr\u00e9sent\u00e9es sur cet espace ont \u00e9t\u00e9 reconnus, \u00e0 travers l\u2019organisation qu\u2019ils ont mise en place, comme une partie intervenant dans le mouvement international des marchandises \u00e0 quelque titre que ce soit et qui ont \u00e9t\u00e9 reconnus par ou au nom de l\u2019administration nationale des douanes de leur pays.<\/li>\n<li>Ces prestataires se sont engag\u00e9s \u00e0 respecter les normes de l\u2019OMD ou des normes \u00e9quivalentes en mati\u00e8re de s\u00e9curit\u00e9 de la chaine logistique du cadre SAFE<\/li>\n<\/ul>\n<p>Chacune de ces soci\u00e9t\u00e9s vous pr\u00e9sente l\u2019organisation qui a \u00e9t\u00e9 mise en place pour vous garantir une r\u00e9ponse \u00e0 vos demandes dans le respect des obligations qu\u2019elles doivent respecter du fait de l\u2019organisation ISO qu\u2019ils ont mis en place.<\/p>\n<h3><a href=\"https:\/\/guichet-online.com\/?page_id=29340\"><span style=\"color: #ff0000;\"><strong>ALLER A LA PAGE<\/strong><\/span><\/a><\/h3>\n<p>&nbsp;<\/p>[\/et_pb_tab][et_pb_tab title=\u00a0\u00bbAlg\u00e9rie\u00a0\u00bb _builder_version=\u00a0\u00bb4.17.6&Prime; _module_preset=\u00a0\u00bbdefault\u00a0\u00bb global_colors_info=\u00a0\u00bb{}\u00a0\u00bb]<ul>\n<li>Les prestataires qui sont pr\u00e9sent\u00e9es sur cet espace ont \u00e9t\u00e9 reconnus, \u00e0 travers l\u2019organisation qu\u2019ils ont mise en place, comme une partie intervenant dans le mouvement international des marchandises \u00e0 quelque titre que ce soit et qui ont \u00e9t\u00e9 reconnus par ou au nom de l\u2019administration nationale des douanes de leur pays.<\/li>\n<li>Ces prestataires se sont engag\u00e9s \u00e0 respecter les normes de l\u2019OMD ou des normes \u00e9quivalentes en mati\u00e8re de s\u00e9curit\u00e9 de la chaine logistique du cadre SAFE<\/li>\n<\/ul>\n<p>Chacune de ces soci\u00e9t\u00e9s vous pr\u00e9sente l\u2019organisation qui a \u00e9t\u00e9 mise en place pour vous garantir une r\u00e9ponse \u00e0 vos demandes dans le respect des obligations qu\u2019elles doivent respecter du fait de l\u2019organisation ISO qu\u2019ils ont mis en place.<\/p>\n<p>&nbsp;<\/p>\n<h3><a href=\"https:\/\/guichet-online.com\/?page_id=29340\"><span style=\"color: #ff0000;\"><strong>ALLER A LA PAGE<\/strong><\/span><\/a><\/h3>[\/et_pb_tab][et_pb_tab title=\u00a0\u00bbTunisie\u00a0\u00bb _builder_version=\u00a0\u00bb4.17.6&Prime; _module_preset=\u00a0\u00bbdefault\u00a0\u00bb global_colors_info=\u00a0\u00bb{}\u00a0\u00bb]<ul>\n<li>Les prestataires qui sont pr\u00e9sent\u00e9es sur cet espace ont \u00e9t\u00e9 reconnus, \u00e0 travers l\u2019organisation qu\u2019ils ont mise en place, comme une partie intervenant dans le mouvement international des marchandises \u00e0 quelque titre que ce soit et qui ont \u00e9t\u00e9 reconnus par ou au nom de l\u2019administration nationale des douanes de leur pays.<\/li>\n<li>Ces prestataires se sont engag\u00e9s \u00e0 respecter les normes de l\u2019OMD ou des normes \u00e9quivalentes en mati\u00e8re de s\u00e9curit\u00e9 de la chaine logistique du cadre SAFE<\/li>\n<\/ul>\n<p>Chacune de ces soci\u00e9t\u00e9s vous pr\u00e9sente l\u2019organisation qui a \u00e9t\u00e9 mise en place pour vous garantir une r\u00e9ponse \u00e0 vos demandes dans le respect des obligations qu\u2019elles doivent respecter du fait de l\u2019organisation ISO qu\u2019ils ont mis en place.<\/p>\n<p>&nbsp;<\/p>\n<h3><a href=\"https:\/\/guichet-online.com\/?page_id=29376\"><span style=\"color: #ff0000;\"><strong>ALLER A LA PAGE<\/strong><\/span><\/a><\/h3>[\/et_pb_tab][\/et_pb_tabs][\/et_pb_column][\/et_pb_row][\/et_pb_section]\n","protected":false},"excerpt":{"rendered":"<p>Dans le cadre des activit\u00e9s li\u00e9es \u00e0 la transformation num\u00e9rique et dans le domaine du n\u00e9goce international nous avons le plaisir de vous pr\u00e9senter une de nos plateformes de services d\u00e9velopp\u00e9e sous la marque MASODA. &nbsp; \u00a0 \u00a0 \u00a0 Cette plateforme permet de simplifier et acc\u00e9l\u00e9rer la mise en \u0153uvre du programme Op\u00e9rateur \u00c9conomique Agr\u00e9\u00e9 [&hellip;]<\/p>\n","protected":false},"author":1,"featured_media":0,"parent":0,"menu_order":0,"comment_status":"closed","ping_status":"closed","template":"","meta":{"_et_pb_use_builder":"on","_et_pb_old_content":"","_et_gb_content_width":"","footnotes":""},"class_list":["post-36","page","type-page","status-publish","hentry"],"_links":{"self":[{"href":"https:\/\/www.guichet-online.com\/index.php?rest_route=\/wp\/v2\/pages\/36","targetHints":{"allow":["GET"]}}],"collection":[{"href":"https:\/\/www.guichet-online.com\/index.php?rest_route=\/wp\/v2\/pages"}],"about":[{"href":"https:\/\/www.guichet-online.com\/index.php?rest_route=\/wp\/v2\/types\/page"}],"author":[{"embeddable":true,"href":"https:\/\/www.guichet-online.com\/index.php?rest_route=\/wp\/v2\/users\/1"}],"replies":[{"embeddable":true,"href":"https:\/\/www.guichet-online.com\/index.php?rest_route=%2Fwp%2Fv2%2Fcomments&post=36"}],"version-history":[{"count":153,"href":"https:\/\/www.guichet-online.com\/index.php?rest_route=\/wp\/v2\/pages\/36\/revisions"}],"predecessor-version":[{"id":224443,"href":"https:\/\/www.guichet-online.com\/index.php?rest_route=\/wp\/v2\/pages\/36\/revisions\/224443"}],"wp:attachment":[{"href":"https:\/\/www.guichet-online.com\/index.php?rest_route=%2Fwp%2Fv2%2Fmedia&parent=36"}],"curies":[{"name":"wp","href":"https:\/\/api.w.org\/{rel}","templated":true}]}}