{"id":224405,"date":"2024-02-12T16:22:37","date_gmt":"2024-02-12T15:22:37","guid":{"rendered":"https:\/\/guichet-online.com\/?post_type=product&#038;p=224405"},"modified":"2024-02-12T17:46:52","modified_gmt":"2024-02-12T16:46:52","slug":"espace-entreprise","status":"publish","type":"product","link":"https:\/\/www.guichet-online.com\/?product=espace-entreprise","title":{"rendered":"ESPACE ENTREPRISE"},"content":{"rendered":"<p>[et_pb_section fb_built=\u00a0\u00bb1&Prime; _builder_version=\u00a0\u00bb4.16&Prime; custom_padding=\u00a0\u00bb0px||||false|false\u00a0\u00bb global_colors_info=\u00a0\u00bb{}\u00a0\u00bb][et_pb_row _builder_version=\u00a0\u00bb4.16&Prime; background_size=\u00a0\u00bbinitial\u00a0\u00bb background_position=\u00a0\u00bbtop_left\u00a0\u00bb background_repeat=\u00a0\u00bbrepeat\u00a0\u00bb width=\u00a0\u00bb100%\u00a0\u00bb custom_padding=\u00a0\u00bb0px||0px||false|false\u00a0\u00bb global_colors_info=\u00a0\u00bb{}\u00a0\u00bb][et_pb_column type=\u00a0\u00bb4_4&Prime; _builder_version=\u00a0\u00bb4.16&Prime; custom_padding=\u00a0\u00bb|||\u00a0\u00bb global_colors_info=\u00a0\u00bb{}\u00a0\u00bb custom_padding__hover=\u00a0\u00bb|||\u00a0\u00bb][\/et_pb_column][\/et_pb_row][et_pb_row column_structure=\u00a0\u00bb1_2,1_2&Prime; _builder_version=\u00a0\u00bb4.16&Prime; background_size=\u00a0\u00bbinitial\u00a0\u00bb background_position=\u00a0\u00bbtop_left\u00a0\u00bb background_repeat=\u00a0\u00bbrepeat\u00a0\u00bb width=\u00a0\u00bb100%\u00a0\u00bb min_height=\u00a0\u00bb100.5px\u00a0\u00bb custom_margin=\u00a0\u00bb|auto|-195px|auto||\u00a0\u00bb custom_padding=\u00a0\u00bb0px||||false|false\u00a0\u00bb global_colors_info=\u00a0\u00bb{}\u00a0\u00bb][et_pb_column type=\u00a0\u00bb1_2&Prime; _builder_version=\u00a0\u00bb4.16&Prime; custom_padding=\u00a0\u00bb|||\u00a0\u00bb global_colors_info=\u00a0\u00bb{}\u00a0\u00bb custom_padding__hover=\u00a0\u00bb|||\u00a0\u00bb][et_pb_image src=\u00a0\u00bbhttps:\/\/guichet-online.com\/wp-content\/uploads\/2024\/02\/Capture-decran-2023-09-16-101027.jpg\u00a0\u00bb title_text=\u00a0\u00bbCapture d\u2019\u00e9cran 2023-09-16 101027&Prime; _builder_version=\u00a0\u00bb4.17.6&Prime; _module_preset=\u00a0\u00bbdefault\u00a0\u00bb global_colors_info=\u00a0\u00bb{}\u00a0\u00bb][\/et_pb_image][\/et_pb_column][et_pb_column type=\u00a0\u00bb1_2&Prime; _builder_version=\u00a0\u00bb4.16&Prime; custom_padding=\u00a0\u00bb|||\u00a0\u00bb global_colors_info=\u00a0\u00bb{}\u00a0\u00bb custom_padding__hover=\u00a0\u00bb|||\u00a0\u00bb][et_pb_wc_title _builder_version=\u00a0\u00bb4.17.6&Prime; header_font=\u00a0\u00bb|700|||||||\u00a0\u00bb header_text_color=\u00a0\u00bb#FF0000&Prime; global_colors_info=\u00a0\u00bb{}\u00a0\u00bb][\/et_pb_wc_title][et_pb_wc_price _builder_version=\u00a0\u00bb4.16&Prime; global_colors_info=\u00a0\u00bb{}\u00a0\u00bb][\/et_pb_wc_price][et_pb_wc_description _builder_version=\u00a0\u00bb4.16&Prime; global_colors_info=\u00a0\u00bb{}\u00a0\u00bb][\/et_pb_wc_description][et_pb_button button_url=\u00a0\u00bb@ET-DC@eyJkeW5hbWljIjp0cnVlLCJjb250ZW50IjoicG9zdF9saW5rX3VybF9wcm9kdWN0Iiwic2V0dGluZ3MiOnsicG9zdF9pZCI6IjIyNDQwNSJ9fQ==@\u00a0\u00bb button_text=\u00a0\u00bbPour en savoir plus\u00a0\u00bb _builder_version=\u00a0\u00bb4.17.6&Prime; _dynamic_attributes=\u00a0\u00bbbutton_url\u00a0\u00bb _module_preset=\u00a0\u00bbdefault\u00a0\u00bb custom_button=\u00a0\u00bbon\u00a0\u00bb button_text_size=\u00a0\u00bb18px\u00a0\u00bb button_text_color=\u00a0\u00bb#E02B20&Prime; button_font=\u00a0\u00bb|800|||||||\u00a0\u00bb global_colors_info=\u00a0\u00bb{}\u00a0\u00bb][\/et_pb_button][\/et_pb_column][\/et_pb_row][et_pb_row _builder_version=\u00a0\u00bb4.16&Prime; background_size=\u00a0\u00bbinitial\u00a0\u00bb background_position=\u00a0\u00bbtop_left\u00a0\u00bb background_repeat=\u00a0\u00bbrepeat\u00a0\u00bb width=\u00a0\u00bb100%\u00a0\u00bb global_colors_info=\u00a0\u00bb{}\u00a0\u00bb][et_pb_column type=\u00a0\u00bb4_4&Prime; _builder_version=\u00a0\u00bb4.16&Prime; custom_padding=\u00a0\u00bb|||\u00a0\u00bb global_colors_info=\u00a0\u00bb{}\u00a0\u00bb custom_padding__hover=\u00a0\u00bb|||\u00a0\u00bb][et_pb_wc_tabs _builder_version=\u00a0\u00bb4.16&Prime; global_colors_info=\u00a0\u00bb{}\u00a0\u00bb]\t\t\t\t\t[\/et_pb_wc_tabs][\/et_pb_column][\/et_pb_row][\/et_pb_section]<\/p>\n","protected":false},"excerpt":{"rendered":"<p>L&rsquo;espace entreprise est un environnement qui est mis en place pour l&rsquo;accueil des informations de votre organisation pendant la proc\u00e9dure de demande d&rsquo;acc\u00e8s au statut d&rsquo;OEA.<\/p>\n<p>Que vous ayez \u00e9t\u00e9 certifi\u00e9 ou non cet espace d&rsquo;information reste s\u00e9curis\u00e9 et il peut devenir votre espace de travail \u00e0 partir duquel, si vous le souhaitez, vous pouvez compl\u00e9ter votre syst\u00e8me d&rsquo;information existant par un veritable outil d&rsquo;analyse de la performance de votre soci\u00e9t\u00e9.<\/p>\n<p><!--more--><\/p>\n","protected":false},"featured_media":0,"template":"","meta":{"_et_pb_use_builder":"on","_et_pb_old_content":"L'espace entreprise est un environnement qui est mis en place pour l'accueil des informations de votre organisation pendant la proc\u00e9dure de demande d'acc\u00e8s au statut d'OEA.\r\n\r\nQue vous ayez \u00e9t\u00e9 certifi\u00e9 ou non cet espace d'information reste s\u00e9curis\u00e9 et il peut devenir votre espace de travail \u00e0 partir duquel, si vous le souhaitez, vous pouvez compl\u00e9ter votre syst\u00e8me d'information existant par un veritable outil d'analyse de la performance de votre soci\u00e9t\u00e9.\r\n\r\nAinsi, vous pouvez pr\u00e9senter \u00e0 vos parties-prenantes la fa\u00e7on dont vos proc\u00e9dures sont d\u00e9crites et un tableau de bord avec les inicateurs de performance de votre entreprise.\r\n\r\n<img class=\"alignnone size-medium wp-image-224407\" src=\"https:\/\/guichet-online.com\/wp-content\/uploads\/2024\/02\/Tableau-de-bord-OEA-300x118.jpg\" alt=\"\" width=\"300\" height=\"118\" \/>\r\n\r\nVous pourrez ainsi d\u00e9montrer tout le travail que vous avez accompli pour d\u00e9montrer votre capacit\u00e9 \u00e0 r\u00e9pondre \u00e0 vos parties-prenates en mati\u00e8re de gestion des risques.\r\n\r\nCet espace va, si cela n'existe pas encore dans votre syst\u00e8me d'information, vous mettre \u00e0 disposition de nombreux autres composants comme un module GED, Production automatis\u00e9e de documents, gestion des actifs, etc.\r\n\r\n<img class=\"alignnone size-medium wp-image-224391\" src=\"https:\/\/guichet-online.com\/wp-content\/uploads\/2024\/02\/Documents-300x177.jpg\" alt=\"\" width=\"300\" height=\"177\" \/>\r\n\r\nCet environnement peut \u00eatre int\u00e9gr\u00e9 \u00e0 votre syst\u00e8me d'information et vous pouvez ainsi le rendre accessible aux autres utilisateurs de votre soci\u00e9t\u00e9.","_et_gb_content_width":""},"product_brand":[],"product_cat":[26],"product_tag":[],"class_list":{"0":"post-224405","1":"product","2":"type-product","3":"status-publish","5":"product_cat-prestations","7":"first","8":"instock","9":"virtual","10":"product-type-simple"},"_links":{"self":[{"href":"https:\/\/www.guichet-online.com\/index.php?rest_route=\/wp\/v2\/product\/224405","targetHints":{"allow":["GET"]}}],"collection":[{"href":"https:\/\/www.guichet-online.com\/index.php?rest_route=\/wp\/v2\/product"}],"about":[{"href":"https:\/\/www.guichet-online.com\/index.php?rest_route=\/wp\/v2\/types\/product"}],"wp:attachment":[{"href":"https:\/\/www.guichet-online.com\/index.php?rest_route=%2Fwp%2Fv2%2Fmedia&parent=224405"}],"wp:term":[{"taxonomy":"product_brand","embeddable":true,"href":"https:\/\/www.guichet-online.com\/index.php?rest_route=%2Fwp%2Fv2%2Fproduct_brand&post=224405"},{"taxonomy":"product_cat","embeddable":true,"href":"https:\/\/www.guichet-online.com\/index.php?rest_route=%2Fwp%2Fv2%2Fproduct_cat&post=224405"},{"taxonomy":"product_tag","embeddable":true,"href":"https:\/\/www.guichet-online.com\/index.php?rest_route=%2Fwp%2Fv2%2Fproduct_tag&post=224405"}],"curies":[{"name":"wp","href":"https:\/\/api.w.org\/{rel}","templated":true}]}}