{"id":224415,"date":"2024-02-12T18:23:03","date_gmt":"2024-02-12T17:23:03","guid":{"rendered":"https:\/\/guichet-online.com\/?post_type=product&#038;p=224415"},"modified":"2024-02-12T18:44:09","modified_gmt":"2024-02-12T17:44:09","slug":"reservation-espace-2","status":"publish","type":"product","link":"https:\/\/www.guichet-online.com\/?product=reservation-espace-2","title":{"rendered":"RESERVATION ESPACE 1 MAINTENANCE"},"content":{"rendered":"<p>[et_pb_section fb_built=\u00a0\u00bb1&Prime; _builder_version=\u00a0\u00bb4.16&Prime; custom_padding=\u00a0\u00bb0px||||false|false\u00a0\u00bb global_colors_info=\u00a0\u00bb{}\u00a0\u00bb][et_pb_row _builder_version=\u00a0\u00bb4.16&Prime; background_size=\u00a0\u00bbinitial\u00a0\u00bb background_position=\u00a0\u00bbtop_left\u00a0\u00bb background_repeat=\u00a0\u00bbrepeat\u00a0\u00bb width=\u00a0\u00bb100%\u00a0\u00bb custom_padding=\u00a0\u00bb0px||0px||false|false\u00a0\u00bb global_colors_info=\u00a0\u00bb{}\u00a0\u00bb][et_pb_column type=\u00a0\u00bb4_4&Prime; _builder_version=\u00a0\u00bb4.16&Prime; custom_padding=\u00a0\u00bb|||\u00a0\u00bb global_colors_info=\u00a0\u00bb{}\u00a0\u00bb custom_padding__hover=\u00a0\u00bb|||\u00a0\u00bb][\/et_pb_column][\/et_pb_row][et_pb_row column_structure=\u00a0\u00bb1_2,1_2&Prime; _builder_version=\u00a0\u00bb4.16&Prime; background_size=\u00a0\u00bbinitial\u00a0\u00bb background_position=\u00a0\u00bbtop_left\u00a0\u00bb background_repeat=\u00a0\u00bbrepeat\u00a0\u00bb width=\u00a0\u00bb100%\u00a0\u00bb custom_padding=\u00a0\u00bb0px||||false|false\u00a0\u00bb global_colors_info=\u00a0\u00bb{}\u00a0\u00bb][et_pb_column type=\u00a0\u00bb1_2&Prime; _builder_version=\u00a0\u00bb4.16&Prime; custom_padding=\u00a0\u00bb|||\u00a0\u00bb global_colors_info=\u00a0\u00bb{}\u00a0\u00bb custom_padding__hover=\u00a0\u00bb|||\u00a0\u00bb][et_pb_image src=\u00a0\u00bbhttps:\/\/guichet-online.com\/wp-content\/uploads\/2024\/02\/SE-Suite-.jpg\u00a0\u00bb title_text=\u00a0\u00bbSE Suite\u00a0\u00bb _builder_version=\u00a0\u00bb4.17.6&Prime; _module_preset=\u00a0\u00bbdefault\u00a0\u00bb global_colors_info=\u00a0\u00bb{}\u00a0\u00bb][\/et_pb_image][\/et_pb_column][et_pb_column type=\u00a0\u00bb1_2&Prime; _builder_version=\u00a0\u00bb4.16&Prime; custom_padding=\u00a0\u00bb|||\u00a0\u00bb global_colors_info=\u00a0\u00bb{}\u00a0\u00bb custom_padding__hover=\u00a0\u00bb|||\u00a0\u00bb][et_pb_wc_title _builder_version=\u00a0\u00bb4.17.6&Prime; header_font=\u00a0\u00bb|700|||||||\u00a0\u00bb header_text_color=\u00a0\u00bb#FF0000&Prime; global_colors_info=\u00a0\u00bb{}\u00a0\u00bb][\/et_pb_wc_title][et_pb_text _builder_version=\u00a0\u00bb4.17.6&Prime; _module_preset=\u00a0\u00bbdefault\u00a0\u00bb global_colors_info=\u00a0\u00bb{}\u00a0\u00bb]<\/p>\n<h4><span style=\"color: #ff0000;\"><strong>Location<\/strong> <strong>mensuelle licences<\/strong><\/span><span style=\"color: #ff0000;\"><strong><\/strong><\/span><\/h4>\n<p>[\/et_pb_text][et_pb_wc_price _builder_version=\u00a0\u00bb4.17.6&Prime; body_text_color=\u00a0\u00bb#000000&Prime; custom_margin=\u00a0\u00bb-25px||||false|false\u00a0\u00bb global_colors_info=\u00a0\u00bb{}\u00a0\u00bb][\/et_pb_wc_price][et_pb_wc_description _builder_version=\u00a0\u00bb4.17.6&Prime; global_colors_info=\u00a0\u00bb{}\u00a0\u00bb][\/et_pb_wc_description][et_pb_wc_add_to_cart show_quantity=\u00a0\u00bboff\u00a0\u00bb show_stock=\u00a0\u00bboff\u00a0\u00bb _builder_version=\u00a0\u00bb4.17.6&Prime; fields_text_color=\u00a0\u00bb#FF0000&Prime; fields_font=\u00a0\u00bb|700|||||||\u00a0\u00bb global_colors_info=\u00a0\u00bb{}\u00a0\u00bb][\/et_pb_wc_add_to_cart][\/et_pb_column][\/et_pb_row][et_pb_row _builder_version=\u00a0\u00bb4.16&Prime; background_size=\u00a0\u00bbinitial\u00a0\u00bb background_position=\u00a0\u00bbtop_left\u00a0\u00bb background_repeat=\u00a0\u00bbrepeat\u00a0\u00bb width=\u00a0\u00bb100%\u00a0\u00bb global_colors_info=\u00a0\u00bb{}\u00a0\u00bb][et_pb_column type=\u00a0\u00bb4_4&Prime; _builder_version=\u00a0\u00bb4.16&Prime; custom_padding=\u00a0\u00bb|||\u00a0\u00bb global_colors_info=\u00a0\u00bb{}\u00a0\u00bb custom_padding__hover=\u00a0\u00bb|||\u00a0\u00bb][et_pb_wc_tabs _builder_version=\u00a0\u00bb4.16&Prime; global_colors_info=\u00a0\u00bb{}\u00a0\u00bb]\t\t\t\t\t[\/et_pb_wc_tabs][\/et_pb_column][\/et_pb_row][\/et_pb_section]<\/p>\n","protected":false},"excerpt":{"rendered":"<h3><strong>MAINTENANCE ET SUPPORT<\/strong><\/h3>\n<h4><strong>Espace d&rsquo;accueil pour entreprise de 1 \u00e0 20 collaborateurs.<\/strong><\/h4>\n<ul>\n<li><strong>La maintenance corrective<\/strong>\u00a0(support technique et assistance), qui vise \u00e0 la r\u00e9solution des dysfonctionnements signal\u00e9s par l\u2019utilisateur\u00a0;<\/li>\n<li><strong>La maintenance pr\u00e9ventive<\/strong>, \u00e0 savoir la fourniture de correctifs de s\u00e9curit\u00e9 et de mises \u00e0 jour mineures par l\u2019\u00e9diteur\u00a0;<\/li>\n<\/ul>\n<ul>\n<li><strong>La maintenance \u00e9volutive<\/strong>, qui vise la fourniture de nouvelles versions du logiciel (mises \u00e0 jour majeures) ou de d\u00e9veloppements sp\u00e9cifiques pour adapter le logiciel standard aux besoins propres du client.<\/li>\n<\/ul>\n<ul>\n<li><strong>La maintenance r\u00e9glementaire<\/strong>, pour les logiciels dans des domaines r\u00e9glement\u00e9s et qui vise \u00e0 assurer la conformit\u00e9 des fonctions du logiciel \u00e0 la r\u00e9glementation en vigueur.<\/li>\n<\/ul>\n","protected":false},"featured_media":0,"template":"","meta":{"_et_pb_use_builder":"on","_et_pb_old_content":"<h4><strong>Espace d'accueil pour entreprise de 1 \u00e0 20 collaborateurs.<\/strong><\/h4>\r\nPermet l'alignement organisationnel aux niveaux strat\u00e9gique, tactique et op\u00e9rationnel, permettant la conformit\u00e9 aux r\u00e9glementations gouvernementales et industrielles. Il prend en charge la convergence du cadre des meilleures pratiques et fournit une mise en \u0153uvre viable et efficace de la gouvernance d'entreprise et informatique:\r\n<ul>\r\n \t<li>1 administrateur nomm\u00e9,<\/li>\r\n \t<li>2 utilisateurs nomm\u00e9s,<\/li>\r\n \t<li>5 utilisateurs\u00a0 (consultation) concurrents<\/li>\r\n<\/ul>","_et_gb_content_width":""},"product_brand":[],"product_cat":[26],"product_tag":[],"class_list":{"0":"post-224415","1":"product","2":"type-product","3":"status-publish","5":"product_cat-prestations","7":"first","8":"instock","9":"virtual","10":"purchasable","11":"product-type-simple"},"_links":{"self":[{"href":"https:\/\/www.guichet-online.com\/index.php?rest_route=\/wp\/v2\/product\/224415","targetHints":{"allow":["GET"]}}],"collection":[{"href":"https:\/\/www.guichet-online.com\/index.php?rest_route=\/wp\/v2\/product"}],"about":[{"href":"https:\/\/www.guichet-online.com\/index.php?rest_route=\/wp\/v2\/types\/product"}],"wp:attachment":[{"href":"https:\/\/www.guichet-online.com\/index.php?rest_route=%2Fwp%2Fv2%2Fmedia&parent=224415"}],"wp:term":[{"taxonomy":"product_brand","embeddable":true,"href":"https:\/\/www.guichet-online.com\/index.php?rest_route=%2Fwp%2Fv2%2Fproduct_brand&post=224415"},{"taxonomy":"product_cat","embeddable":true,"href":"https:\/\/www.guichet-online.com\/index.php?rest_route=%2Fwp%2Fv2%2Fproduct_cat&post=224415"},{"taxonomy":"product_tag","embeddable":true,"href":"https:\/\/www.guichet-online.com\/index.php?rest_route=%2Fwp%2Fv2%2Fproduct_tag&post=224415"}],"curies":[{"name":"wp","href":"https:\/\/api.w.org\/{rel}","templated":true}]}}