{"id":29829,"date":"2024-01-19T15:25:00","date_gmt":"2024-01-19T14:25:00","guid":{"rendered":"https:\/\/guichet-online.com\/?post_type=product&#038;p=29829"},"modified":"2024-02-04T09:27:07","modified_gmt":"2024-02-04T08:27:07","slug":"accompagnement-a-la-saisie-des-informations-du-formulaire-de-demande","status":"publish","type":"product","link":"https:\/\/www.guichet-online.com\/?product=accompagnement-a-la-saisie-des-informations-du-formulaire-de-demande","title":{"rendered":"Accompagnement \u00e0 la saisie des informations du formulaire de demande"},"content":{"rendered":"<p>[et_pb_section fb_built=\u00a0\u00bb1&Prime; _builder_version=\u00a0\u00bb4.16&Prime; custom_padding=\u00a0\u00bb0px||||false|false\u00a0\u00bb global_colors_info=\u00a0\u00bb{}\u00a0\u00bb][et_pb_row _builder_version=\u00a0\u00bb4.16&Prime; background_size=\u00a0\u00bbinitial\u00a0\u00bb background_position=\u00a0\u00bbtop_left\u00a0\u00bb background_repeat=\u00a0\u00bbrepeat\u00a0\u00bb width=\u00a0\u00bb100%\u00a0\u00bb custom_padding=\u00a0\u00bb0px||0px||false|false\u00a0\u00bb global_colors_info=\u00a0\u00bb{}\u00a0\u00bb][et_pb_column type=\u00a0\u00bb4_4&Prime; _builder_version=\u00a0\u00bb4.16&Prime; custom_padding=\u00a0\u00bb|||\u00a0\u00bb global_colors_info=\u00a0\u00bb{}\u00a0\u00bb custom_padding__hover=\u00a0\u00bb|||\u00a0\u00bb][et_pb_wc_breadcrumb _builder_version=\u00a0\u00bb4.16&Prime; global_colors_info=\u00a0\u00bb{}\u00a0\u00bb][\/et_pb_wc_breadcrumb][\/et_pb_column][\/et_pb_row][et_pb_row column_structure=\u00a0\u00bb1_2,1_2&Prime; _builder_version=\u00a0\u00bb4.16&Prime; background_size=\u00a0\u00bbinitial\u00a0\u00bb background_position=\u00a0\u00bbtop_left\u00a0\u00bb background_repeat=\u00a0\u00bbrepeat\u00a0\u00bb width=\u00a0\u00bb100%\u00a0\u00bb custom_padding=\u00a0\u00bb0px||||false|false\u00a0\u00bb global_colors_info=\u00a0\u00bb{}\u00a0\u00bb][et_pb_column type=\u00a0\u00bb1_2&Prime; _builder_version=\u00a0\u00bb4.16&Prime; custom_padding=\u00a0\u00bb|||\u00a0\u00bb global_colors_info=\u00a0\u00bb{}\u00a0\u00bb custom_padding__hover=\u00a0\u00bb|||\u00a0\u00bb][et_pb_wc_images _builder_version=\u00a0\u00bb4.16&Prime; global_colors_info=\u00a0\u00bb{}\u00a0\u00bb][\/et_pb_wc_images][\/et_pb_column][et_pb_column type=\u00a0\u00bb1_2&Prime; _builder_version=\u00a0\u00bb4.16&Prime; custom_padding=\u00a0\u00bb|||\u00a0\u00bb global_colors_info=\u00a0\u00bb{}\u00a0\u00bb custom_padding__hover=\u00a0\u00bb|||\u00a0\u00bb][et_pb_wc_title _builder_version=\u00a0\u00bb4.17.6&Prime; header_level=\u00a0\u00bbh3&Prime; header_font=\u00a0\u00bb|700|||||||\u00a0\u00bb header_text_color=\u00a0\u00bb#FF0000&Prime; header_font_size=\u00a0\u00bb16px\u00a0\u00bb custom_margin=\u00a0\u00bb|||10px|false|false\u00a0\u00bb global_colors_info=\u00a0\u00bb{}\u00a0\u00bb][\/et_pb_wc_title][et_pb_wc_price _builder_version=\u00a0\u00bb4.17.6&Prime; body_font=\u00a0\u00bb|700|||||||\u00a0\u00bb custom_margin=\u00a0\u00bb15px|||15px|false|false\u00a0\u00bb global_colors_info=\u00a0\u00bb{}\u00a0\u00bb][\/et_pb_wc_price][et_pb_wc_description _builder_version=\u00a0\u00bb4.17.6&Prime; body_font_size=\u00a0\u00bb14px\u00a0\u00bb custom_margin=\u00a0\u00bb15px|||10px|false|false\u00a0\u00bb global_colors_info=\u00a0\u00bb{}\u00a0\u00bb][\/et_pb_wc_description][et_pb_wc_add_to_cart show_quantity=\u00a0\u00bboff\u00a0\u00bb show_stock=\u00a0\u00bboff\u00a0\u00bb _builder_version=\u00a0\u00bb4.17.6&Prime; fields_font=\u00a0\u00bb|700|||||||\u00a0\u00bb custom_margin=\u00a0\u00bb|||15px|false|false\u00a0\u00bb global_colors_info=\u00a0\u00bb{}\u00a0\u00bb][\/et_pb_wc_add_to_cart][\/et_pb_column][\/et_pb_row][et_pb_row _builder_version=\u00a0\u00bb4.16&Prime; background_size=\u00a0\u00bbinitial\u00a0\u00bb background_position=\u00a0\u00bbtop_left\u00a0\u00bb background_repeat=\u00a0\u00bbrepeat\u00a0\u00bb width=\u00a0\u00bb100%\u00a0\u00bb global_colors_info=\u00a0\u00bb{}\u00a0\u00bb][et_pb_column type=\u00a0\u00bb4_4&Prime; _builder_version=\u00a0\u00bb4.16&Prime; custom_padding=\u00a0\u00bb|||\u00a0\u00bb global_colors_info=\u00a0\u00bb{}\u00a0\u00bb custom_padding__hover=\u00a0\u00bb|||\u00a0\u00bb][et_pb_wc_tabs _builder_version=\u00a0\u00bb4.17.6&Prime; body_font_size=\u00a0\u00bb16px\u00a0\u00bb custom_margin=\u00a0\u00bb-25px||||false|false\u00a0\u00bb global_colors_info=\u00a0\u00bb{}\u00a0\u00bb]\t\t\t\t\t[\/et_pb_wc_tabs][\/et_pb_column][\/et_pb_row][\/et_pb_section]<\/p>\n","protected":false},"excerpt":{"rendered":"<p>La Direction G\u00e9n\u00e9rale des Douanes demande \u00e0 avoir quelques informations de base sur l&rsquo;entreprise.<\/p>\n<ul>\n<li>Informations g\u00e9n\u00e9rales concernant l&rsquo;entreprise<\/li>\n<li>Volume d&rsquo;activit\u00e9<\/li>\n<li>Informations et statistiques douani\u00e8res.<\/li>\n<\/ul>\n<p>Le formulaire mis \u00e0 disposition \u00e0 partir de la plateforme va vous permettre de saisir l&rsquo;information requise et d&rsquo;y adjoindre les documents n\u00e9cessaires.<\/p>\n","protected":false},"featured_media":29654,"template":"","meta":{"_et_pb_use_builder":"on","_et_pb_old_content":"Pour d\u00e9terminer si l\u2019entreprise peut \u00eatre certifi\u00e9e en tant qu\u2019Op\u00e9rateur \u00e9conomique agr\u00e9\u00e9 (OEA), les demandeurs doivent fournir les informations suivantes.\r\n\r\nUne d\u00e9claration doit \u00e9galement \u00eatre sign\u00e9e par le repr\u00e9sentant l\u00e9gal de l\u2019entreprise. Ce formulaire de de- mande et de d\u00e9claration sera inclus dans le registre d\u2019OEA de l\u2019entreprise.\r\n<table style=\"height: 792px;width: 609px;border-color: #ed0c31\" border=\"_\" width=\"609\" cellspacing=\"2\"><caption>\u00a0<\/caption>\r\n<tbody>\r\n<tr style=\"height: 23px\">\r\n<td style=\"width: 600.6px;height: 23px\"><strong>Demandse de statut d'OEA<\/strong><\/td>\r\n<\/tr>\r\n<tr style=\"height: 23px\">\r\n<td style=\"text-align: right;width: 600.6px;height: 23px\">Nom de la soci\u00e9t\u00e9 (entit\u00e9 juridique)<\/td>\r\n<\/tr>\r\n<tr style=\"height: 23px\">\r\n<td style=\"text-align: right;width: 600.6px;height: 23px\">Pays pour lesquels le statut d'OEA est demand\u00e9<\/td>\r\n<\/tr>\r\n<tr style=\"height: 23px\">\r\n<td style=\"width: 600.6px;height: 23px\"><strong>Profil commercial<\/strong><\/td>\r\n<\/tr>\r\n<tr style=\"height: 23px\">\r\n<td style=\"text-align: right;width: 600.6px;height: 23px\">Date d\u00e9but activit\u00e9 \/ nombre d'ann\u00e9es d'activit\u00e9\/date cr\u00e9ation<\/td>\r\n<\/tr>\r\n<tr style=\"height: 23px\">\r\n<td style=\"text-align: right;width: 600.6px;height: 23px\">Type de propri\u00e9t\u00e9<\/td>\r\n<\/tr>\r\n<tr style=\"height: 23px\">\r\n<td style=\"text-align: right;width: 600.6px;height: 23px\">Activit\u00e9 principale<\/td>\r\n<\/tr>\r\n<tr style=\"height: 23px\">\r\n<td style=\"text-align: right;width: 600.6px;height: 23px\">Nature de l\u2019activit\u00e9 \u00e9conomique de l\u2019op\u00e9rateur \u00e9conomique.<\/td>\r\n<\/tr>\r\n<tr style=\"height: 23px\">\r\n<td style=\"text-align: right;width: 600.6px;height: 23px\">Adresse du site web de la soci\u00e9t\u00e9<\/td>\r\n<\/tr>\r\n<tr style=\"height: 23px\">\r\n<td style=\"width: 600.6px;height: 23px\"><strong>Participation aux programme de la douane<\/strong><\/td>\r\n<\/tr>\r\n<tr style=\"height: 23px\">\r\n<td style=\"text-align: right;width: 600.6px;height: 23px\">Pr\u00e9cisez le code ISO de tous les pays dans lesquels l\u2019op\u00e9rateur \u00e9conomique a \u00e9t\u00e9 autori<\/td>\r\n<\/tr>\r\n<tr style=\"height: 23px\">\r\n<td style=\"text-align: right;width: 600.6px;height: 23px\">veuillez indiquer si d\u2019autres entit\u00e9s du groupe poss\u00e8dent d\u00e9j\u00e0 la certification OEA<\/td>\r\n<\/tr>\r\n<tr style=\"height: 23px\">\r\n<td style=\"width: 600.6px;height: 23px\"><strong>Informations concernant l'entitt\u00e9 l\u00e9gale demandant le statut d'OEA<\/strong><\/td>\r\n<\/tr>\r\n<tr style=\"height: 23px\">\r\n<td style=\"width: 600.6px;text-align: right;height: 23px\">Nom de la soci\u00e9t\u00e9\/nom du partenaire<\/td>\r\n<\/tr>\r\n<tr style=\"height: 23px\">\r\n<td style=\"width: 600.6px;text-align: right;height: 23px\">Direction commerciales<\/td>\r\n<\/tr>\r\n<tr style=\"height: 23px\">\r\n<td style=\"width: 600.6px;text-align: right;height: 23px\">Valeurs des d\u00e9claration<\/td>\r\n<\/tr>\r\n<tr style=\"height: 23px\">\r\n<td style=\"width: 600.6px;height: 23px\"><strong>Profil commercial dans le pays<\/strong><\/td>\r\n<\/tr>\r\n<tr style=\"height: 23px\">\r\n<td style=\"width: 600.6px;text-align: right;height: 23px\">Num\u00e9ro commercial<\/td>\r\n<\/tr>\r\n<tr style=\"height: 23px\">\r\n<td style=\"width: 600.6px;text-align: right;height: 23px\">\u00a0Num\u00e9ro de TVA ou sans objet<\/td>\r\n<\/tr>\r\n<tr style=\"height: 23px\">\r\n<td style=\"width: 600.6px;text-align: right;height: 23px\">Date de d\u00e9but de l\u2019activit\u00e9<\/td>\r\n<\/tr>\r\n<tr style=\"height: 23px\">\r\n<td style=\"width: 600.6px;text-align: right;height: 23px\">Type de propri\u00e9t\u00e9<\/td>\r\n<\/tr>\r\n<tr style=\"height: 23px\">\r\n<td style=\"width: 600.6px;text-align: right;height: 23px\">Secteurs d\u2019activit\u00e9<\/td>\r\n<\/tr>\r\n<tr style=\"height: 10px\">\r\n<td style=\"width: 600.6px;text-align: right;height: 10px\">Activit\u00e9s commerciales et position dans la cha\u00eene logistique internationale<\/td>\r\n<\/tr>\r\n<tr style=\"height: 23px\">\r\n<td style=\"width: 600.6px;text-align: right;height: 23px\">Adresse physique<\/td>\r\n<\/tr>\r\n<tr style=\"height: 23px\">\r\n<td style=\"width: 600.6px;text-align: right;height: 23px\">Adresses postales<\/td>\r\n<\/tr>\r\n<tr style=\"height: 23px\">\r\n<td style=\"width: 600.6px;text-align: right;height: 23px\">Lieux multiples<\/td>\r\n<\/tr>\r\n<tr style=\"height: 23px\">\r\n<td style=\"width: 600.6px;height: 23px\"><strong>Coordonn\u00e9es de contact de l'entreprise<\/strong><\/td>\r\n<\/tr>\r\n<tr style=\"height: 23px\">\r\n<td style=\"width: 600.6px;text-align: right;height: 23px\">Personne de contact<\/td>\r\n<\/tr>\r\n<tr style=\"height: 23px\">\r\n<td style=\"width: 600.6px;text-align: right;height: 23px\">Suppl\u00e9ant<\/td>\r\n<\/tr>\r\n<tr style=\"height: 23px\">\r\n<td style=\"width: 600.6px;height: 23px\"><strong>Autres certification<\/strong><\/td>\r\n<\/tr>\r\n<tr style=\"height: 23px\">\r\n<td style=\"width: 600.6px;text-align: right;height: 23px\">Liste des certifications<\/td>\r\n<\/tr>\r\n<tr style=\"height: 23px\">\r\n<td style=\"width: 600.6px;height: 23px\"><strong>Autres informations concernant l'entreprise<\/strong><\/td>\r\n<\/tr>\r\n<tr style=\"height: 23px\">\r\n<td style=\"width: 600.6px;text-align: right;height: 23px\">Structure<\/td>\r\n<\/tr>\r\n<tr style=\"height: 23px\">\r\n<td style=\"width: 600.6px;text-align: right;height: 23px\">Nombre d'employ\u00e9s<\/td>\r\n<\/tr>\r\n<tr style=\"height: 23px\">\r\n<td style=\"width: 600.6px;text-align: right;height: 23px\">Toute autre information<\/td>\r\n<\/tr>\r\n<\/tbody>\r\n<\/table>","_et_gb_content_width":""},"product_brand":[],"product_cat":[26],"product_tag":[],"class_list":{"0":"post-29829","1":"product","2":"type-product","3":"status-publish","4":"has-post-thumbnail","6":"product_cat-prestations","8":"first","9":"instock","10":"virtual","11":"purchasable","12":"product-type-simple"},"_links":{"self":[{"href":"https:\/\/www.guichet-online.com\/index.php?rest_route=\/wp\/v2\/product\/29829","targetHints":{"allow":["GET"]}}],"collection":[{"href":"https:\/\/www.guichet-online.com\/index.php?rest_route=\/wp\/v2\/product"}],"about":[{"href":"https:\/\/www.guichet-online.com\/index.php?rest_route=\/wp\/v2\/types\/product"}],"wp:featuredmedia":[{"embeddable":true,"href":"https:\/\/www.guichet-online.com\/index.php?rest_route=\/wp\/v2\/media\/29654"}],"wp:attachment":[{"href":"https:\/\/www.guichet-online.com\/index.php?rest_route=%2Fwp%2Fv2%2Fmedia&parent=29829"}],"wp:term":[{"taxonomy":"product_brand","embeddable":true,"href":"https:\/\/www.guichet-online.com\/index.php?rest_route=%2Fwp%2Fv2%2Fproduct_brand&post=29829"},{"taxonomy":"product_cat","embeddable":true,"href":"https:\/\/www.guichet-online.com\/index.php?rest_route=%2Fwp%2Fv2%2Fproduct_cat&post=29829"},{"taxonomy":"product_tag","embeddable":true,"href":"https:\/\/www.guichet-online.com\/index.php?rest_route=%2Fwp%2Fv2%2Fproduct_tag&post=29829"}],"curies":[{"name":"wp","href":"https:\/\/api.w.org\/{rel}","templated":true}]}}