{"id":29892,"date":"2024-01-21T11:30:38","date_gmt":"2024-01-21T10:30:38","guid":{"rendered":"https:\/\/guichet-online.com\/?post_type=product&#038;p=29892"},"modified":"2024-02-02T15:44:07","modified_gmt":"2024-02-02T14:44:07","slug":"information-entite-legale","status":"publish","type":"product","link":"https:\/\/www.guichet-online.com\/?product=information-entite-legale","title":{"rendered":"INFORMATION ENTITE LEGALE"},"content":{"rendered":"<p>[et_pb_section fb_built=\u00a0\u00bb1&Prime; _builder_version=\u00a0\u00bb4.16&Prime; custom_padding=\u00a0\u00bb0px||||false|false\u00a0\u00bb global_colors_info=\u00a0\u00bb{}\u00a0\u00bb][et_pb_row _builder_version=\u00a0\u00bb4.16&Prime; background_size=\u00a0\u00bbinitial\u00a0\u00bb background_position=\u00a0\u00bbtop_left\u00a0\u00bb background_repeat=\u00a0\u00bbrepeat\u00a0\u00bb width=\u00a0\u00bb100%\u00a0\u00bb custom_padding=\u00a0\u00bb0px||0px||false|false\u00a0\u00bb global_colors_info=\u00a0\u00bb{}\u00a0\u00bb][et_pb_column type=\u00a0\u00bb4_4&Prime; _builder_version=\u00a0\u00bb4.16&Prime; custom_padding=\u00a0\u00bb|||\u00a0\u00bb global_colors_info=\u00a0\u00bb{}\u00a0\u00bb custom_padding__hover=\u00a0\u00bb|||\u00a0\u00bb][\/et_pb_column][\/et_pb_row][et_pb_row column_structure=\u00a0\u00bb1_2,1_2&Prime; _builder_version=\u00a0\u00bb4.16&Prime; background_size=\u00a0\u00bbinitial\u00a0\u00bb background_position=\u00a0\u00bbtop_left\u00a0\u00bb background_repeat=\u00a0\u00bbrepeat\u00a0\u00bb width=\u00a0\u00bb100%\u00a0\u00bb custom_padding=\u00a0\u00bb0px||||false|false\u00a0\u00bb global_colors_info=\u00a0\u00bb{}\u00a0\u00bb][et_pb_column type=\u00a0\u00bb1_2&Prime; _builder_version=\u00a0\u00bb4.16&Prime; custom_padding=\u00a0\u00bb|||\u00a0\u00bb global_colors_info=\u00a0\u00bb{}\u00a0\u00bb custom_padding__hover=\u00a0\u00bb|||\u00a0\u00bb][et_pb_wc_images _builder_version=\u00a0\u00bb4.16&Prime; global_colors_info=\u00a0\u00bb{}\u00a0\u00bb][\/et_pb_wc_images][\/et_pb_column][et_pb_column type=\u00a0\u00bb1_2&Prime; _builder_version=\u00a0\u00bb4.16&Prime; custom_padding=\u00a0\u00bb|||\u00a0\u00bb global_colors_info=\u00a0\u00bb{}\u00a0\u00bb custom_padding__hover=\u00a0\u00bb|||\u00a0\u00bb][et_pb_wc_title product=\u00a0\u00bb29892&Prime; _builder_version=\u00a0\u00bb4.17.6&Prime; header_font=\u00a0\u00bb|700|||||||\u00a0\u00bb header_text_color=\u00a0\u00bb#000000&Prime; header_font_size=\u00a0\u00bb18px\u00a0\u00bb custom_margin=\u00a0\u00bb|||15px|false|false\u00a0\u00bb global_colors_info=\u00a0\u00bb{}\u00a0\u00bb][\/et_pb_wc_title][et_pb_wc_price _builder_version=\u00a0\u00bb4.17.6&Prime; body_font=\u00a0\u00bb|700|||||||\u00a0\u00bb custom_margin=\u00a0\u00bb10px|||15px|false|false\u00a0\u00bb global_colors_info=\u00a0\u00bb{}\u00a0\u00bb][\/et_pb_wc_price][et_pb_wc_description _builder_version=\u00a0\u00bb4.17.6&Prime; body_text_color=\u00a0\u00bb#000000&Prime; body_font_size=\u00a0\u00bb16px\u00a0\u00bb text_orientation=\u00a0\u00bbcenter\u00a0\u00bb custom_margin=\u00a0\u00bb20px|||8px|false|false\u00a0\u00bb global_colors_info=\u00a0\u00bb{}\u00a0\u00bb][\/et_pb_wc_description][et_pb_wc_add_to_cart product=\u00a0\u00bb29892&Prime; show_quantity=\u00a0\u00bboff\u00a0\u00bb show_stock=\u00a0\u00bboff\u00a0\u00bb _builder_version=\u00a0\u00bb4.17.6&Prime; fields_text_color=\u00a0\u00bb#FF0000&Prime; field_label_font_size=\u00a0\u00bb16px\u00a0\u00bb fields_font=\u00a0\u00bb|700|||||||\u00a0\u00bb custom_margin=\u00a0\u00bb40px|15px|||false|false\u00a0\u00bb global_colors_info=\u00a0\u00bb{}\u00a0\u00bb][\/et_pb_wc_add_to_cart][\/et_pb_column][\/et_pb_row][et_pb_row _builder_version=\u00a0\u00bb4.16&Prime; background_size=\u00a0\u00bbinitial\u00a0\u00bb background_position=\u00a0\u00bbtop_left\u00a0\u00bb background_repeat=\u00a0\u00bbrepeat\u00a0\u00bb width=\u00a0\u00bb100%\u00a0\u00bb global_colors_info=\u00a0\u00bb{}\u00a0\u00bb][et_pb_column type=\u00a0\u00bb4_4&Prime; _builder_version=\u00a0\u00bb4.16&Prime; custom_padding=\u00a0\u00bb|||\u00a0\u00bb global_colors_info=\u00a0\u00bb{}\u00a0\u00bb custom_padding__hover=\u00a0\u00bb|||\u00a0\u00bb][et_pb_wc_tabs _builder_version=\u00a0\u00bb4.17.6&Prime; body_text_color=\u00a0\u00bb#000000&Prime; body_font_size=\u00a0\u00bb16px\u00a0\u00bb global_colors_info=\u00a0\u00bb{}\u00a0\u00bb]\t\t\t\t\t[\/et_pb_wc_tabs][et_pb_wc_cart_totals _builder_version=\u00a0\u00bb4.17.6&Prime; _module_preset=\u00a0\u00bbdefault\u00a0\u00bb global_colors_info=\u00a0\u00bb{}\u00a0\u00bb][\/et_pb_wc_cart_totals][\/et_pb_column][\/et_pb_row][\/et_pb_section]<\/p>\n","protected":false},"excerpt":{"rendered":"<p style=\"text-align: left;\"><strong>INFORMATIONS CONCERNANT L\u2019ENTIT\u00c9 L\u00c9GALE DEMANDANT LE STATUT D\u2019OEA<\/strong><br \/>\n&#8211; Profil commercial dans le pays<br \/>\n&#8211; Adresse de l&rsquo;entreoprise dans le pays<br \/>\n&#8211; Coordonn\u00e9es de contact de l&rsquo;entreprise<br \/>\n&#8211; Autres certifications<br \/>\n&#8211; Autres informations concernant l&rsquo;entreprise<\/p>\n","protected":false},"featured_media":29893,"template":"","meta":{"_et_pb_use_builder":"on","_et_pb_old_content":"<strong>INFORMATIONS CONCERNANT L\u2019ENTIT\u00c9 L\u00c9GALE DEMANDANT LE STATUT D\u2019OEA<\/strong>\r\n- Nom de la soci\u00e9t\u00e9\/nom du partenaire (entit\u00e9 l\u00e9gale)\r\n- D\u00e9nomination commerciale (si diff\u00e9rente)\r\n- Profil commercial dans le pays\r\n- Num\u00e9ro commercial (BN)\/ Code commercial\/ Num\u00e9ro de dossier de l\u2019importateur\/ Code transporteur\/ Num\u00e9ro d\u2019identification et d\u2019enregistrement de l\u2019op\u00e9rateur \u00e9conomique (EORI)\r\n- Num\u00e9ro de TVA ou sans objet\r\n- Date de d\u00e9but de l\u2019activit\u00e9 (aaaa-mm-jj)\/nombre d\u2019ann\u00e9es d\u2019activit\u00e9\/date de cr\u00e9ation\r\n- Type de propri\u00e9t\u00e9 (soci\u00e9t\u00e9 de capitaux, soci\u00e9t\u00e9 de personnes, entreprise individuelle, filiale en propri\u00e9t\u00e9 exclusive, coentreprise, etc.)\r\n- Secteurs d\u2019activit\u00e9\r\n- Activit\u00e9s commerciales et position dans la cha\u00eene logistique internationale (par ex. fabricant, exportateur, importateur, agent en douane, transporteur, agent de groupage, interm\u00e9diaire, exploitant de port, d\u2019a\u00e9roport ou de terminal, op\u00e9rateur int\u00e9gr\u00e9, entrep\u00f4t, distributeur.)\r\n<strong>Adresse de l\u2019entreprise dans le pays<\/strong>\r\n<strong>Adresse physique\/Adresse compl\u00e8te o\u00f9 l\u2019entit\u00e9 est \u00e9tablie<\/strong><em>\r\n- Num\u00e9ro de l\u2019unit\u00e9\r\n- Rue\r\n- Ville\r\n- Province\/territoire\/pays\r\n- Pays\r\n- Code postal\r\n- Num\u00e9ro \u00e0 contacter\r\n- Num\u00e9ro de fax\r\n<strong>Adresse postale (si diff\u00e9rente)<\/strong><\/em>\r\n- Num\u00e9ro de l\u2019unit\u00e9\r\n- Rue\r\n- Ville\r\n- Province\/territoire\/pays\r\n- Pays\r\n- Code postal\r\n- Informations suppl\u00e9mentaires concernant les livraisons\r\n- Adresse compl\u00e8te o\u00f9 se d\u00e9roulent les principales activit\u00e9s de la soci\u00e9t\u00e9\r\n- Adresse compl\u00e8te du bureau o\u00f9 sont conserv\u00e9s les documents douaniers\r\nAdresse compl\u00e8te du bureau charg\u00e9 de fournir tous les documents douaniers (si les bureaux sont situ\u00e9s \u00e0 la m\u00eame adresse, indiquez \u00ab idem \u00bb)\r\nAdresse compl\u00e8te du bureau o\u00f9 sont conserv\u00e9s tous les livres comptables (si les bureaux sont situ\u00e9s \u00e0 la m\u00eame adresse, indiquez \u00ab idem \u00bb)\r\n<strong>Lieux multiples<\/strong><em>\r\n- Liste de tous les lieux avec leur adresse dans le pays couvert par cette demande :\r\n- Personne \u00e0 contacter sur place\r\n- Adresse compl\u00e8te\r\n- Lieux o\u00f9 un tiers r\u00e9alise les activit\u00e9s externalis\u00e9es pour l\u2019op\u00e9rateur \u00e9conomique\r\n<strong>Coordonn\u00e9es de contact de l\u2019entreprise1<\/strong>\r\n<strong>Personne \u00e0 contacter dans l\u2019entreprise<\/strong><\/em>\r\n- Nom et pr\u00e9nom\r\n- Titre de la position\r\n- T\u00e9l\u00e9phone\r\n- Fax\r\n- Courriel\r\nSuppl\u00e9ant\r\n- Nom et pr\u00e9nom\r\n- Titre de la position\r\n- T\u00e9l\u00e9phone\r\n- Fax\r\n- Courriel\r\n<strong>Autres certifications<\/strong><em>\r\n<strong><em>Veuillez le cas \u00e9ch\u00e9ant \u00e9num\u00e9rer les certifications dans le cadre d\u2019autres programmes ou normes de s\u00e9curit\u00e9 ou d\u2019autres agences ou autorit\u00e9s nationales.<\/em><\/strong>\r\nAutres informations concernant l\u2019entreprise\r\nD\u00e9crivez la structure administrative interne de votre entreprise (par ex. au moyen d\u2019un organigramme), ainsi que les t\u00e2ches et responsabilit\u00e9s de chaque service, et \u00e9num\u00e9rez les noms des cadres sup\u00e9rieurs responsables des domaines pertinents pour cette demande (par ex. s\u00e9curit\u00e9, r\u00e9gimes douaniers, questions financi\u00e8res, ressources humaines).\r\nCombien d\u2019employ\u00e9s compte votre entreprise ?\r\nVeuillez d\u00e9crire tout changement planifi\u00e9 connu dans les pratiques ou les relations commerciales de l\u2019entreprise qui pourrait avoir une incidence sur le traitement actuel des marchandises ou la cha\u00eene logistique\r\nVotre entreprise fait-elle appel aux m\u00eames fournisseurs depuis de nombreuses ann\u00e9es ou \u00e0 des fournisseurs saisonniers ?\r\nLes relations avec les fournisseurs de l\u2019entreprise sont-elles formellement contractuelles ou informelles ?\r\nAvez-vous beaucoup de fournisseurs \u00e9trangers ?\r\nVotre cha\u00eene logistique comporte-t-elle beaucoup de marchandises ou seulement quelques marchandises s\u00e9lectionn\u00e9es ?\r\nVos prestataires de services logistiques sont-ils des partenaires commerciaux \u00e9tablis ou changent-ils r\u00e9guli\u00e8rement ?<\/em>","_et_gb_content_width":""},"product_brand":[],"product_cat":[26],"product_tag":[],"class_list":{"0":"post-29892","1":"product","2":"type-product","3":"status-publish","4":"has-post-thumbnail","6":"product_cat-prestations","8":"first","9":"instock","10":"shipping-taxable","11":"purchasable","12":"product-type-simple"},"_links":{"self":[{"href":"https:\/\/www.guichet-online.com\/index.php?rest_route=\/wp\/v2\/product\/29892","targetHints":{"allow":["GET"]}}],"collection":[{"href":"https:\/\/www.guichet-online.com\/index.php?rest_route=\/wp\/v2\/product"}],"about":[{"href":"https:\/\/www.guichet-online.com\/index.php?rest_route=\/wp\/v2\/types\/product"}],"wp:featuredmedia":[{"embeddable":true,"href":"https:\/\/www.guichet-online.com\/index.php?rest_route=\/wp\/v2\/media\/29893"}],"wp:attachment":[{"href":"https:\/\/www.guichet-online.com\/index.php?rest_route=%2Fwp%2Fv2%2Fmedia&parent=29892"}],"wp:term":[{"taxonomy":"product_brand","embeddable":true,"href":"https:\/\/www.guichet-online.com\/index.php?rest_route=%2Fwp%2Fv2%2Fproduct_brand&post=29892"},{"taxonomy":"product_cat","embeddable":true,"href":"https:\/\/www.guichet-online.com\/index.php?rest_route=%2Fwp%2Fv2%2Fproduct_cat&post=29892"},{"taxonomy":"product_tag","embeddable":true,"href":"https:\/\/www.guichet-online.com\/index.php?rest_route=%2Fwp%2Fv2%2Fproduct_tag&post=29892"}],"curies":[{"name":"wp","href":"https:\/\/api.w.org\/{rel}","templated":true}]}}