{"id":29905,"date":"2024-01-22T10:47:37","date_gmt":"2024-01-22T09:47:37","guid":{"rendered":"https:\/\/guichet-online.com\/?post_type=product&#038;p=29905"},"modified":"2024-01-29T16:03:19","modified_gmt":"2024-01-29T15:03:19","slug":"point-a-preuve-du-respect-des-prescriptions-douanieres","status":"publish","type":"product","link":"https:\/\/www.guichet-online.com\/?product=point-a-preuve-du-respect-des-prescriptions-douanieres","title":{"rendered":"Point  A : Preuve du respect des prescriptions douani\u00e8res"},"content":{"rendered":"<p>[et_pb_section fb_built=\u00a0\u00bb1&Prime; _builder_version=\u00a0\u00bb4.17.6&Prime; _dynamic_attributes=\u00a0\u00bblink_option_url\u00a0\u00bb custom_padding=\u00a0\u00bb0px||||false|false\u00a0\u00bb link_option_url=\u00a0\u00bb@ET-DC@eyJkeW5hbWljIjp0cnVlLCJjb250ZW50IjoicG9zdF9saW5rX3VybF9wYWdlIiwic2V0dGluZ3MiOnsicG9zdF9pZCI6IjI5OTk1In19@\u00a0\u00bb hover_enabled=\u00a0\u00bb0&Prime; global_colors_info=\u00a0\u00bb{}\u00a0\u00bb sticky_enabled=\u00a0\u00bb0&Prime;][et_pb_row column_structure=\u00a0\u00bb1_2,1_2&Prime; _builder_version=\u00a0\u00bb4.16&Prime; background_size=\u00a0\u00bbinitial\u00a0\u00bb background_position=\u00a0\u00bbtop_left\u00a0\u00bb background_repeat=\u00a0\u00bbrepeat\u00a0\u00bb width=\u00a0\u00bb100%\u00a0\u00bb custom_padding=\u00a0\u00bb0px||||false|false\u00a0\u00bb hover_enabled=\u00a0\u00bb0&Prime; global_colors_info=\u00a0\u00bb{}\u00a0\u00bb sticky_enabled=\u00a0\u00bb0&Prime;][et_pb_column type=\u00a0\u00bb1_2&Prime; _builder_version=\u00a0\u00bb4.16&Prime; custom_padding=\u00a0\u00bb|||\u00a0\u00bb global_colors_info=\u00a0\u00bb{}\u00a0\u00bb custom_padding__hover=\u00a0\u00bb|||\u00a0\u00bb][et_pb_wc_images admin_label=\u00a0\u00bbIllustration prestation\u00a0\u00bb _builder_version=\u00a0\u00bb4.17.6&Prime; global_colors_info=\u00a0\u00bb{}\u00a0\u00bb][\/et_pb_wc_images][\/et_pb_column][et_pb_column type=\u00a0\u00bb1_2&Prime; _builder_version=\u00a0\u00bb4.16&Prime; custom_padding=\u00a0\u00bb|||\u00a0\u00bb global_colors_info=\u00a0\u00bb{}\u00a0\u00bb custom_padding__hover=\u00a0\u00bb|||\u00a0\u00bb][et_pb_wc_title admin_label=\u00a0\u00bbTitre de la prestation\u00a0\u00bb _builder_version=\u00a0\u00bb4.17.6&Prime; header_font=\u00a0\u00bb|700|||||||\u00a0\u00bb custom_margin=\u00a0\u00bb|||15px|false|false\u00a0\u00bb global_colors_info=\u00a0\u00bb{}\u00a0\u00bb][\/et_pb_wc_title][et_pb_wc_price admin_label=\u00a0\u00bbPrix de la prestation\u00a0\u00bb _builder_version=\u00a0\u00bb4.17.6&Prime; body_font=\u00a0\u00bb|700|||||||\u00a0\u00bb custom_margin=\u00a0\u00bb20px|||15px|false|false\u00a0\u00bb custom_padding=\u00a0\u00bb||0px||false|false\u00a0\u00bb global_colors_info=\u00a0\u00bb{}\u00a0\u00bb][\/et_pb_wc_price][et_pb_wc_description admin_label=\u00a0\u00bbDescription de la prestation\u00a0\u00bb _builder_version=\u00a0\u00bb4.17.6&Prime; body_text_color=\u00a0\u00bb#000000&Prime; body_font_size=\u00a0\u00bb16px\u00a0\u00bb custom_margin=\u00a0\u00bb10px|||15px|false|false\u00a0\u00bb global_colors_info=\u00a0\u00bb{}\u00a0\u00bb][\/et_pb_wc_description][et_pb_wc_add_to_cart product=\u00a0\u00bb29905&Prime; show_quantity=\u00a0\u00bboff\u00a0\u00bb show_stock=\u00a0\u00bboff\u00a0\u00bb admin_label=\u00a0\u00bbR\u00e9server la prestation\u00a0\u00bb _builder_version=\u00a0\u00bb4.17.6&Prime; _dynamic_attributes=\u00a0\u00bblink_option_url\u00a0\u00bb field_label_text_color=\u00a0\u00bb#000000&Prime; field_label_font_size=\u00a0\u00bb16px\u00a0\u00bb fields_font=\u00a0\u00bb|700|||||||\u00a0\u00bb custom_button=\u00a0\u00bbon\u00a0\u00bb button_font=\u00a0\u00bb|700|||||||\u00a0\u00bb custom_margin=\u00a0\u00bb10px|||5px|false|false\u00a0\u00bb link_option_url=\u00a0\u00bb@ET-DC@eyJkeW5hbWljIjp0cnVlLCJjb250ZW50IjoicG9zdF9saW5rX3VybF9wYWdlIiwic2V0dGluZ3MiOnsicG9zdF9pZCI6IjMwMTI5In19@\u00a0\u00bb global_colors_info=\u00a0\u00bb{}\u00a0\u00bb][\/et_pb_wc_add_to_cart][\/et_pb_column][\/et_pb_row][et_pb_row _builder_version=\u00a0\u00bb4.17.6&Prime; _module_preset=\u00a0\u00bbdefault\u00a0\u00bb global_colors_info=\u00a0\u00bb{}\u00a0\u00bb][et_pb_column type=\u00a0\u00bb4_4&Prime; _builder_version=\u00a0\u00bb4.17.6&Prime; _dynamic_attributes=\u00a0\u00bblink_option_url\u00a0\u00bb _module_preset=\u00a0\u00bbdefault\u00a0\u00bb link_option_url=\u00a0\u00bb@ET-DC@eyJkeW5hbWljIjp0cnVlLCJjb250ZW50IjoicG9zdF9saW5rX3VybF9wYWdlIiwic2V0dGluZ3MiOnsicG9zdF9pZCI6IjI5OTk1In19@\u00a0\u00bb global_colors_info=\u00a0\u00bb{}\u00a0\u00bb][et_pb_wc_description product=\u00a0\u00bb29905&Prime; description_type=\u00a0\u00bbdescription\u00a0\u00bb admin_label=\u00a0\u00bbDescription de la prestation\u00a0\u00bb _builder_version=\u00a0\u00bb4.17.6&Prime; _module_preset=\u00a0\u00bbdefault\u00a0\u00bb body_text_color=\u00a0\u00bb#000000&Prime; body_font_size=\u00a0\u00bb16px\u00a0\u00bb body_line_height=\u00a0\u00bb1.5em\u00a0\u00bb custom_margin=\u00a0\u00bb-20px|-60px||-60px|false|false\u00a0\u00bb custom_padding=\u00a0\u00bb|||5px|false|false\u00a0\u00bb border_width_all=\u00a0\u00bb2px\u00a0\u00bb border_color_all=\u00a0\u00bb#FF0000&Prime; border_style_all=\u00a0\u00bbdotted\u00a0\u00bb global_colors_info=\u00a0\u00bb{}\u00a0\u00bb][\/et_pb_wc_description][\/et_pb_column][\/et_pb_row][\/et_pb_section][et_pb_section fb_built=\u00a0\u00bb1&Prime; _builder_version=\u00a0\u00bb4.17.6&Prime; _module_preset=\u00a0\u00bbdefault\u00a0\u00bb global_colors_info=\u00a0\u00bb{}\u00a0\u00bb][\/et_pb_section][et_pb_section fb_built=\u00a0\u00bb1&Prime; _builder_version=\u00a0\u00bb4.17.6&Prime; _module_preset=\u00a0\u00bbdefault\u00a0\u00bb global_colors_info=\u00a0\u00bb{}\u00a0\u00bb][et_pb_row _builder_version=\u00a0\u00bb4.17.6&Prime; _module_preset=\u00a0\u00bbdefault\u00a0\u00bb global_colors_info=\u00a0\u00bb{}\u00a0\u00bb][et_pb_column type=\u00a0\u00bb4_4&Prime; _builder_version=\u00a0\u00bb4.17.6&Prime; _module_preset=\u00a0\u00bbdefault\u00a0\u00bb global_colors_info=\u00a0\u00bb{}\u00a0\u00bb][et_pb_image src=\u00a0\u00bbhttps:\/\/guichet-online.com\/wp-content\/uploads\/2024\/01\/Formulaire-2-300&#215;300-2.jpg\u00a0\u00bb _builder_version=\u00a0\u00bb4.17.6&Prime; _module_preset=\u00a0\u00bbdefault\u00a0\u00bb global_colors_info=\u00a0\u00bb{}\u00a0\u00bb][\/et_pb_image][\/et_pb_column][\/et_pb_row][\/et_pb_section]<\/p>\n","protected":false},"excerpt":{"rendered":"<p>Au moment d\u2019\u00e9valuer les infractions graves, la douane doit tenir compte des \u00e9l\u00e9ments suivants :<br \/>\n\u2022 de la volont\u00e9 d\u00e9lib\u00e9r\u00e9e du demandeur de commettre une fraude ;<br \/>\n\u2022 de la nature de l\u2019infraction ;<br \/>\n\u2022 d\u2019une n\u00e9gligence manifeste, en prenant en consid\u00e9ration la complexit\u00e9 de la l\u00e9gislation douani\u00e8re, les pr\u00e9cautions prises par l\u2019entreprise et son exp\u00e9rience et tout indicateur de risque s\u00e9rieux en mati\u00e8re de s\u00e9curit\u00e9 ou de s\u00fbret\u00e9, et\/ou encore le respect de la r\u00e9glementation douani\u00e8re.<br \/>\n<strong>Les crit\u00e8res doivent garantir que les circonstances relatives \u00e0 toute non-conformit\u00e9 ant\u00e9rieure soient mises en perspective lors de l\u2019\u00e9valuation du respect des exigences.<\/strong><\/p>\n","protected":false},"featured_media":29712,"template":"","meta":{"_et_pb_use_builder":"on","_et_pb_old_content":"Ce crit\u00e8re exige que le demandeur d\u00e9montre un niveau satisfaisant de conformit\u00e9 avec la l\u00e9gislation nationale relative aux douanes et dispose d\u2019un syst\u00e8me efficace pour l\u2019assurance qualit\u00e9 des d\u00e9clarations en douane.\r\nLes crit\u00e8res doivent \u00eatre satisfaits par le demandeur, ou par des personnes d\u00e9sign\u00e9es.\r\nLe demandeur ne doit pas avoir commis, au cours d\u2019une p\u00e9riode d\u00e9termin\u00e9e par le programme national relatif aux op\u00e9rateurs \u00e9conomiques agr\u00e9\u00e9s, d\u2019infraction, telle que d\u00e9finie dans la l\u00e9gislation nationale\/r\u00e9gionale, qui emp\u00eacherait de le d\u00e9signer comme OEA.\r\nLorsque le demandeur est \u00e9tabli depuis une p\u00e9riode inf\u00e9rieure \u00e0 celle d\u00e9termin\u00e9e par le programme national relatif aux op\u00e9-\r\nrateurs \u00e9conomiques agr\u00e9\u00e9s, les administrations des douanes \u00e9valueront la conformit\u00e9 avec le crit\u00e8re susmentionn\u00e9 sur la base des ant\u00e9c\u00e9dents et des informations disponibles.\r\nApr\u00e8s l\u2019identification initiale d\u2019une infraction mineure, l\u2019administration des douanes doit \u00e9galement d\u00e9terminer si l\u2019infraction persiste ou s\u2019assurer que le demandeur en a, apr\u00e8s identification, d\u00e9finitivement \u00e9radiqu\u00e9 la cause, \u00e9cartant tout risque qu\u2019elles surviennent encore \u00e0 l\u2019avenir.\r\nLes demandeurs doivent \u00eatre en mesure de d\u00e9montrer qu\u2019un syst\u00e8me efficace d\u2019assurance qualit\u00e9 des d\u00e9clarations en douane a \u00e9t\u00e9 mis en place afin d\u2019\u00e9viter de futures infractions.\r\nEn revanche, si une infraction se reproduit, elle peut r\u00e9v\u00e9ler des carences dans la gestion interne de l\u2019entreprise concernant l\u2019adoption de mesures destin\u00e9es \u00e0 pr\u00e9venir toute r\u00e9p\u00e9tition de cette infraction.","_et_gb_content_width":""},"product_brand":[],"product_cat":[39,26],"product_tag":[],"class_list":{"0":"post-29905","1":"product","2":"type-product","3":"status-publish","4":"has-post-thumbnail","6":"product_cat-prescription-douanieres","7":"product_cat-prestations","9":"first","10":"instock","11":"shipping-taxable","12":"purchasable","13":"product-type-simple"},"_links":{"self":[{"href":"https:\/\/www.guichet-online.com\/index.php?rest_route=\/wp\/v2\/product\/29905","targetHints":{"allow":["GET"]}}],"collection":[{"href":"https:\/\/www.guichet-online.com\/index.php?rest_route=\/wp\/v2\/product"}],"about":[{"href":"https:\/\/www.guichet-online.com\/index.php?rest_route=\/wp\/v2\/types\/product"}],"wp:featuredmedia":[{"embeddable":true,"href":"https:\/\/www.guichet-online.com\/index.php?rest_route=\/wp\/v2\/media\/29712"}],"wp:attachment":[{"href":"https:\/\/www.guichet-online.com\/index.php?rest_route=%2Fwp%2Fv2%2Fmedia&parent=29905"}],"wp:term":[{"taxonomy":"product_brand","embeddable":true,"href":"https:\/\/www.guichet-online.com\/index.php?rest_route=%2Fwp%2Fv2%2Fproduct_brand&post=29905"},{"taxonomy":"product_cat","embeddable":true,"href":"https:\/\/www.guichet-online.com\/index.php?rest_route=%2Fwp%2Fv2%2Fproduct_cat&post=29905"},{"taxonomy":"product_tag","embeddable":true,"href":"https:\/\/www.guichet-online.com\/index.php?rest_route=%2Fwp%2Fv2%2Fproduct_tag&post=29905"}],"curies":[{"name":"wp","href":"https:\/\/api.w.org\/{rel}","templated":true}]}}