{"id":29907,"date":"2024-01-22T11:11:44","date_gmt":"2024-01-22T10:11:44","guid":{"rendered":"https:\/\/guichet-online.com\/?post_type=product&#038;p=29907"},"modified":"2024-01-29T16:13:55","modified_gmt":"2024-01-29T15:13:55","slug":"point-b-systeme-satisfaisant-de-gestion-des-dossiers-commerciaux","status":"publish","type":"product","link":"https:\/\/www.guichet-online.com\/?product=point-b-systeme-satisfaisant-de-gestion-des-dossiers-commerciaux","title":{"rendered":"Point B: Syst\u00e8me satisfaisant de gestion des dossiers commerciaux"},"content":{"rendered":"<p>[et_pb_section fb_built=\u00a0\u00bb1&Prime; _builder_version=\u00a0\u00bb4.16&Prime; custom_padding=\u00a0\u00bb0px||||false|false\u00a0\u00bb global_colors_info=\u00a0\u00bb{}\u00a0\u00bb][et_pb_row _builder_version=\u00a0\u00bb4.16&Prime; background_size=\u00a0\u00bbinitial\u00a0\u00bb background_position=\u00a0\u00bbtop_left\u00a0\u00bb background_repeat=\u00a0\u00bbrepeat\u00a0\u00bb width=\u00a0\u00bb100%\u00a0\u00bb custom_padding=\u00a0\u00bb0px||0px||false|false\u00a0\u00bb global_colors_info=\u00a0\u00bb{}\u00a0\u00bb][et_pb_column type=\u00a0\u00bb4_4&Prime; _builder_version=\u00a0\u00bb4.16&Prime; custom_padding=\u00a0\u00bb|||\u00a0\u00bb global_colors_info=\u00a0\u00bb{}\u00a0\u00bb custom_padding__hover=\u00a0\u00bb|||\u00a0\u00bb][\/et_pb_column][\/et_pb_row][et_pb_row column_structure=\u00a0\u00bb1_2,1_2&Prime; _builder_version=\u00a0\u00bb4.16&Prime; background_size=\u00a0\u00bbinitial\u00a0\u00bb background_position=\u00a0\u00bbtop_left\u00a0\u00bb background_repeat=\u00a0\u00bbrepeat\u00a0\u00bb width=\u00a0\u00bb100%\u00a0\u00bb custom_padding=\u00a0\u00bb0px||||false|false\u00a0\u00bb global_colors_info=\u00a0\u00bb{}\u00a0\u00bb][et_pb_column type=\u00a0\u00bb1_2&Prime; _builder_version=\u00a0\u00bb4.16&Prime; custom_padding=\u00a0\u00bb|||\u00a0\u00bb global_colors_info=\u00a0\u00bb{}\u00a0\u00bb custom_padding__hover=\u00a0\u00bb|||\u00a0\u00bb][et_pb_wc_images _builder_version=\u00a0\u00bb4.17.6&Prime; custom_margin=\u00a0\u00bb30px||||false|false\u00a0\u00bb global_colors_info=\u00a0\u00bb{}\u00a0\u00bb][\/et_pb_wc_images][\/et_pb_column][et_pb_column type=\u00a0\u00bb1_2&Prime; _builder_version=\u00a0\u00bb4.16&Prime; custom_padding=\u00a0\u00bb|||\u00a0\u00bb global_colors_info=\u00a0\u00bb{}\u00a0\u00bb custom_padding__hover=\u00a0\u00bb|||\u00a0\u00bb][et_pb_wc_title _builder_version=\u00a0\u00bb4.17.6&Prime; header_font=\u00a0\u00bb|700|||||||\u00a0\u00bb custom_margin=\u00a0\u00bb|||15px|false|false\u00a0\u00bb global_colors_info=\u00a0\u00bb{}\u00a0\u00bb][\/et_pb_wc_title][et_pb_wc_price _builder_version=\u00a0\u00bb4.17.6&Prime; body_font=\u00a0\u00bb|700|||||||\u00a0\u00bb custom_margin=\u00a0\u00bb20px|||15px|false|false\u00a0\u00bb hover_enabled=\u00a0\u00bb0&Prime; global_colors_info=\u00a0\u00bb{}\u00a0\u00bb sticky_enabled=\u00a0\u00bb0&Prime;][\/et_pb_wc_price][et_pb_wc_description _builder_version=\u00a0\u00bb4.17.6&Prime; body_text_color=\u00a0\u00bb#000000&Prime; body_font_size=\u00a0\u00bb16px\u00a0\u00bb custom_margin=\u00a0\u00bb10px|||15px|false|false\u00a0\u00bb hover_enabled=\u00a0\u00bb0&Prime; global_colors_info=\u00a0\u00bb{}\u00a0\u00bb sticky_enabled=\u00a0\u00bb0&Prime;][\/et_pb_wc_description][et_pb_wc_add_to_cart _builder_version=\u00a0\u00bb4.17.6&Prime; hover_enabled=\u00a0\u00bb0&Prime; global_colors_info=\u00a0\u00bb{}\u00a0\u00bb show_stock=\u00a0\u00bboff\u00a0\u00bb show_quantity=\u00a0\u00bboff\u00a0\u00bb sticky_enabled=\u00a0\u00bb0&Prime; custom_margin=\u00a0\u00bb10px|||5px|false|false\u00a0\u00bb][\/et_pb_wc_add_to_cart][\/et_pb_column][\/et_pb_row][et_pb_row _builder_version=\u00a0\u00bb4.16&Prime; background_size=\u00a0\u00bbinitial\u00a0\u00bb background_position=\u00a0\u00bbtop_left\u00a0\u00bb background_repeat=\u00a0\u00bbrepeat\u00a0\u00bb width=\u00a0\u00bb100%\u00a0\u00bb global_colors_info=\u00a0\u00bb{}\u00a0\u00bb][et_pb_column type=\u00a0\u00bb4_4&Prime; _builder_version=\u00a0\u00bb4.16&Prime; custom_padding=\u00a0\u00bb|||\u00a0\u00bb global_colors_info=\u00a0\u00bb{}\u00a0\u00bb custom_padding__hover=\u00a0\u00bb|||\u00a0\u00bb][et_pb_wc_tabs _builder_version=\u00a0\u00bb4.17.6&Prime; hover_enabled=\u00a0\u00bb0&Prime; global_colors_info=\u00a0\u00bb{}\u00a0\u00bb custom_margin=\u00a0\u00bb-20px||||false|false\u00a0\u00bb custom_padding=\u00a0\u00bb0px|||0px|false|false\u00a0\u00bb sticky_enabled=\u00a0\u00bb0&Prime;]\t\t\t\t\t[\/et_pb_wc_tabs][\/et_pb_column][\/et_pb_row][\/et_pb_section]<\/p>\n","protected":false},"excerpt":{"rendered":"<p><strong>Syst\u00e8me satisfaisant de gestion des dossiers commerciaux<\/strong><br \/>\nLe demandeur doit disposer d\u2019accords administratifs adapt\u00e9s pour la gestion efficace de la cha\u00eene logistique, ainsi que de contr\u00f4les internes \u00e0 m\u00eame de pr\u00e9venir, de d\u00e9tecter et de corriger les erreurs et de pr\u00e9venir et de d\u00e9tecter les transactions ill\u00e9gales ou irr\u00e9guli\u00e8res.<br \/>\nl\u2019\u00e9l\u00e9ment essentiel pour assurer la s\u00e9curit\u00e9 de la cha\u00eene logistique internationale et le respect de la l\u00e9gislation douani\u00e8re est l\u2019enregistrement pr\u00e9cis des informations qui peuvent \u00eatre v\u00e9rifi\u00e9es et remont\u00e9es \u00e0 leurs sources.<br \/>\nLe demandeur doit avoir recours \u00e0 des mesures de s\u00e9curit\u00e9 informatique ad\u00e9quates qui prot\u00e8gent les dossiers commerciaux contre l\u2019acc\u00e8s par des personnes non autoris\u00e9es.<br \/>\n&#8211; Cadre de gestion des dossieurs commerciaux<br \/>\n&#8211; Syst\u00e8me de gestion des dosseirs commerciaux<br \/>\n&#8211; Syst\u00e8me de contr\u00f4le interne<\/p>\n","protected":false},"featured_media":29908,"template":"","meta":{"_et_pb_use_builder":"on","_et_pb_old_content":"Le demandeur doit disposer d\u2019un syst\u00e8me comptable qui soit compatible avec les principes comptables g\u00e9n\u00e9ralement admis appliqu\u00e9s dans le pays consid\u00e9r\u00e9.\r\nLe demandeur devrait \u00e9galement faciliter les contr\u00f4les douaniers par audit et conserver un historique des donn\u00e9es permettant de les retracer depuis leur entr\u00e9e dans le syst\u00e8me jusqu\u2019\u00e0 leur sortie.\r\nLes \u00e9critures conserv\u00e9es par le demandeur aux fins du contr\u00f4le douanier doivent \u00eatre int\u00e9gr\u00e9es dans le syst\u00e8me comptable ou permettre un recoupement avec les donn\u00e9es de ce m\u00eame syst\u00e8me.\r\nLe demandeur doit permettre l\u2019acc\u00e8s physique et\/ou \u00e9lectronique de l\u2019administration des douanes \u00e0 son syst\u00e8me de gestion comptable et, le cas \u00e9ch\u00e9ant, \u00e0 ses dossiers commerciaux et registres de transport.\r\nSon syst\u00e8me de gestion des flux logistiques doit permettre d\u2019identifier la localisation des marchandises.\r\nLes crit\u00e8res d\u00e9finissent les exigences de base en mati\u00e8re de capacit\u00e9 pour les syst\u00e8mes d\u2019exploitation du demandeur (qu\u2019ils soient manuels ou \u00e9lectroniques).\r\nLes syst\u00e8mes d\u2019exploitation du demandeur peuvent comprendre des syst\u00e8mes informatiques ou des syst\u00e8mes physiques d\u2019archivage. Les processus et les proc\u00e9dures peuvent \u00e9galement faire partie du syst\u00e8me d\u2019exploitation de l\u2019entit\u00e9.\r\nLe demandeur doit disposer d\u2019accords administratifs adapt\u00e9s pour la gestion efficace de la cha\u00eene logistique, ainsi que de contr\u00f4les internes \u00e0 m\u00eame de pr\u00e9venir, de d\u00e9tecter et de corriger les erreurs et de pr\u00e9venir et de d\u00e9tecter les transactions ill\u00e9gales ou irr\u00e9guli\u00e8res.\r\nL\u2019\u00e9l\u00e9ment essentiel pour assurer la s\u00e9curit\u00e9 de la cha\u00eene logistique internationale et le respect de la l\u00e9gislation douani\u00e8re est l\u2019enregistrement pr\u00e9cis des informations qui peuvent \u00eatre v\u00e9rifi\u00e9es et remont\u00e9es \u00e0 leurs sources.\r\nLe demandeur doit avoir recours \u00e0 des mesures de s\u00e9curit\u00e9 informatique ad\u00e9quates qui prot\u00e8gent les dossiers commerciaux contre l\u2019acc\u00e8s par des personnes non autoris\u00e9es.","_et_gb_content_width":""},"product_brand":[],"product_cat":[36,40],"product_tag":[],"class_list":{"0":"post-29907","1":"product","2":"type-product","3":"status-publish","4":"has-post-thumbnail","6":"product_cat-accompagnement","7":"product_cat-gestion-des-dossiers-commerciaux","9":"first","10":"instock","11":"shipping-taxable","12":"purchasable","13":"product-type-simple"},"_links":{"self":[{"href":"https:\/\/www.guichet-online.com\/index.php?rest_route=\/wp\/v2\/product\/29907","targetHints":{"allow":["GET"]}}],"collection":[{"href":"https:\/\/www.guichet-online.com\/index.php?rest_route=\/wp\/v2\/product"}],"about":[{"href":"https:\/\/www.guichet-online.com\/index.php?rest_route=\/wp\/v2\/types\/product"}],"wp:featuredmedia":[{"embeddable":true,"href":"https:\/\/www.guichet-online.com\/index.php?rest_route=\/wp\/v2\/media\/29908"}],"wp:attachment":[{"href":"https:\/\/www.guichet-online.com\/index.php?rest_route=%2Fwp%2Fv2%2Fmedia&parent=29907"}],"wp:term":[{"taxonomy":"product_brand","embeddable":true,"href":"https:\/\/www.guichet-online.com\/index.php?rest_route=%2Fwp%2Fv2%2Fproduct_brand&post=29907"},{"taxonomy":"product_cat","embeddable":true,"href":"https:\/\/www.guichet-online.com\/index.php?rest_route=%2Fwp%2Fv2%2Fproduct_cat&post=29907"},{"taxonomy":"product_tag","embeddable":true,"href":"https:\/\/www.guichet-online.com\/index.php?rest_route=%2Fwp%2Fv2%2Fproduct_tag&post=29907"}],"curies":[{"name":"wp","href":"https:\/\/api.w.org\/{rel}","templated":true}]}}