{"id":30033,"date":"2024-01-25T09:35:33","date_gmt":"2024-01-25T08:35:33","guid":{"rendered":"https:\/\/guichet-online.com\/?post_type=product&#038;p=30033"},"modified":"2024-01-29T17:14:15","modified_gmt":"2024-01-29T16:14:15","slug":"point-e-education-formation-et-information-sur-la-menace","status":"publish","type":"product","link":"https:\/\/www.guichet-online.com\/?product=point-e-education-formation-et-information-sur-la-menace","title":{"rendered":"Point  E: Education, formation et information sur la menace"},"content":{"rendered":"<p>[et_pb_section fb_built=\u00a0\u00bb1&Prime; _builder_version=\u00a0\u00bb4.16&Prime; custom_padding=\u00a0\u00bb0px||||false|false\u00a0\u00bb global_colors_info=\u00a0\u00bb{}\u00a0\u00bb][et_pb_row _builder_version=\u00a0\u00bb4.16&Prime; background_size=\u00a0\u00bbinitial\u00a0\u00bb background_position=\u00a0\u00bbtop_left\u00a0\u00bb background_repeat=\u00a0\u00bbrepeat\u00a0\u00bb width=\u00a0\u00bb100%\u00a0\u00bb custom_padding=\u00a0\u00bb0px||0px||false|false\u00a0\u00bb global_colors_info=\u00a0\u00bb{}\u00a0\u00bb][et_pb_column type=\u00a0\u00bb4_4&Prime; _builder_version=\u00a0\u00bb4.16&Prime; custom_padding=\u00a0\u00bb|||\u00a0\u00bb global_colors_info=\u00a0\u00bb{}\u00a0\u00bb custom_padding__hover=\u00a0\u00bb|||\u00a0\u00bb][\/et_pb_column][\/et_pb_row][et_pb_row column_structure=\u00a0\u00bb1_2,1_2&Prime; _builder_version=\u00a0\u00bb4.16&Prime; background_size=\u00a0\u00bbinitial\u00a0\u00bb background_position=\u00a0\u00bbtop_left\u00a0\u00bb background_repeat=\u00a0\u00bbrepeat\u00a0\u00bb width=\u00a0\u00bb100%\u00a0\u00bb custom_padding=\u00a0\u00bb0px||||false|false\u00a0\u00bb global_colors_info=\u00a0\u00bb{}\u00a0\u00bb][et_pb_column type=\u00a0\u00bb1_2&Prime; _builder_version=\u00a0\u00bb4.16&Prime; custom_padding=\u00a0\u00bb|||\u00a0\u00bb global_colors_info=\u00a0\u00bb{}\u00a0\u00bb custom_padding__hover=\u00a0\u00bb|||\u00a0\u00bb][et_pb_wc_images _builder_version=\u00a0\u00bb4.17.6&Prime; custom_margin=\u00a0\u00bb65px||||false|false\u00a0\u00bb global_colors_info=\u00a0\u00bb{}\u00a0\u00bb][\/et_pb_wc_images][\/et_pb_column][et_pb_column type=\u00a0\u00bb1_2&Prime; _builder_version=\u00a0\u00bb4.16&Prime; custom_padding=\u00a0\u00bb|||\u00a0\u00bb global_colors_info=\u00a0\u00bb{}\u00a0\u00bb custom_padding__hover=\u00a0\u00bb|||\u00a0\u00bb][et_pb_wc_title _builder_version=\u00a0\u00bb4.17.6&Prime; header_font=\u00a0\u00bb|700|||||||\u00a0\u00bb custom_margin=\u00a0\u00bb|||15px|false|false\u00a0\u00bb global_colors_info=\u00a0\u00bb{}\u00a0\u00bb][\/et_pb_wc_title][et_pb_wc_price _builder_version=\u00a0\u00bb4.17.6&Prime; body_font=\u00a0\u00bb|700|||||||\u00a0\u00bb custom_margin=\u00a0\u00bb20px|||15px|false|false\u00a0\u00bb global_colors_info=\u00a0\u00bb{}\u00a0\u00bb][\/et_pb_wc_price][et_pb_wc_description _builder_version=\u00a0\u00bb4.17.6&Prime; body_text_color=\u00a0\u00bb#000000&Prime; body_font_size=\u00a0\u00bb16px\u00a0\u00bb custom_margin=\u00a0\u00bb10px|||15px|false|false\u00a0\u00bb global_colors_info=\u00a0\u00bb{}\u00a0\u00bb][\/et_pb_wc_description][et_pb_wc_add_to_cart _builder_version=\u00a0\u00bb4.17.6&Prime; custom_margin=\u00a0\u00bb10px|||15px|false|false\u00a0\u00bb hover_enabled=\u00a0\u00bb0&Prime; global_colors_info=\u00a0\u00bb{}\u00a0\u00bb sticky_enabled=\u00a0\u00bb0&Prime; show_quantity=\u00a0\u00bboff\u00a0\u00bb show_stock=\u00a0\u00bboff\u00a0\u00bb][\/et_pb_wc_add_to_cart][\/et_pb_column][\/et_pb_row][et_pb_row _builder_version=\u00a0\u00bb4.16&Prime; background_size=\u00a0\u00bbinitial\u00a0\u00bb background_position=\u00a0\u00bbtop_left\u00a0\u00bb background_repeat=\u00a0\u00bbrepeat\u00a0\u00bb width=\u00a0\u00bb100%\u00a0\u00bb global_colors_info=\u00a0\u00bb{}\u00a0\u00bb][et_pb_column type=\u00a0\u00bb4_4&Prime; _builder_version=\u00a0\u00bb4.16&Prime; custom_padding=\u00a0\u00bb|||\u00a0\u00bb global_colors_info=\u00a0\u00bb{}\u00a0\u00bb custom_padding__hover=\u00a0\u00bb|||\u00a0\u00bb][et_pb_wc_tabs _builder_version=\u00a0\u00bb4.17.6&Prime; custom_margin=\u00a0\u00bb-40px||||false|false\u00a0\u00bb custom_padding=\u00a0\u00bb0px||||false|false\u00a0\u00bb hover_enabled=\u00a0\u00bb0&Prime; global_colors_info=\u00a0\u00bb{}\u00a0\u00bb sticky_enabled=\u00a0\u00bb0&Prime;]\t\t\t\t\t[\/et_pb_wc_tabs][\/et_pb_column][\/et_pb_row][\/et_pb_section]<\/p>\n","protected":false},"excerpt":{"rendered":"<p>L&rsquo;entreprise doit donc r\u00e9pondre aux questions ci-dessous et pr\u00e9senter les informations.<br \/>\n\u2022 Assurer la continuit\u00e9 des activit\u00e9s et la r\u00e9activation de l\u2019en- semble du syst\u00e8me de s\u00e9curit\u00e9 ;<br \/>\n\u2022 Veiller \u00e0 ce que les incidents soient correctement examin\u00e9s et analys\u00e9s pour identifier les possibilit\u00e9s d\u2019am\u00e9lioration ;<br \/>\n\u2022 Elaborer des proc\u00e9dures visant \u00e0 faire rapport, en temps opportun, d\u2019un incident ou d\u2019une situation de risque \u00e0 l\u2019administration des douanes ;<br \/>\n\u2022 S\u2019assurer que le personnel est bien inform\u00e9 des d\u00e9tails du plan de s\u00e9curit\u00e9, afin de prendre des mesures correctives opportunes et appropri\u00e9es pour faire face \u00e0 des sc\u00e9narios de menace \u00e0 la s\u00e9curit\u00e9 ;<br \/>\n\u2022 Former le personnel et les partenaires commerciaux en ce qui concerne les risques li\u00e9s \u00e0 la cha\u00eene logistique internationale et assurer une formation ad\u00e9quate pour le personnel afin de le familiariser avec les mesures d\u2019urgence.<\/p>\n","protected":false},"featured_media":29712,"template":"","meta":{"_et_pb_use_builder":"on","_et_pb_old_content":"Le demandeur est tenu de mettre en place des m\u00e9canismes d\u2019\u00e9ducation et de formation du personnel concernant les politiques de s\u00e9curit\u00e9 et la reconnaissance des \u00e9carts par rapport \u00e0 ces politiques.\r\nLes mesures qui doivent \u00eatre prises en r\u00e9ponse aux d\u00e9faillances en mati\u00e8re de s\u00e9curit\u00e9 doivent \u00eatre clairement comprises.\r\nUne formation pertinente peut porter sur les mesures, les proc\u00e9dures et les politiques de s\u00e9curit\u00e9 mises en place par le demandeur pour garantir l\u2019int\u00e9grit\u00e9 de la cha\u00eene logistique internationale.\r\nLe demandeur doit disposer d\u2019un plan de s\u00e9curit\u00e9 et mettre en \u0153uvre un programme de sensibilisation \u00e0 la s\u00e9curit\u00e9 pr\u00e9parant les employ\u00e9s \u00e0 g\u00e9rer une crise ou une faille de s\u00e9curit\u00e9 pouvant interrompre les op\u00e9rations, dont le but est de :\r\n\u2022 Assurer la continuit\u00e9 des activit\u00e9s et la r\u00e9activation de l\u2019en- semble du syst\u00e8me de s\u00e9curit\u00e9 ;\r\n\u2022 Veiller \u00e0 ce que les incidents soient correctement examin\u00e9s et analys\u00e9s pour identifier les possibilit\u00e9s d\u2019am\u00e9lioration ;\r\n\u2022 Elaborer des proc\u00e9dures visant \u00e0 faire rapport, en temps opportun, d\u2019un incident ou d\u2019une situation de risque \u00e0 l\u2019ad- ministration des douanes ;\r\n\u2022 S\u2019assurer que le personnel est bien inform\u00e9 des d\u00e9tails du plan de s\u00e9curit\u00e9, afin de prendre des mesures correctives opportunes et appropri\u00e9es pour faire face \u00e0 des sc\u00e9narios de menace \u00e0 la s\u00e9curit\u00e9 ;\r\n\u2022 Former le personnel et les partenaires commerciaux en ce qui concerne les risques li\u00e9s \u00e0 la cha\u00eene logistique interna- tionale et assurer une formation ad\u00e9quate pour le personnel afin de le familiariser avec les mesures d\u2019urgence.","_et_gb_content_width":""},"product_brand":[],"product_cat":[36,39],"product_tag":[],"class_list":{"0":"post-30033","1":"product","2":"type-product","3":"status-publish","4":"has-post-thumbnail","6":"product_cat-accompagnement","7":"product_cat-prescription-douanieres","9":"first","10":"instock","11":"virtual","12":"purchasable","13":"product-type-simple"},"_links":{"self":[{"href":"https:\/\/www.guichet-online.com\/index.php?rest_route=\/wp\/v2\/product\/30033","targetHints":{"allow":["GET"]}}],"collection":[{"href":"https:\/\/www.guichet-online.com\/index.php?rest_route=\/wp\/v2\/product"}],"about":[{"href":"https:\/\/www.guichet-online.com\/index.php?rest_route=\/wp\/v2\/types\/product"}],"wp:featuredmedia":[{"embeddable":true,"href":"https:\/\/www.guichet-online.com\/index.php?rest_route=\/wp\/v2\/media\/29712"}],"wp:attachment":[{"href":"https:\/\/www.guichet-online.com\/index.php?rest_route=%2Fwp%2Fv2%2Fmedia&parent=30033"}],"wp:term":[{"taxonomy":"product_brand","embeddable":true,"href":"https:\/\/www.guichet-online.com\/index.php?rest_route=%2Fwp%2Fv2%2Fproduct_brand&post=30033"},{"taxonomy":"product_cat","embeddable":true,"href":"https:\/\/www.guichet-online.com\/index.php?rest_route=%2Fwp%2Fv2%2Fproduct_cat&post=30033"},{"taxonomy":"product_tag","embeddable":true,"href":"https:\/\/www.guichet-online.com\/index.php?rest_route=%2Fwp%2Fv2%2Fproduct_tag&post=30033"}],"curies":[{"name":"wp","href":"https:\/\/api.w.org\/{rel}","templated":true}]}}