{"id":30044,"date":"2024-01-25T11:00:48","date_gmt":"2024-01-25T10:00:48","guid":{"rendered":"https:\/\/guichet-online.com\/?post_type=product&#038;p=30044"},"modified":"2024-01-29T18:03:04","modified_gmt":"2024-01-29T17:03:04","slug":"point-j-securite-relative-au-personnel","status":"publish","type":"product","link":"https:\/\/www.guichet-online.com\/?product=point-j-securite-relative-au-personnel","title":{"rendered":"Point J: S\u00e9curit\u00e9 relative au personnel"},"content":{"rendered":"<p>[et_pb_section fb_built=\u00a0\u00bb1&Prime; _builder_version=\u00a0\u00bb4.16&Prime; custom_padding=\u00a0\u00bb0px||||false|false\u00a0\u00bb global_colors_info=\u00a0\u00bb{}\u00a0\u00bb][et_pb_row _builder_version=\u00a0\u00bb4.16&Prime; background_size=\u00a0\u00bbinitial\u00a0\u00bb background_position=\u00a0\u00bbtop_left\u00a0\u00bb background_repeat=\u00a0\u00bbrepeat\u00a0\u00bb width=\u00a0\u00bb100%\u00a0\u00bb custom_padding=\u00a0\u00bb0px||0px||false|false\u00a0\u00bb global_colors_info=\u00a0\u00bb{}\u00a0\u00bb][et_pb_column type=\u00a0\u00bb4_4&Prime; _builder_version=\u00a0\u00bb4.16&Prime; custom_padding=\u00a0\u00bb|||\u00a0\u00bb global_colors_info=\u00a0\u00bb{}\u00a0\u00bb custom_padding__hover=\u00a0\u00bb|||\u00a0\u00bb][\/et_pb_column][\/et_pb_row][et_pb_row column_structure=\u00a0\u00bb1_2,1_2&Prime; _builder_version=\u00a0\u00bb4.16&Prime; background_size=\u00a0\u00bbinitial\u00a0\u00bb background_position=\u00a0\u00bbtop_left\u00a0\u00bb background_repeat=\u00a0\u00bbrepeat\u00a0\u00bb width=\u00a0\u00bb100%\u00a0\u00bb custom_padding=\u00a0\u00bb0px||||false|false\u00a0\u00bb global_colors_info=\u00a0\u00bb{}\u00a0\u00bb][et_pb_column type=\u00a0\u00bb1_2&Prime; _builder_version=\u00a0\u00bb4.16&Prime; custom_padding=\u00a0\u00bb|||\u00a0\u00bb global_colors_info=\u00a0\u00bb{}\u00a0\u00bb custom_padding__hover=\u00a0\u00bb|||\u00a0\u00bb][et_pb_wc_images _builder_version=\u00a0\u00bb4.17.6&Prime; custom_margin=\u00a0\u00bb65px||||false|false\u00a0\u00bb global_colors_info=\u00a0\u00bb{}\u00a0\u00bb][\/et_pb_wc_images][\/et_pb_column][et_pb_column type=\u00a0\u00bb1_2&Prime; _builder_version=\u00a0\u00bb4.16&Prime; custom_padding=\u00a0\u00bb|||\u00a0\u00bb global_colors_info=\u00a0\u00bb{}\u00a0\u00bb custom_padding__hover=\u00a0\u00bb|||\u00a0\u00bb][et_pb_wc_title _builder_version=\u00a0\u00bb4.17.6&Prime; header_font=\u00a0\u00bb|700|||||||\u00a0\u00bb custom_margin=\u00a0\u00bb|||15px|false|false\u00a0\u00bb global_colors_info=\u00a0\u00bb{}\u00a0\u00bb][\/et_pb_wc_title][et_pb_wc_price _builder_version=\u00a0\u00bb4.17.6&Prime; body_font=\u00a0\u00bb|700|||||||\u00a0\u00bb custom_margin=\u00a0\u00bb20px|||15px|false|false\u00a0\u00bb global_colors_info=\u00a0\u00bb{}\u00a0\u00bb][\/et_pb_wc_price][et_pb_wc_description _builder_version=\u00a0\u00bb4.17.6&Prime; body_text_color=\u00a0\u00bb#000000&Prime; body_font_size=\u00a0\u00bb16px\u00a0\u00bb custom_margin=\u00a0\u00bb10px|||15px|false|false\u00a0\u00bb global_colors_info=\u00a0\u00bb{}\u00a0\u00bb][\/et_pb_wc_description][et_pb_wc_add_to_cart show_quantity=\u00a0\u00bboff\u00a0\u00bb show_stock=\u00a0\u00bboff\u00a0\u00bb _builder_version=\u00a0\u00bb4.17.6&Prime; custom_margin=\u00a0\u00bb10px|||15px|false|false\u00a0\u00bb global_colors_info=\u00a0\u00bb{}\u00a0\u00bb][\/et_pb_wc_add_to_cart][\/et_pb_column][\/et_pb_row][et_pb_row _builder_version=\u00a0\u00bb4.16&Prime; background_size=\u00a0\u00bbinitial\u00a0\u00bb background_position=\u00a0\u00bbtop_left\u00a0\u00bb background_repeat=\u00a0\u00bbrepeat\u00a0\u00bb width=\u00a0\u00bb100%\u00a0\u00bb global_colors_info=\u00a0\u00bb{}\u00a0\u00bb][et_pb_column type=\u00a0\u00bb4_4&Prime; _builder_version=\u00a0\u00bb4.16&Prime; custom_padding=\u00a0\u00bb|||\u00a0\u00bb global_colors_info=\u00a0\u00bb{}\u00a0\u00bb custom_padding__hover=\u00a0\u00bb|||\u00a0\u00bb][et_pb_wc_tabs _builder_version=\u00a0\u00bb4.17.6&Prime; custom_margin=\u00a0\u00bb-30px||||false|false\u00a0\u00bb global_colors_info=\u00a0\u00bb{}\u00a0\u00bb]\t\t\t\t\t[\/et_pb_wc_tabs][\/et_pb_column][\/et_pb_row][\/et_pb_section]<\/p>\n","protected":false},"excerpt":{"rendered":"<p><strong>Les principaux domaines qui doivent toujours faire l\u2019objet d\u2019une v\u00e9rification sont les suivants :<\/strong><br \/>\n\u2022 La politique de l\u2019OE en mati\u00e8re d\u2019emploi ;<br \/>\n\u2022 Le contr\u00f4le de s\u00e9curit\u00e9 des potentiels employ\u00e9s \u00e0 des postes sensibles, tels des postes \u00e0 responsabilit\u00e9 dans le domaine de la s\u00e9curit\u00e9, des douanes ou du recrutement, et des postes associ\u00e9s \u00e0 l\u2019entr\u00e9e, la sortie et au stockage des marchanises ; et<br \/>\n\u2022 La politique et les proc\u00e9dures en cas de d\u00e9part ou de renvoi des employ\u00e9s.<br \/>\nLe demandeur peut \u00e9galement entretenir des relations com- merciales contractuelles avec d\u2019autres parties comprenant des soci\u00e9t\u00e9s de nettoyage, de restauration, des fournisseurs de logiciels, des soci\u00e9t\u00e9s de gardiennage ou des contractants \u00e0 court terme qui peuvent avoir un impact crucial sur la s\u00e9cu- rit\u00e9 et les syst\u00e8mes de gestion douani\u00e8re du demandeur.<br \/>\nPar cons\u00e9quent et \u00e0 des fins de s\u00fbret\u00e9 et de s\u00e9curit\u00e9, le demandeur doit prendre des mesures appropri\u00e9es \u00e0 leur \u00e9gard, au m\u00eame titre que pour ses partenaires commerciaux.<br \/>\nCe crit\u00e8re exige des proc\u00e9dures d\u2019identification des employ\u00e9s pour identifier, enregistrer et g\u00e9rer les personnes non autoris\u00e9es et non identifi\u00e9es et des registres d\u2019enregistrement pour les visiteurs et les fournisseurs aux points d\u2019entr\u00e9e.<\/p>\n","protected":false},"featured_media":29712,"template":"","meta":{"_et_pb_use_builder":"on","_et_pb_old_content":"Ce crit\u00e8re exige que des pr\u00e9cautions raisonnables soient prises lors du recrutement du personnel pour v\u00e9rifier que les personnes n\u2019ont pas d\u00e9j\u00e0 \u00e9t\u00e9 condamn\u00e9es pour des infractions douani\u00e8res li\u00e9es \u00e0 la s\u00e9curit\u00e9 ou pour d\u2019autres infractions.\r\nCes pr\u00e9cautions comprendront la v\u00e9rification des ant\u00e9c\u00e9dents des employ\u00e9s qui occupent des postes sensibles sur le plan de la s\u00e9curit\u00e9 (\u00e0 effectuer p\u00e9riodiquement ou au fur et \u00e0 mesure des besoins).\r\nDes mesures suppl\u00e9mentaires consisteront en des proc\u00e9dures visant \u00e0 supprimer l\u2019identification des employ\u00e9s dont le contrat de travail a \u00e9t\u00e9 r\u00e9sili\u00e9 et leur acc\u00e8s aux locaux ou aux syst\u00e8mes d\u2019information.\r\nLes processus de contr\u00f4le peuvent comprendre une v\u00e9rification pr\u00e9alable \u00e0 l\u2019embauche et des v\u00e9rifications d\u2019ant\u00e9c\u00e9dents.\r\n<strong>Des mesures de s\u00e9curit\u00e9 doivent \u00eatre instaur\u00e9es pour emp\u00eacher l\u2019infiltration de personnel non autoris\u00e9, susceptible de constituer une menace pour la s\u00e9curit\u00e9. <\/strong>","_et_gb_content_width":""},"product_brand":[],"product_cat":[36,39],"product_tag":[],"class_list":{"0":"post-30044","1":"product","2":"type-product","3":"status-publish","4":"has-post-thumbnail","6":"product_cat-accompagnement","7":"product_cat-prescription-douanieres","9":"first","10":"instock","11":"virtual","12":"purchasable","13":"product-type-simple"},"_links":{"self":[{"href":"https:\/\/www.guichet-online.com\/index.php?rest_route=\/wp\/v2\/product\/30044","targetHints":{"allow":["GET"]}}],"collection":[{"href":"https:\/\/www.guichet-online.com\/index.php?rest_route=\/wp\/v2\/product"}],"about":[{"href":"https:\/\/www.guichet-online.com\/index.php?rest_route=\/wp\/v2\/types\/product"}],"wp:featuredmedia":[{"embeddable":true,"href":"https:\/\/www.guichet-online.com\/index.php?rest_route=\/wp\/v2\/media\/29712"}],"wp:attachment":[{"href":"https:\/\/www.guichet-online.com\/index.php?rest_route=%2Fwp%2Fv2%2Fmedia&parent=30044"}],"wp:term":[{"taxonomy":"product_brand","embeddable":true,"href":"https:\/\/www.guichet-online.com\/index.php?rest_route=%2Fwp%2Fv2%2Fproduct_brand&post=30044"},{"taxonomy":"product_cat","embeddable":true,"href":"https:\/\/www.guichet-online.com\/index.php?rest_route=%2Fwp%2Fv2%2Fproduct_cat&post=30044"},{"taxonomy":"product_tag","embeddable":true,"href":"https:\/\/www.guichet-online.com\/index.php?rest_route=%2Fwp%2Fv2%2Fproduct_tag&post=30044"}],"curies":[{"name":"wp","href":"https:\/\/api.w.org\/{rel}","templated":true}]}}