{"id":30100,"date":"2024-01-26T10:26:49","date_gmt":"2024-01-26T09:26:49","guid":{"rendered":"https:\/\/guichet-online.com\/?post_type=product&#038;p=30100"},"modified":"2024-01-29T18:07:19","modified_gmt":"2024-01-29T17:07:19","slug":"point-k-securite-liee-aux-partenaires","status":"publish","type":"product","link":"https:\/\/www.guichet-online.com\/?product=point-k-securite-liee-aux-partenaires","title":{"rendered":"Point K: S\u00e9curit\u00e9 li\u00e9e aux partenaires"},"content":{"rendered":"<p>[et_pb_section fb_built=\u00a0\u00bb1&Prime; _builder_version=\u00a0\u00bb4.16&Prime; custom_padding=\u00a0\u00bb0px||||false|false\u00a0\u00bb global_colors_info=\u00a0\u00bb{}\u00a0\u00bb][et_pb_row _builder_version=\u00a0\u00bb4.16&Prime; background_size=\u00a0\u00bbinitial\u00a0\u00bb background_position=\u00a0\u00bbtop_left\u00a0\u00bb background_repeat=\u00a0\u00bbrepeat\u00a0\u00bb width=\u00a0\u00bb100%\u00a0\u00bb custom_padding=\u00a0\u00bb0px||0px||false|false\u00a0\u00bb global_colors_info=\u00a0\u00bb{}\u00a0\u00bb][et_pb_column type=\u00a0\u00bb4_4&Prime; _builder_version=\u00a0\u00bb4.16&Prime; custom_padding=\u00a0\u00bb|||\u00a0\u00bb global_colors_info=\u00a0\u00bb{}\u00a0\u00bb custom_padding__hover=\u00a0\u00bb|||\u00a0\u00bb][\/et_pb_column][\/et_pb_row][et_pb_row column_structure=\u00a0\u00bb1_2,1_2&Prime; _builder_version=\u00a0\u00bb4.16&Prime; background_size=\u00a0\u00bbinitial\u00a0\u00bb background_position=\u00a0\u00bbtop_left\u00a0\u00bb background_repeat=\u00a0\u00bbrepeat\u00a0\u00bb width=\u00a0\u00bb100%\u00a0\u00bb custom_padding=\u00a0\u00bb0px||||false|false\u00a0\u00bb global_colors_info=\u00a0\u00bb{}\u00a0\u00bb][et_pb_column type=\u00a0\u00bb1_2&Prime; _builder_version=\u00a0\u00bb4.16&Prime; custom_padding=\u00a0\u00bb|||\u00a0\u00bb global_colors_info=\u00a0\u00bb{}\u00a0\u00bb custom_padding__hover=\u00a0\u00bb|||\u00a0\u00bb][et_pb_wc_images _builder_version=\u00a0\u00bb4.17.6&Prime; custom_margin=\u00a0\u00bb65px||||false|false\u00a0\u00bb global_colors_info=\u00a0\u00bb{}\u00a0\u00bb][\/et_pb_wc_images][\/et_pb_column][et_pb_column type=\u00a0\u00bb1_2&Prime; _builder_version=\u00a0\u00bb4.16&Prime; custom_padding=\u00a0\u00bb|||\u00a0\u00bb global_colors_info=\u00a0\u00bb{}\u00a0\u00bb custom_padding__hover=\u00a0\u00bb|||\u00a0\u00bb][et_pb_wc_title _builder_version=\u00a0\u00bb4.17.6&Prime; header_font=\u00a0\u00bb|700|||||||\u00a0\u00bb custom_margin=\u00a0\u00bb|||15px|false|false\u00a0\u00bb global_colors_info=\u00a0\u00bb{}\u00a0\u00bb][\/et_pb_wc_title][et_pb_wc_price _builder_version=\u00a0\u00bb4.17.6&Prime; body_font=\u00a0\u00bb|700|||||||\u00a0\u00bb custom_margin=\u00a0\u00bb20px|||15px|false|false\u00a0\u00bb global_colors_info=\u00a0\u00bb{}\u00a0\u00bb][\/et_pb_wc_price][et_pb_wc_description _builder_version=\u00a0\u00bb4.17.6&Prime; body_text_color=\u00a0\u00bb#000000&Prime; body_font_size=\u00a0\u00bb16px\u00a0\u00bb custom_margin=\u00a0\u00bb10px|||15px|false|false\u00a0\u00bb global_colors_info=\u00a0\u00bb{}\u00a0\u00bb][\/et_pb_wc_description][et_pb_wc_add_to_cart show_quantity=\u00a0\u00bboff\u00a0\u00bb show_stock=\u00a0\u00bboff\u00a0\u00bb _builder_version=\u00a0\u00bb4.17.6&Prime; custom_margin=\u00a0\u00bb10px|||15px|false|false\u00a0\u00bb global_colors_info=\u00a0\u00bb{}\u00a0\u00bb][\/et_pb_wc_add_to_cart][\/et_pb_column][\/et_pb_row][et_pb_row _builder_version=\u00a0\u00bb4.16&Prime; background_size=\u00a0\u00bbinitial\u00a0\u00bb background_position=\u00a0\u00bbtop_left\u00a0\u00bb background_repeat=\u00a0\u00bbrepeat\u00a0\u00bb width=\u00a0\u00bb100%\u00a0\u00bb global_colors_info=\u00a0\u00bb{}\u00a0\u00bb][et_pb_column type=\u00a0\u00bb4_4&Prime; _builder_version=\u00a0\u00bb4.16&Prime; custom_padding=\u00a0\u00bb|||\u00a0\u00bb global_colors_info=\u00a0\u00bb{}\u00a0\u00bb custom_padding__hover=\u00a0\u00bb|||\u00a0\u00bb][et_pb_wc_tabs _builder_version=\u00a0\u00bb4.17.6&Prime; custom_margin=\u00a0\u00bb-20px||||false|false\u00a0\u00bb global_colors_info=\u00a0\u00bb{}\u00a0\u00bb]\t\t\t\t\t[\/et_pb_wc_tabs][\/et_pb_column][\/et_pb_row][\/et_pb_section]<\/p>\n","protected":false},"excerpt":{"rendered":"<p>Cette section est n\u00e9cessaire pour garantir la s\u00e9curit\u00e9 de la cha\u00eene logistique internationale du demandeur et les pratiques respectueuses des r\u00e8gles com- merciales lorsque le demandeur n\u2019entreprend pas toutes les activit\u00e9s qui font partie de sa cha\u00eene logistique internationale.<\/p>\n","protected":false},"featured_media":29712,"template":"","meta":{"_et_pb_use_builder":"on","_et_pb_old_content":"L\u2019obligation de satisfaire aux crit\u00e8res de qualification doit tenir compte de la diversit\u00e9 des mod\u00e8les d\u2019entreprise et des r\u00f4les dans la cha\u00eene logistique internationale.\r\nCe crit\u00e8re inclura les mod\u00e8les d\u2019entreprise dans lesquels des partenaires commerciaux et des tiers peuvent \u00eatre engag\u00e9s pour entreprendre une activit\u00e9 qui fait partie de la cha\u00eene logistique internationale de l\u2019entit\u00e9.\r\nDans certains mod\u00e8les d\u2019entreprise, l\u2019entit\u00e9 peut avoir un contr\u00f4le direct sur l\u2019ensemble des activit\u00e9s de sa cha\u00eene logistique internationale alors que, dans d\u2019autres mod\u00e8les, il se peut qu\u2019il n\u2019y ait pas de contr\u00f4le direct.\r\nDes mesures de s\u00e9curit\u00e9 doivent \u00eatre instaur\u00e9es afin de permettre au demandeur de d\u00e9terminer clairement qui sont les partenaires commerciaux.\r\nDes mesures suppl\u00e9mentaires doivent \u00eatre mises en place pour garantir, \u00e0 travers la mise en \u0153uvre des dispositions contractuelles appropri\u00e9es ou d\u2019autres mesures pertinentes, que ces partenaires commerciaux assurent la s\u00e9curit\u00e9 de la part de la cha\u00eene logistique internationale qui leur incombe.\r\nCette section est n\u00e9cessaire pour garantir la s\u00e9curit\u00e9 de la cha\u00eene logistique internationale du demandeur et les pratiques respectueuses des r\u00e8gles com- merciales lorsque le demandeur n\u2019entreprend pas toutes les activit\u00e9s qui font partie de sa cha\u00eene logistique internationale.","_et_gb_content_width":""},"product_brand":[],"product_cat":[36,39],"product_tag":[],"class_list":{"0":"post-30100","1":"product","2":"type-product","3":"status-publish","4":"has-post-thumbnail","6":"product_cat-accompagnement","7":"product_cat-prescription-douanieres","9":"first","10":"instock","11":"virtual","12":"purchasable","13":"product-type-simple"},"_links":{"self":[{"href":"https:\/\/www.guichet-online.com\/index.php?rest_route=\/wp\/v2\/product\/30100","targetHints":{"allow":["GET"]}}],"collection":[{"href":"https:\/\/www.guichet-online.com\/index.php?rest_route=\/wp\/v2\/product"}],"about":[{"href":"https:\/\/www.guichet-online.com\/index.php?rest_route=\/wp\/v2\/types\/product"}],"wp:featuredmedia":[{"embeddable":true,"href":"https:\/\/www.guichet-online.com\/index.php?rest_route=\/wp\/v2\/media\/29712"}],"wp:attachment":[{"href":"https:\/\/www.guichet-online.com\/index.php?rest_route=%2Fwp%2Fv2%2Fmedia&parent=30100"}],"wp:term":[{"taxonomy":"product_brand","embeddable":true,"href":"https:\/\/www.guichet-online.com\/index.php?rest_route=%2Fwp%2Fv2%2Fproduct_brand&post=30100"},{"taxonomy":"product_cat","embeddable":true,"href":"https:\/\/www.guichet-online.com\/index.php?rest_route=%2Fwp%2Fv2%2Fproduct_cat&post=30100"},{"taxonomy":"product_tag","embeddable":true,"href":"https:\/\/www.guichet-online.com\/index.php?rest_route=%2Fwp%2Fv2%2Fproduct_tag&post=30100"}],"curies":[{"name":"wp","href":"https:\/\/api.w.org\/{rel}","templated":true}]}}