{"id":30334,"date":"2024-02-01T16:41:48","date_gmt":"2024-02-01T15:41:48","guid":{"rendered":"https:\/\/guichet-online.com\/?post_type=product&#038;p=30334"},"modified":"2024-02-05T18:18:59","modified_gmt":"2024-02-05T17:18:59","slug":"mise-en-place-organisation-qualite-iso-9001","status":"publish","type":"product","link":"https:\/\/www.guichet-online.com\/?product=mise-en-place-organisation-qualite-iso-9001","title":{"rendered":"MISE EN PLACE ORGANISATION QUALITE ISO 9001"},"content":{"rendered":"<p>[et_pb_section fb_built=\u00a0\u00bb1&Prime; _builder_version=\u00a0\u00bb4.16&Prime; custom_padding=\u00a0\u00bb0px||||false|false\u00a0\u00bb global_colors_info=\u00a0\u00bb{}\u00a0\u00bb][et_pb_row _builder_version=\u00a0\u00bb4.16&Prime; background_size=\u00a0\u00bbinitial\u00a0\u00bb background_position=\u00a0\u00bbtop_left\u00a0\u00bb background_repeat=\u00a0\u00bbrepeat\u00a0\u00bb width=\u00a0\u00bb100%\u00a0\u00bb custom_padding=\u00a0\u00bb0px||0px||false|false\u00a0\u00bb global_colors_info=\u00a0\u00bb{}\u00a0\u00bb][et_pb_column type=\u00a0\u00bb4_4&Prime; _builder_version=\u00a0\u00bb4.16&Prime; custom_padding=\u00a0\u00bb|||\u00a0\u00bb global_colors_info=\u00a0\u00bb{}\u00a0\u00bb custom_padding__hover=\u00a0\u00bb|||\u00a0\u00bb][\/et_pb_column][\/et_pb_row][et_pb_row _builder_version=\u00a0\u00bb4.17.6&Prime; background_size=\u00a0\u00bbinitial\u00a0\u00bb background_position=\u00a0\u00bbtop_left\u00a0\u00bb background_repeat=\u00a0\u00bbrepeat\u00a0\u00bb width=\u00a0\u00bb100%\u00a0\u00bb custom_padding=\u00a0\u00bb0px||||false|false\u00a0\u00bb global_colors_info=\u00a0\u00bb{}\u00a0\u00bb][et_pb_column type=\u00a0\u00bb4_4&Prime; _builder_version=\u00a0\u00bb4.16&Prime; custom_padding=\u00a0\u00bb|||\u00a0\u00bb global_colors_info=\u00a0\u00bb{}\u00a0\u00bb custom_padding__hover=\u00a0\u00bb|||\u00a0\u00bb][et_pb_wc_title _builder_version=\u00a0\u00bb4.17.6&Prime; header_font=\u00a0\u00bb|700|||||||\u00a0\u00bb header_text_color=\u00a0\u00bb#FF0000&Prime; custom_margin=\u00a0\u00bb|||15px|false|false\u00a0\u00bb global_colors_info=\u00a0\u00bb{}\u00a0\u00bb][\/et_pb_wc_title][et_pb_wc_price _builder_version=\u00a0\u00bb4.17.6&Prime; body_font=\u00a0\u00bb|700|||||||\u00a0\u00bb custom_margin=\u00a0\u00bb|||15px|false|false\u00a0\u00bb global_colors_info=\u00a0\u00bb{}\u00a0\u00bb][\/et_pb_wc_price][et_pb_wc_description _builder_version=\u00a0\u00bb4.17.6&Prime; custom_margin=\u00a0\u00bb|||15px|false|false\u00a0\u00bb global_colors_info=\u00a0\u00bb{}\u00a0\u00bb][\/et_pb_wc_description][et_pb_wc_add_to_cart show_quantity=\u00a0\u00bboff\u00a0\u00bb show_stock=\u00a0\u00bboff\u00a0\u00bb _builder_version=\u00a0\u00bb4.17.6&Prime; custom_margin=\u00a0\u00bb|||15px|false|false\u00a0\u00bb global_colors_info=\u00a0\u00bb{}\u00a0\u00bb][\/et_pb_wc_add_to_cart][et_pb_image src=\u00a0\u00bbhttps:\/\/guichet-online.com\/wp-content\/uploads\/2024\/02\/Demarche-ISO9001-scaled.jpg\u00a0\u00bb title_text=\u00a0\u00bbDemarche ISO9001&Prime; _builder_version=\u00a0\u00bb4.17.6&Prime; _module_preset=\u00a0\u00bbdefault\u00a0\u00bb global_colors_info=\u00a0\u00bb{}\u00a0\u00bb][\/et_pb_image][\/et_pb_column][\/et_pb_row][et_pb_row _builder_version=\u00a0\u00bb4.16&Prime; background_size=\u00a0\u00bbinitial\u00a0\u00bb background_position=\u00a0\u00bbtop_left\u00a0\u00bb background_repeat=\u00a0\u00bbrepeat\u00a0\u00bb width=\u00a0\u00bb100%\u00a0\u00bb global_colors_info=\u00a0\u00bb{}\u00a0\u00bb][et_pb_column type=\u00a0\u00bb4_4&Prime; _builder_version=\u00a0\u00bb4.16&Prime; custom_padding=\u00a0\u00bb|||\u00a0\u00bb global_colors_info=\u00a0\u00bb{}\u00a0\u00bb custom_padding__hover=\u00a0\u00bb|||\u00a0\u00bb][et_pb_wc_tabs _builder_version=\u00a0\u00bb4.17.6&Prime; custom_margin=\u00a0\u00bb|||15px|false|false\u00a0\u00bb border_width_all=\u00a0\u00bb0px\u00a0\u00bb border_color_all=\u00a0\u00bb#000000&Prime; global_colors_info=\u00a0\u00bb{}\u00a0\u00bb]\t\t\t\t\t[\/et_pb_wc_tabs][\/et_pb_column][\/et_pb_row][\/et_pb_section]<\/p>\n","protected":false},"excerpt":{"rendered":"<h4><b>Audit initial, cartographie des activit\u00e9s, d\u00e9finition des objectifs, exigences conformit\u00e9, etc.<\/b><\/h4>\n<h3><strong>Dur\u00e9e 29 jours<\/strong><\/h3>\n<table style=\"width: 872px; border-style: solid; border-color: #f70c0c;\" border=\"-\" width=\"872\">\n<caption>\u00a0<\/caption>\n<tbody>\n<tr>\n<td style=\"width: 453.2px;\"><strong>Etape 1 : \u00a0Etablissement du contexte<\/strong> identifier et \u00e9valuer les risques<br \/>\nRencontrer la direction pour comprendre et r\u00e9pondre aux besoins dans le contexte du projet<\/td>\n<td style=\"width: 405.2px;\">Nature des \u00e9v\u00e9nements<br \/>\nCartographie des risques<br \/>\nLes risques sont positionn\u00e9s au niveau du BSC<\/td>\n<\/tr>\n<tr>\n<td style=\"width: 453.2px;\"><strong>Etape 2 :\u00a0 Etat des lieux<\/strong> et en d\u00e9duire le travail \u00e0 accomplir lors d&rsquo;un audit informel<\/td>\n<td style=\"width: 405.2px;\">Prise de connaissance des collaborateurs et de leur r\u00f4le<br \/>\nAcquisition de la connaissance concernant l&rsquo;organisation interne de l&rsquo;entreprise et les enjeux qui en d\u00e9coule<br \/>\nPlan d&rsquo;action g\u00e9n\u00e9ral qui pr\u00e9sente les \u00e9carts entre l&rsquo;organisation existante et les exigences de conformit\u00e9 \u00e0 la nome ISO 9001<br \/>\nTraitement des questions et des objections<\/td>\n<\/tr>\n<\/tbody>\n<\/table>\n<p>&nbsp;<\/p>\n","protected":false},"featured_media":30441,"template":"","meta":{"_et_pb_use_builder":"on","_et_pb_old_content":"<h3><strong>Dur\u00e9e 29 jours<\/strong><\/h3>\r\n<table style=\"height: 996px;width: 859px;border-style: solid;border-color: #fa0a0a\" border=\"-\" width=\"859\"><caption>\u00a0<\/caption>\r\n<tbody>\r\n<tr style=\"height: 95px\">\r\n<td style=\"width: 448.2px;height: 95px\"><strong>Etape 1 : \u00a0Etablissement du contexte identifier et \u00e9valuer les risques<\/strong>\r\n<strong>\u00a0 \u00a0 \u00a0 \u00a0 \u00a0 \u00a0 \u00a0 \u00a0 \u00a0 Rencontrer la direction pour comprendre et r\u00e9pondre aux besoins dans le contexte du projet<\/strong><\/td>\r\n<td style=\"width: 397.2px;height: 95px\"><strong>Nature des \u00e9v\u00e9nements<\/strong>\r\n<strong>Cartographie des risques<\/strong>\r\n<strong>Les risques sont positionn\u00e9s au niveau du BSC\u00a0<\/strong><\/td>\r\n<\/tr>\r\n<tr style=\"height: 166px\">\r\n<td style=\"width: 448.2px;height: 166px\"><strong>Etape 2 :\u00a0 Etat des lieux et en d\u00e9duire le travail \u00e0 accomplir lors d'un audit informel<\/strong><\/td>\r\n<td style=\"width: 397.2px;height: 166px\"><strong>Prise de connaissance des collaborateurs et de leur r\u00f4le<\/strong>\r\n<strong>Acquisition de la connaissance concernant l'organisation interne de l'entreprise et les enjeux qui en d\u00e9coule<\/strong>\r\n<strong>Plan d'action g\u00e9n\u00e9ral qui pr\u00e9sente les \u00e9carts entre l'organisation existante et les exigences de conformit\u00e9 \u00e0 la nome ISO 9001<\/strong>\r\n<strong>Traitement des questions et des objections<\/strong><\/td>\r\n<\/tr>\r\n<tr style=\"height: 71px\">\r\n<td style=\"width: 448.2px;height: 71px\"><strong>Etape 3 :\u00a0 Analyser avec\u00a0 le client et d\u00e9crire les activit\u00e9s: un pr\u00e9requis n\u00e9cessaire \u00e0 l'am\u00e9lioration de l'organisation<\/strong><\/td>\r\n<td style=\"width: 397.2px;height: 71px\"><strong>La mod\u00e9lisation, appel\u00e9e cartographie des processus, d\u00e9coupage, logique et finalit\u00e9s de chaque activit\u00e9<\/strong>\r\n<strong>Un regard commun sur l'organisation\u00a0\u00a0<\/strong><\/td>\r\n<\/tr>\r\n<tr style=\"height: 261px\">\r\n<td style=\"width: 448.2px;height: 261px\"><strong>Etape 4 :\u00a0 Arr\u00eater une strat\u00e9gie claire et la pr\u00e9senter aux \u00e9quipes<\/strong><\/td>\r\n<td style=\"width: 397.2px;height: 261px\"><strong>\u00a04 analyses:<\/strong>\r\n<strong>- Les exigences, besoins des clients, capacit\u00e9 \u00e0 cr\u00e9er un besoin chez eux, capacit\u00e9 de l'entreprise \u00e0 y r\u00e9pondre pour les satisfaires<\/strong>\r\n<strong>- La prise en compte des exiegnces des autres parties prenantes jug\u00e9es strat\u00e9giques (actionnaires, organisme de tutelle, loggys...)<\/strong>\r\n<strong>- Les opportunit\u00e9s que connaitre le secteur d'activit\u00e9 dans le futur et la capacit\u00e9 pour l'entreprise de les saisir<\/strong>\r\n<strong>- Les risques majeurs et les adaptations n\u00e9cessaires en interne pour y faire face.<\/strong><\/td>\r\n<\/tr>\r\n<tr style=\"height: 95px\">\r\n<td style=\"width: 448.2px;height: 95px\"><strong>Etape 5 : Fixer des objectifs pertinents<\/strong><\/td>\r\n<td style=\"width: 397.2px;height: 95px\"><strong>Chaque activit\u00e9 pour \u00eatre efficace doit viser un point de performance assez haut pour \u00eatre motivant et assez r\u00e9aliste pour ne pas \u00eatre d\u00e9motivant.<\/strong>\r\n<strong>Liste des questions qui ont \u00e9t\u00e9 trait\u00e9es et leurs r\u00e9ponses<\/strong><\/td>\r\n<\/tr>\r\n<tr style=\"height: 142px\">\r\n<td style=\"width: 448.2px;height: 142px\"><strong>Etape 6:<\/strong> Mise en place d'un plan d'action r\u00e9pondant aux exigences de la norme ISO 9001 en 4 temps<\/td>\r\n<td style=\"width: 397.2px;height: 142px\">1 - La mise en place des actions et des indicateurs pour mesurer le niveau de performance de chaque activit\u00e9\r\n2 - La nomination d'un responsable pour chaque activit\u00e9\r\n3 - Ajustement des pratqiues en intrenes pour r\u00e9pondre aux exigences de la norme ISO 9001\r\n4 - Si besoin l'ajout de proc\u00e9dures<\/td>\r\n<\/tr>\r\n<tr style=\"height: 71px\">\r\n<td style=\"width: 448.2px;height: 71px\"><strong>Etape 7:\u00a0<\/strong> V\u00e9rifier que les r\u00e9sultats obtenus sont conformes \u00e0 ce qui est attendu<\/td>\r\n<td style=\"width: 397.2px;height: 71px\">Ex\u00e9cution d'audit pour v\u00e9rifier que l'entreprise est pr\u00eate pourpour l'audit de certification si elle souhaite profiter de l'occasion<\/td>\r\n<\/tr>\r\n<tr style=\"height: 95px\">\r\n<td style=\"width: 448.2px;height: 95px\"><strong>Etape 8:<\/strong>\u00a0 Faire le bilan de l'ensemble des actions r\u00e9alis\u00e9es et fixer de nouveaux objectifs annuels<\/td>\r\n<td style=\"width: 397.2px;height: 95px\">Mise en place d'une \u00e9quipe interm\u00e9diaire\r\nRevue de direction qui r\u00e9capitule les actions r\u00e9alis\u00e9es et fixe le cap pour les actions \u00e0 venir \u00e0 disposition de l'auditeur.<\/td>\r\n<\/tr>\r\n<\/tbody>\r\n<\/table>","_et_gb_content_width":""},"product_brand":[],"product_cat":[34],"product_tag":[],"class_list":{"0":"post-30334","1":"product","2":"type-product","3":"status-publish","4":"has-post-thumbnail","6":"product_cat-formations","8":"first","9":"instock","10":"shipping-taxable","11":"purchasable","12":"product-type-simple"},"_links":{"self":[{"href":"https:\/\/www.guichet-online.com\/index.php?rest_route=\/wp\/v2\/product\/30334","targetHints":{"allow":["GET"]}}],"collection":[{"href":"https:\/\/www.guichet-online.com\/index.php?rest_route=\/wp\/v2\/product"}],"about":[{"href":"https:\/\/www.guichet-online.com\/index.php?rest_route=\/wp\/v2\/types\/product"}],"wp:featuredmedia":[{"embeddable":true,"href":"https:\/\/www.guichet-online.com\/index.php?rest_route=\/wp\/v2\/media\/30441"}],"wp:attachment":[{"href":"https:\/\/www.guichet-online.com\/index.php?rest_route=%2Fwp%2Fv2%2Fmedia&parent=30334"}],"wp:term":[{"taxonomy":"product_brand","embeddable":true,"href":"https:\/\/www.guichet-online.com\/index.php?rest_route=%2Fwp%2Fv2%2Fproduct_brand&post=30334"},{"taxonomy":"product_cat","embeddable":true,"href":"https:\/\/www.guichet-online.com\/index.php?rest_route=%2Fwp%2Fv2%2Fproduct_cat&post=30334"},{"taxonomy":"product_tag","embeddable":true,"href":"https:\/\/www.guichet-online.com\/index.php?rest_route=%2Fwp%2Fv2%2Fproduct_tag&post=30334"}],"curies":[{"name":"wp","href":"https:\/\/api.w.org\/{rel}","templated":true}]}}