{"id":30335,"date":"2024-02-01T17:18:06","date_gmt":"2024-02-01T16:18:06","guid":{"rendered":"https:\/\/guichet-online.com\/?post_type=product&#038;p=30335"},"modified":"2024-02-05T18:51:13","modified_gmt":"2024-02-05T17:51:13","slug":"gestion-des-risques","status":"publish","type":"product","link":"https:\/\/www.guichet-online.com\/?product=gestion-des-risques","title":{"rendered":"GESTION DES RISQUES"},"content":{"rendered":"<p>[et_pb_section fb_built=\u00a0\u00bb1&Prime; _builder_version=\u00a0\u00bb4.16&Prime; custom_padding=\u00a0\u00bb0px||||false|false\u00a0\u00bb global_colors_info=\u00a0\u00bb{}\u00a0\u00bb][et_pb_row _builder_version=\u00a0\u00bb4.16&Prime; background_size=\u00a0\u00bbinitial\u00a0\u00bb background_position=\u00a0\u00bbtop_left\u00a0\u00bb background_repeat=\u00a0\u00bbrepeat\u00a0\u00bb width=\u00a0\u00bb100%\u00a0\u00bb custom_padding=\u00a0\u00bb0px||0px||false|false\u00a0\u00bb global_colors_info=\u00a0\u00bb{}\u00a0\u00bb][et_pb_column type=\u00a0\u00bb4_4&Prime; _builder_version=\u00a0\u00bb4.16&Prime; custom_padding=\u00a0\u00bb|||\u00a0\u00bb global_colors_info=\u00a0\u00bb{}\u00a0\u00bb custom_padding__hover=\u00a0\u00bb|||\u00a0\u00bb][\/et_pb_column][\/et_pb_row][et_pb_row _builder_version=\u00a0\u00bb4.17.6&Prime; background_size=\u00a0\u00bbinitial\u00a0\u00bb background_position=\u00a0\u00bbtop_left\u00a0\u00bb background_repeat=\u00a0\u00bbrepeat\u00a0\u00bb width=\u00a0\u00bb100%\u00a0\u00bb custom_padding=\u00a0\u00bb0px||||false|false\u00a0\u00bb global_colors_info=\u00a0\u00bb{}\u00a0\u00bb][et_pb_column type=\u00a0\u00bb4_4&Prime; _builder_version=\u00a0\u00bb4.16&Prime; custom_padding=\u00a0\u00bb|||\u00a0\u00bb global_colors_info=\u00a0\u00bb{}\u00a0\u00bb custom_padding__hover=\u00a0\u00bb|||\u00a0\u00bb][et_pb_wc_title _builder_version=\u00a0\u00bb4.17.6&Prime; header_font=\u00a0\u00bb|700|||||||\u00a0\u00bb header_text_color=\u00a0\u00bb#FF0000&Prime; custom_margin=\u00a0\u00bb|||15px|false|false\u00a0\u00bb global_colors_info=\u00a0\u00bb{}\u00a0\u00bb][\/et_pb_wc_title][et_pb_wc_price _builder_version=\u00a0\u00bb4.17.6&Prime; body_font=\u00a0\u00bb|700|||||||\u00a0\u00bb custom_margin=\u00a0\u00bb|||15px|false|false\u00a0\u00bb global_colors_info=\u00a0\u00bb{}\u00a0\u00bb][\/et_pb_wc_price][et_pb_wc_description _builder_version=\u00a0\u00bb4.17.6&Prime; custom_margin=\u00a0\u00bb|||15px|false|false\u00a0\u00bb global_colors_info=\u00a0\u00bb{}\u00a0\u00bb][\/et_pb_wc_description][et_pb_wc_add_to_cart show_quantity=\u00a0\u00bboff\u00a0\u00bb show_stock=\u00a0\u00bboff\u00a0\u00bb _builder_version=\u00a0\u00bb4.17.6&Prime; custom_margin=\u00a0\u00bb|||15px|false|false\u00a0\u00bb global_colors_info=\u00a0\u00bb{}\u00a0\u00bb][\/et_pb_wc_add_to_cart][et_pb_image src=\u00a0\u00bbhttps:\/\/guichet-online.com\/wp-content\/uploads\/2024\/02\/Gestion-des-risques-scaled.jpg\u00a0\u00bb title_text=\u00a0\u00bbGestion des risques\u00a0\u00bb _builder_version=\u00a0\u00bb4.17.6&Prime; _module_preset=\u00a0\u00bbdefault\u00a0\u00bb global_colors_info=\u00a0\u00bb{}\u00a0\u00bb][\/et_pb_image][\/et_pb_column][\/et_pb_row][et_pb_row _builder_version=\u00a0\u00bb4.16&Prime; background_size=\u00a0\u00bbinitial\u00a0\u00bb background_position=\u00a0\u00bbtop_left\u00a0\u00bb background_repeat=\u00a0\u00bbrepeat\u00a0\u00bb width=\u00a0\u00bb100%\u00a0\u00bb global_colors_info=\u00a0\u00bb{}\u00a0\u00bb][et_pb_column type=\u00a0\u00bb4_4&Prime; _builder_version=\u00a0\u00bb4.16&Prime; custom_padding=\u00a0\u00bb|||\u00a0\u00bb global_colors_info=\u00a0\u00bb{}\u00a0\u00bb custom_padding__hover=\u00a0\u00bb|||\u00a0\u00bb][et_pb_wc_tabs _builder_version=\u00a0\u00bb4.17.6&Prime; custom_margin=\u00a0\u00bb|||15px|false|false\u00a0\u00bb border_width_all=\u00a0\u00bb0px\u00a0\u00bb border_color_all=\u00a0\u00bb#000000&Prime; global_colors_info=\u00a0\u00bb{}\u00a0\u00bb]\t\t\t\t\t[\/et_pb_wc_tabs][\/et_pb_column][\/et_pb_row][\/et_pb_section]<\/p>\n","protected":false},"excerpt":{"rendered":"<h3><strong>GESTION DES RISQUES RESIDUELS \/ MESURES D&rsquo;APPLICATION ET RECOMMANDATIONS ISO 31000<\/strong><\/h3>\n<h4><strong>Dur\u00e9e de l&rsquo;\u00e9tape: 15 jours<\/strong><\/h4>\n<table style=\"width: 877px; border-style: solid; border-color: #f70f0f;\" border=\"-\" width=\"877\">\n<caption>\u00a0<\/caption>\n<tbody>\n<tr>\n<td style=\"width: 410.188px;\"><strong>Etape 1 :<\/strong> \u00a0Etablir le contexte identifier et \u00e9valuer les risques<\/td>\n<td style=\"width: 453.212px;\">Plan d&rsquo;audit est \u00e9laborer et le programme pr\u00e9sent\u00e9 \u00e0 la direction<br \/>\nLa m\u00e9thode de conduite de l&rsquo;\u00e9tape est valid\u00e9e par le chef de service et la direction<\/td>\n<\/tr>\n<tr>\n<td style=\"width: 410.188px;\"><strong>Etape 2 :<\/strong> \u00a0Compiler les informations et les renseignements et analyser les processus et leurs objectifs<\/td>\n<td style=\"width: 453.212px;\">Les objectifs du domaine audit\u00e9s sont pr\u00e9sent\u00e9s par le chef d&rsquo;entreprise<br \/>\nLes processus et eleurs objectifs sont identifi\u00e9s<br \/>\nLes informations sont collect\u00e9es<br \/>\nLes premiers indicateurs de performance identifi\u00e9s<\/td>\n<\/tr>\n<\/tbody>\n<\/table>\n","protected":false},"featured_media":30455,"template":"","meta":{"_et_pb_use_builder":"on","_et_pb_old_content":"<h3><strong>GESTION DES RISQUES RESIDUELS \/ MESURES D'APPLICATION ET RECOMMANDATIONS ISO 31000<\/strong><\/h3>\r\n<h4><strong>Dur\u00e9e de l'\u00e9tape: 15 jours<\/strong><\/h4>\r\n<table style=\"height: 427px;width: 878px;border-style: solid;border-color: #f00e0e\" border=\"-\" width=\"878\"><caption>\u00a0<\/caption>\r\n<tbody>\r\n<tr style=\"height: 71px\">\r\n<td style=\"width: 408.65px;height: 71px\"><strong>Etape 1 :<\/strong> \u00a0Etablir le contexte identifier et \u00e9valuer les risques<\/td>\r\n<td style=\"width: 455.75px;height: 71px\">Plan d'audit est \u00e9laborer et le programme pr\u00e9sent\u00e9 \u00e0 la direction\r\nLa m\u00e9thode de conduite de l'\u00e9tape est valid\u00e9e par le chef de service et la direction<\/td>\r\n<\/tr>\r\n<tr style=\"height: 119px\">\r\n<td style=\"width: 408.65px;height: 119px\"><strong>Etape 2 :<\/strong> \u00a0Compiler les informations et les renseignements et analyser les processus et leurs objectifs<\/td>\r\n<td style=\"width: 455.75px;height: 119px\">Les objectifs du domaine audit\u00e9s sont pr\u00e9sent\u00e9s par le chef d'entreprise\r\nLes processus et eleurs objectifs sont identifi\u00e9s\r\nLes informations sont collect\u00e9es\r\nLes premiers indicateurs de performance identifi\u00e9s<\/td>\r\n<\/tr>\r\n<tr style=\"height: 119px\">\r\n<td style=\"width: 408.65px;height: 119px\"><strong>Etape 3 :<\/strong> \u00a0\u00a0Evaluation des risques:<\/td>\r\n<td style=\"width: 455.75px;height: 119px\">Risques identifi\u00e9s\r\nRisques analys\u00e9s (causes, et recommandations)\r\n- Probabilt\u00e9\r\n- Cons\u00e9quences\r\nRisques \u00e9valu\u00e9s et priorit\u00e9s mises en place<\/td>\r\n<\/tr>\r\n<tr style=\"height: 71px\">\r\n<td style=\"width: 408.65px;height: 71px\"><strong>Etape 4 :<\/strong> \u00a0\u00a0Traitement des risques<\/td>\r\n<td style=\"width: 455.75px;height: 71px\">Les causes sont identi\u00e9es et analys\u00e9es\r\nLes recommandations valid\u00e9es et appliqu\u00e9es\r\nLes observations sont document\u00e9es<\/td>\r\n<\/tr>\r\n<tr style=\"height: 47px\">\r\n<td style=\"width: 408.65px;height: 47px\"><strong>Etape 5 :<\/strong> \u00a0\u00a0Contr\u00f4le et examens<\/td>\r\n<td style=\"width: 455.75px;height: 47px\">Le plan d'audit est \u00e9labor\u00e9 sur la base des r\u00e9sultats de l'nalyse de risques<\/td>\r\n<\/tr>\r\n<\/tbody>\r\n<\/table>","_et_gb_content_width":""},"product_brand":[],"product_cat":[34],"product_tag":[],"class_list":{"0":"post-30335","1":"product","2":"type-product","3":"status-publish","4":"has-post-thumbnail","6":"product_cat-formations","8":"first","9":"instock","10":"shipping-taxable","11":"purchasable","12":"product-type-simple"},"_links":{"self":[{"href":"https:\/\/www.guichet-online.com\/index.php?rest_route=\/wp\/v2\/product\/30335","targetHints":{"allow":["GET"]}}],"collection":[{"href":"https:\/\/www.guichet-online.com\/index.php?rest_route=\/wp\/v2\/product"}],"about":[{"href":"https:\/\/www.guichet-online.com\/index.php?rest_route=\/wp\/v2\/types\/product"}],"wp:featuredmedia":[{"embeddable":true,"href":"https:\/\/www.guichet-online.com\/index.php?rest_route=\/wp\/v2\/media\/30455"}],"wp:attachment":[{"href":"https:\/\/www.guichet-online.com\/index.php?rest_route=%2Fwp%2Fv2%2Fmedia&parent=30335"}],"wp:term":[{"taxonomy":"product_brand","embeddable":true,"href":"https:\/\/www.guichet-online.com\/index.php?rest_route=%2Fwp%2Fv2%2Fproduct_brand&post=30335"},{"taxonomy":"product_cat","embeddable":true,"href":"https:\/\/www.guichet-online.com\/index.php?rest_route=%2Fwp%2Fv2%2Fproduct_cat&post=30335"},{"taxonomy":"product_tag","embeddable":true,"href":"https:\/\/www.guichet-online.com\/index.php?rest_route=%2Fwp%2Fv2%2Fproduct_tag&post=30335"}],"curies":[{"name":"wp","href":"https:\/\/api.w.org\/{rel}","templated":true}]}}