{"id":30336,"date":"2024-02-01T19:05:41","date_gmt":"2024-02-01T18:05:41","guid":{"rendered":"https:\/\/guichet-online.com\/?post_type=product&#038;p=30336"},"modified":"2024-02-05T18:15:31","modified_gmt":"2024-02-05T17:15:31","slug":"organisation-du-deploiement","status":"publish","type":"product","link":"https:\/\/www.guichet-online.com\/?product=organisation-du-deploiement","title":{"rendered":"ORGANISATION DU DEPLOIEMENT"},"content":{"rendered":"<p>[et_pb_section fb_built=\u00a0\u00bb1&Prime; _builder_version=\u00a0\u00bb4.16&Prime; custom_padding=\u00a0\u00bb0px||||false|false\u00a0\u00bb global_colors_info=\u00a0\u00bb{}\u00a0\u00bb][et_pb_row _builder_version=\u00a0\u00bb4.16&Prime; background_size=\u00a0\u00bbinitial\u00a0\u00bb background_position=\u00a0\u00bbtop_left\u00a0\u00bb background_repeat=\u00a0\u00bbrepeat\u00a0\u00bb width=\u00a0\u00bb100%\u00a0\u00bb custom_padding=\u00a0\u00bb0px||0px||false|false\u00a0\u00bb global_colors_info=\u00a0\u00bb{}\u00a0\u00bb][et_pb_column type=\u00a0\u00bb4_4&Prime; _builder_version=\u00a0\u00bb4.16&Prime; custom_padding=\u00a0\u00bb|||\u00a0\u00bb global_colors_info=\u00a0\u00bb{}\u00a0\u00bb custom_padding__hover=\u00a0\u00bb|||\u00a0\u00bb][\/et_pb_column][\/et_pb_row][et_pb_row _builder_version=\u00a0\u00bb4.17.6&Prime; background_size=\u00a0\u00bbinitial\u00a0\u00bb background_position=\u00a0\u00bbtop_left\u00a0\u00bb background_repeat=\u00a0\u00bbrepeat\u00a0\u00bb width=\u00a0\u00bb100%\u00a0\u00bb custom_padding=\u00a0\u00bb0px||||false|false\u00a0\u00bb global_colors_info=\u00a0\u00bb{}\u00a0\u00bb][et_pb_column type=\u00a0\u00bb4_4&Prime; _builder_version=\u00a0\u00bb4.16&Prime; custom_padding=\u00a0\u00bb|||\u00a0\u00bb global_colors_info=\u00a0\u00bb{}\u00a0\u00bb custom_padding__hover=\u00a0\u00bb|||\u00a0\u00bb][et_pb_wc_title _builder_version=\u00a0\u00bb4.17.6&Prime; header_font=\u00a0\u00bb|700|||||||\u00a0\u00bb header_text_color=\u00a0\u00bb#FF0000&Prime; custom_margin=\u00a0\u00bb|||15px|false|false\u00a0\u00bb global_colors_info=\u00a0\u00bb{}\u00a0\u00bb][\/et_pb_wc_title][et_pb_wc_price _builder_version=\u00a0\u00bb4.17.6&Prime; body_font=\u00a0\u00bb|700|||||||\u00a0\u00bb custom_margin=\u00a0\u00bb|||15px|false|false\u00a0\u00bb global_colors_info=\u00a0\u00bb{}\u00a0\u00bb][\/et_pb_wc_price][et_pb_wc_description _builder_version=\u00a0\u00bb4.17.6&Prime; custom_margin=\u00a0\u00bb|||15px|false|false\u00a0\u00bb global_colors_info=\u00a0\u00bb{}\u00a0\u00bb][\/et_pb_wc_description][et_pb_wc_add_to_cart show_quantity=\u00a0\u00bboff\u00a0\u00bb show_stock=\u00a0\u00bboff\u00a0\u00bb _builder_version=\u00a0\u00bb4.17.6&Prime; custom_margin=\u00a0\u00bb|||15px|false|false\u00a0\u00bb global_colors_info=\u00a0\u00bb{}\u00a0\u00bb][\/et_pb_wc_add_to_cart][et_pb_image src=\u00a0\u00bbhttps:\/\/guichet-online.com\/wp-content\/uploads\/2024\/02\/orga-deploiement-scaled.jpg\u00a0\u00bb title_text=\u00a0\u00bborga deploiement\u00a0\u00bb _builder_version=\u00a0\u00bb4.17.6&Prime; _module_preset=\u00a0\u00bbdefault\u00a0\u00bb global_colors_info=\u00a0\u00bb{}\u00a0\u00bb][\/et_pb_image][\/et_pb_column][\/et_pb_row][et_pb_row _builder_version=\u00a0\u00bb4.16&Prime; background_size=\u00a0\u00bbinitial\u00a0\u00bb background_position=\u00a0\u00bbtop_left\u00a0\u00bb background_repeat=\u00a0\u00bbrepeat\u00a0\u00bb width=\u00a0\u00bb100%\u00a0\u00bb global_colors_info=\u00a0\u00bb{}\u00a0\u00bb][et_pb_column type=\u00a0\u00bb4_4&Prime; _builder_version=\u00a0\u00bb4.16&Prime; custom_padding=\u00a0\u00bb|||\u00a0\u00bb global_colors_info=\u00a0\u00bb{}\u00a0\u00bb custom_padding__hover=\u00a0\u00bb|||\u00a0\u00bb][et_pb_wc_tabs _builder_version=\u00a0\u00bb4.17.6&Prime; custom_margin=\u00a0\u00bb|||15px|false|false\u00a0\u00bb border_width_all=\u00a0\u00bb0px\u00a0\u00bb border_color_all=\u00a0\u00bb#000000&Prime; global_colors_info=\u00a0\u00bb{}\u00a0\u00bb]\t\t\t\t\t[\/et_pb_wc_tabs][\/et_pb_column][\/et_pb_row][\/et_pb_section]<\/p>\n","protected":false},"excerpt":{"rendered":"<h3><strong>GESTION DES MODIFICATIONS DE L&rsquo;ORGANISATION ET EXPLOITATION<\/strong><\/h3>\n<h4><strong>MISE A DISPOSITION ESPACE CLIENT<\/strong><\/h4>\n<h4><strong>Dur\u00e9e de l&rsquo;\u00e9tape: 8 jours<\/strong><\/h4>\n<table style=\"width: 881px; border-style: solid; border-color: #f50a0a;\" border=\"-\" width=\"881\">\n<caption>\u00a0<\/caption>\n<tbody>\n<tr>\n<td style=\"width: 425.675px;\"><strong>Phase 1:<\/strong> Conception<br \/>\n-Elaborer le concept de d\u00e9ploiement<br \/>\n&#8211;<\/td>\n<td style=\"width: 441.725px;\">Les r\u00e9sulats:<br \/>\n&#8211; Concept de d\u00e9ploiement<br \/>\n&#8211; D\u00e9cision de conduite et d&rsquo;ex\u00e9cution du projet<br \/>\n&#8211; Liste de contr\u00f4le<\/td>\n<\/tr>\n<tr>\n<td style=\"width: 425.675px;\"><strong>Phase 2<\/strong>: R\u00e9alisation<br \/>\n&#8211; Pr\u00e9parer le d\u00e9ploiement<br \/>\n&#8211; Prendre la d\u00e9cision concernant la pr\u00e9r\u00e9ception<\/td>\n<td style=\"width: 441.725px;\">Les r\u00e9sultats:<br \/>\n&#8211; Mesures de d\u00e9ploiement ex\u00e9cut\u00e9es<\/td>\n<\/tr>\n<tr>\n<td style=\"width: 425.675px;\">Phase 3: D\u00e9ploiement<br \/>\n&#8211; D\u00e9ployer le syst\u00e8me<br \/>\n&#8211; Prendre la d\u00e9cision concernant la mise en service<br \/>\n&#8211; Prendre la d\u00e9cision concernant la r\u00e9ception<\/td>\n<td style=\"width: 441.725px;\">Les r\u00e9sultats:<br \/>\n&#8211; Proc\u00e8s verbal de r\u00e9ception<\/td>\n<\/tr>\n<\/tbody>\n<\/table>\n<h4><\/h4>\n","protected":false},"featured_media":30441,"template":"","meta":{"_et_pb_use_builder":"on","_et_pb_old_content":"<h3><strong>GESTION DES MODIFICATIONS DE L'ORGANISATION ET EXPLOITATION<\/strong><\/h3>\r\n<h4><strong>MISE A DISPOSITION ESPACE CLIENT<\/strong><\/h4>\r\n<h3><strong style=\"font-size: 18px\">Dur\u00e9e de l'\u00e9tape: 9 jours<\/strong><\/h3>\r\n<table style=\"width: 881px;border-style: solid;border-color: #f21111\" border=\"-\" width=\"881\"><caption>\u00a0<\/caption>\r\n<tbody>\r\n<tr>\r\n<td style=\"width: 425.675px\"><strong>Phase 1:<\/strong> Conception\r\n-Elaborer le concept de d\u00e9ploiement\r\n-<\/td>\r\n<td style=\"width: 441.725px\">Les r\u00e9sulats:\r\n- Concept de d\u00e9ploiement\r\n- D\u00e9cision de conduite et d'ex\u00e9cution du projet\r\n- Liste de contr\u00f4le<\/td>\r\n<\/tr>\r\n<tr>\r\n<td style=\"width: 425.675px\"><strong>Phase 2<\/strong>: R\u00e9alisation\r\n- Pr\u00e9parer le d\u00e9ploiement\r\n- Prendre la d\u00e9cision concernant la pr\u00e9r\u00e9ception<\/td>\r\n<td style=\"width: 441.725px\">Les r\u00e9sultats:\r\n- Mesures de d\u00e9ploiement ex\u00e9cut\u00e9es<\/td>\r\n<\/tr>\r\n<tr>\r\n<td style=\"width: 425.675px\">Phase 3: D\u00e9ploiement\r\n- D\u00e9ployer le syst\u00e8me\r\n- Prendre la d\u00e9cision concernant la mise en service\r\n- Prendre la d\u00e9cision concernant la r\u00e9ception<\/td>\r\n<td style=\"width: 441.725px\">Les r\u00e9sultats:\r\n- Proc\u00e8s verbal de r\u00e9ception<\/td>\r\n<\/tr>\r\n<\/tbody>\r\n<\/table>\r\n<h4><strong>ESPACE CLIENT SUR PLATEFORME<\/strong><\/h4>\r\n<table style=\"height: 498px;width: 879px;border-style: solid;border-color: #f51439\" border=\"-\" width=\"879\"><caption>\u00a0<\/caption>\r\n<tbody>\r\n<tr style=\"height: 47px\">\r\n<td style=\"width: 420.475px;height: 47px\"><strong>Phase 1:<\/strong> Conception\r\n- Elaborer le concept d'exploitation<\/td>\r\n<td style=\"width: 444.925px;height: 47px\">Le concept est d\u00e9crit\r\nL'application est install\u00e9e et pr\u00eate \u00e0 \u00eatre param\u00e9tr\u00e9e<\/td>\r\n<\/tr>\r\n<tr style=\"height: 285px\">\r\n<td style=\"width: 420.475px;height: 285px\"><strong>Phase 2:<\/strong> R\u00e9alisation\r\n- Activer l\u2019exploitation\r\n- Faire accompagner, par l\u2019organisation de projet, la premi\u00e8re p\u00e9riode d\u2019utilisation\r\n- Surveiller le fonctionnement des syst\u00e8mes et des processus et v\u00e9rifier le respect des conventions\r\n- Analyser les probl\u00e8mes qui se posent, et prendre ou proposer des mesures\r\n- Si n\u00e9cessaire, analyser et mettre en \u0153uvre des mesures de stabilisation\r\n- Actualiser le manuel d\u2019exploitation avec les exp\u00e9riences r\u00e9colt\u00e9es<\/td>\r\n<td style=\"width: 444.925px;height: 285px\">L'application est pr\u00eate \u00e0 l'utilisation\r\nResultats:\r\n- Manuel d\u2019exploitation\r\n- Exploitation activ\u00e9e<\/td>\r\n<\/tr>\r\n<tr style=\"height: 166px\">\r\n<td style=\"width: 420.475px;height: 166px\"><strong>Phase 3:<\/strong> D\u00e9ploiement\r\n- D\u00e9marrer l'exploitation\r\n- Analyser les probl\u00e8mes qui se posent\r\n- Prendre ou proposer des mesures\r\nSi n\u00e9cessaire mettre en place des mesures de stabilisation\r\nActualiser le manuel d'exploitation\r\n- D\u00e9ployer le syst\u00e8me<\/td>\r\n<td style=\"width: 444.925px;height: 166px\">L'application est en service pour les usagers\r\nMesures de d\u00e9ploiement ex\u00e9cut\u00e9es\r\nManuel d'exploitation mis \u00e0 jour<\/td>\r\n<\/tr>\r\n<\/tbody>\r\n<\/table>","_et_gb_content_width":""},"product_brand":[],"product_cat":[34],"product_tag":[],"class_list":{"0":"post-30336","1":"product","2":"type-product","3":"status-publish","4":"has-post-thumbnail","6":"product_cat-formations","8":"first","9":"instock","10":"shipping-taxable","11":"purchasable","12":"product-type-simple"},"_links":{"self":[{"href":"https:\/\/www.guichet-online.com\/index.php?rest_route=\/wp\/v2\/product\/30336","targetHints":{"allow":["GET"]}}],"collection":[{"href":"https:\/\/www.guichet-online.com\/index.php?rest_route=\/wp\/v2\/product"}],"about":[{"href":"https:\/\/www.guichet-online.com\/index.php?rest_route=\/wp\/v2\/types\/product"}],"wp:featuredmedia":[{"embeddable":true,"href":"https:\/\/www.guichet-online.com\/index.php?rest_route=\/wp\/v2\/media\/30441"}],"wp:attachment":[{"href":"https:\/\/www.guichet-online.com\/index.php?rest_route=%2Fwp%2Fv2%2Fmedia&parent=30336"}],"wp:term":[{"taxonomy":"product_brand","embeddable":true,"href":"https:\/\/www.guichet-online.com\/index.php?rest_route=%2Fwp%2Fv2%2Fproduct_brand&post=30336"},{"taxonomy":"product_cat","embeddable":true,"href":"https:\/\/www.guichet-online.com\/index.php?rest_route=%2Fwp%2Fv2%2Fproduct_cat&post=30336"},{"taxonomy":"product_tag","embeddable":true,"href":"https:\/\/www.guichet-online.com\/index.php?rest_route=%2Fwp%2Fv2%2Fproduct_tag&post=30336"}],"curies":[{"name":"wp","href":"https:\/\/api.w.org\/{rel}","templated":true}]}}