{"id":30495,"date":"2024-02-06T18:10:48","date_gmt":"2024-02-06T17:10:48","guid":{"rendered":"https:\/\/guichet-online.com\/?post_type=product&#038;p=30495"},"modified":"2024-02-06T18:50:19","modified_gmt":"2024-02-06T17:50:19","slug":"analyse-de-la-situation","status":"publish","type":"product","link":"https:\/\/www.guichet-online.com\/?product=analyse-de-la-situation","title":{"rendered":"ANALYSE DE LA SITUATION"},"content":{"rendered":"<p>[et_pb_section fb_built=\u00a0\u00bb1&Prime; _builder_version=\u00a0\u00bb4.16&Prime; custom_padding=\u00a0\u00bb0px||||false|false\u00a0\u00bb global_colors_info=\u00a0\u00bb{}\u00a0\u00bb][et_pb_row _builder_version=\u00a0\u00bb4.16&Prime; background_size=\u00a0\u00bbinitial\u00a0\u00bb background_position=\u00a0\u00bbtop_left\u00a0\u00bb background_repeat=\u00a0\u00bbrepeat\u00a0\u00bb width=\u00a0\u00bb100%\u00a0\u00bb custom_padding=\u00a0\u00bb0px||0px||false|false\u00a0\u00bb global_colors_info=\u00a0\u00bb{}\u00a0\u00bb][et_pb_column type=\u00a0\u00bb4_4&Prime; _builder_version=\u00a0\u00bb4.16&Prime; custom_padding=\u00a0\u00bb|||\u00a0\u00bb global_colors_info=\u00a0\u00bb{}\u00a0\u00bb custom_padding__hover=\u00a0\u00bb|||\u00a0\u00bb][\/et_pb_column][\/et_pb_row][et_pb_row _builder_version=\u00a0\u00bb4.17.6&Prime; background_size=\u00a0\u00bbinitial\u00a0\u00bb background_position=\u00a0\u00bbtop_left\u00a0\u00bb background_repeat=\u00a0\u00bbrepeat\u00a0\u00bb width=\u00a0\u00bb100%\u00a0\u00bb custom_padding=\u00a0\u00bb0px||||false|false\u00a0\u00bb global_colors_info=\u00a0\u00bb{}\u00a0\u00bb][et_pb_column type=\u00a0\u00bb4_4&Prime; _builder_version=\u00a0\u00bb4.16&Prime; custom_padding=\u00a0\u00bb|||\u00a0\u00bb global_colors_info=\u00a0\u00bb{}\u00a0\u00bb custom_padding__hover=\u00a0\u00bb|||\u00a0\u00bb][et_pb_wc_title _builder_version=\u00a0\u00bb4.17.6&Prime; header_font=\u00a0\u00bb|700|||||||\u00a0\u00bb header_text_color=\u00a0\u00bb#FF0000&Prime; custom_margin=\u00a0\u00bb|||15px|false|false\u00a0\u00bb global_colors_info=\u00a0\u00bb{}\u00a0\u00bb][\/et_pb_wc_title][et_pb_wc_price _builder_version=\u00a0\u00bb4.17.6&Prime; body_font=\u00a0\u00bb|700|||||||\u00a0\u00bb custom_margin=\u00a0\u00bb|||15px|false|false\u00a0\u00bb global_colors_info=\u00a0\u00bb{}\u00a0\u00bb][\/et_pb_wc_price][et_pb_wc_description _builder_version=\u00a0\u00bb4.17.6&Prime; custom_margin=\u00a0\u00bb|||15px|false|false\u00a0\u00bb global_colors_info=\u00a0\u00bb{}\u00a0\u00bb][\/et_pb_wc_description][et_pb_wc_add_to_cart show_quantity=\u00a0\u00bboff\u00a0\u00bb show_stock=\u00a0\u00bboff\u00a0\u00bb _builder_version=\u00a0\u00bb4.17.6&Prime; custom_margin=\u00a0\u00bb|||15px|false|false\u00a0\u00bb global_colors_info=\u00a0\u00bb{}\u00a0\u00bb][\/et_pb_wc_add_to_cart][et_pb_image src=\u00a0\u00bbhttps:\/\/guichet-online.com\/wp-content\/uploads\/2024\/02\/ISO-28001-demarche-scaled.jpg\u00a0\u00bb title_text=\u00a0\u00bbISO 28001 demarche\u00a0\u00bb _builder_version=\u00a0\u00bb4.17.6&Prime; _module_preset=\u00a0\u00bbdefault\u00a0\u00bb global_colors_info=\u00a0\u00bb{}\u00a0\u00bb][\/et_pb_image][\/et_pb_column][\/et_pb_row][et_pb_row _builder_version=\u00a0\u00bb4.16&Prime; background_size=\u00a0\u00bbinitial\u00a0\u00bb background_position=\u00a0\u00bbtop_left\u00a0\u00bb background_repeat=\u00a0\u00bbrepeat\u00a0\u00bb width=\u00a0\u00bb100%\u00a0\u00bb global_colors_info=\u00a0\u00bb{}\u00a0\u00bb][et_pb_column type=\u00a0\u00bb4_4&Prime; _builder_version=\u00a0\u00bb4.16&Prime; custom_padding=\u00a0\u00bb|||\u00a0\u00bb global_colors_info=\u00a0\u00bb{}\u00a0\u00bb custom_padding__hover=\u00a0\u00bb|||\u00a0\u00bb][et_pb_wc_tabs _builder_version=\u00a0\u00bb4.17.6&Prime; custom_margin=\u00a0\u00bb|||15px|false|false\u00a0\u00bb border_width_all=\u00a0\u00bb0px\u00a0\u00bb border_color_all=\u00a0\u00bb#000000&Prime; global_colors_info=\u00a0\u00bb{}\u00a0\u00bb]\t\t\t\t\t[\/et_pb_wc_tabs][\/et_pb_column][\/et_pb_row][\/et_pb_section]<\/p>\n","protected":false},"excerpt":{"rendered":"<p>Pourquoi le syst\u00e8me de gestion de la s\u00e9curit\u00e9 de la cha\u00eene logistique ISO 28001 est il important dans le cadre d&rsquo;une d\u00e9marche OEA.<\/p>\n<p>L&rsquo;utilisation de la norme ISO 28001 relative au syst\u00e8me de gestion de la s\u00e9curit\u00e9 de la cha\u00eene logistique aide les entreprises \u00e0 \u00e9tablir des niveaux de s\u00e9curit\u00e9 ad\u00e9quats sur toute la cha\u00eene logistique internationale. <b><\/b><\/p>\n<p>C&rsquo;est pourquoi une analyse de la situation est primordiale.<\/p>\n<h3><strong>Dur\u00e9e de la prestation 19 jours<\/strong><\/h3>\n<h4><\/h4>\n","protected":false},"featured_media":30477,"template":"","meta":{"_et_pb_use_builder":"on","_et_pb_old_content":"Les partenaires commerciaux, les agences gouvernementales et autres demandent un audit ou une approbation des entreprises pr\u00e9tendant se conformer \u00e0 cette norme internationale. Il est important que ces entreprises d\u00e9montrent leurs capacit\u00e9s \u00e0 r\u00e9pondre aux exigences en mati\u00e8re de SURETE.\r\n<table style=\"width: 901px;border-style: solid;border-color: #f50c0c\" border=\"-\" width=\"901\">\r\n<tbody>\r\n<tr>\r\n<td style=\"width: 609.95px\">Processus de s\u00e9curisation de la chaine d'approvisonnement<\/td>\r\n<td style=\"width: 277.45px\"><\/td>\r\n<\/tr>\r\n<tr>\r\n<td style=\"width: 609.95px\"><strong>Etape 1 :<\/strong> Identifier la port\u00e9e de l'\u00e9valuation de la s\u00e9curit\u00e9\r\n- Lieu de fabrication et transformation etn manutention avant transport\r\n- Lieu ou les marchandises pr\u00e9par\u00e9es pour l'exp\u00e9dition sont entrepos\u00e9es\r\n- Lieu ou les marchandises sont transport\u00e9es\r\n- Lorsque les marchandises sont charg\u00e9es ou d\u00e9charg\u00e9es d'un moyen de transport\r\n- Les changements de responsabilit\u00e9 concernant la surveillance et l'entreposage\r\n- La manipulation des documents ou des informations concernant la marchandise\r\n- les moyens de transports<\/td>\r\n<td style=\"width: 277.45px\">Donn\u00e9es du questionnaire auto-\u00e9valuation<\/td>\r\n<\/tr>\r\n<tr>\r\n<td style=\"width: 609.95px\"><strong>Etape 2<\/strong> : Revue des performances \u00e0 travers approche syst\u00e9matique\r\n- Examen des performances des partenaires commerciaux\r\n- Conformit\u00e9 \u00e0 la norme ISO\/PAS 20858\r\n- D\u00e9signation OEA selon chaine d'approvisionnement et conforme SAFE<\/td>\r\n<td style=\"width: 277.45px\">Donn\u00e9es du questionnaire auto-\u00e9valuation<\/td>\r\n<\/tr>\r\n<tr>\r\n<td style=\"width: 609.95px\"><strong>Etape 3:<\/strong> Analyse des sc\u00e9narios de menace \u00e0 la s\u00e9curit\u00e9<\/td>\r\n<td style=\"width: 277.45px\">Questionnaire auto-\u00e9valuation<\/td>\r\n<\/tr>\r\n<tr>\r\n<td style=\"width: 609.95px\"><strong>Etape 4 :<\/strong> Etude du plan de s\u00e9curit\u00e9 (chaine approvisonnement)\r\n- Les t\u00e2ches li\u00e9es \u00e0 la s\u00e9curit\u00e9 de tout le personnel de s\u00e9curit\u00e9\r\n- La structure de gestion de la s\u00e9curit\u00e9\r\n- L'organisation de la s\u00e9curit\u00e9 d'urgence\r\n- Le niveau de comp\u00e9tences du personnel\r\n- La formation\r\n- Processus de recrutement\r\n- le niveau d'application du plan de s\u00e9curit\u00e9<\/td>\r\n<td style=\"width: 277.45px\">Questionnaire auto-\u00e9valuation\r\nRapport de sysnth\u00e8se<\/td>\r\n<\/tr>\r\n<tr>\r\n<td style=\"width: 609.95px\"><strong>Etape 5:<\/strong> Analyse des proc\u00e9dures existantes:\r\n- Veiller \u00e0 la r\u00e9ception des infromations avant l'expr\u00e9dition\r\n- S'assurer au rapprochement pr\u00e9cis des informations sur les marchandises\r\n- S'assurer que les conducteurs sont bien identifi\u00e9s\r\n- S'assurer que les occupants autres que les conducteurs sont identifi\u00e9s\r\n- S'assurer du traitement en cas d'anomalies d\u00e9tect\u00e9es<\/td>\r\n<td style=\"width: 277.45px\">Questionnaire auto-\u00e9valuation\r\nRapport de sysnth\u00e8se<\/td>\r\n<\/tr>\r\n<tr>\r\n<td style=\"width: 609.95px\"><strong>Etape 6:<\/strong> Analyse de la documentation\r\n- D\u00e9clarations de couverture.\r\n- L'\u00e9valuation de s\u00e9curit\u00e9 compl\u00e9t\u00e9e.\r\n- Noms et qualifications du personnel effectuant l'\u00e9valuation de s\u00e9curit\u00e9.\r\n- Liste de toutes les contre-mesures envisag\u00e9es.\r\n- D\u00e9clarations de s\u00e9curit\u00e9.\r\n- Plan de s\u00e9curit\u00e9 et, le cas \u00e9ch\u00e9ant, annexes.\r\n- Enregistrements des sessions de formation et des exercices r\u00e9alis\u00e9s, du personnel qui y a particip\u00e9, des sujets form\u00e9s et Rendez-vous).\r\n- Autre tel que prescrit par r\u00e8glement ou par la direction.<\/td>\r\n<td style=\"width: 277.45px\">Questionnaire auto-\u00e9valuation\r\nRapport de sysnth\u00e8se<\/td>\r\n<\/tr>\r\n<tr>\r\n<td style=\"width: 609.95px\"><strong>Etape 7:<\/strong> Communication:\r\n- Contr\u00f4ler l'existence de proc\u00e9dures de traitement des infractions et du niveau d'int\u00e9gration\r\n- Comment la participation \u00e0 des programmes gouvernementaix est organis\u00e9e (ex OEA)\r\n- Veiller \u00e0 la sensibilisation du personnel sur les aspects r\u00e9glementation<\/td>\r\n<td style=\"width: 277.45px\">Questionnaire auto-\u00e9valuation\r\nRapport de sysnth\u00e8se<\/td>\r\n<\/tr>\r\n<tr>\r\n<td style=\"width: 609.95px\">analyse du plan de s\u00e9curit\u00e9<\/td>\r\n<td style=\"width: 277.45px\">Questionnaire auto-\u00e9valuation\r\nRapport de sysnth\u00e8se<\/td>\r\n<\/tr>\r\n<tr>\r\n<td style=\"width: 609.95px\">Analyse documentation et suivi du plan de s\u00e9curit\u00e9<\/td>\r\n<td style=\"width: 277.45px\">Questionnaire auto-\u00e9valuation\r\nRapport de sysnth\u00e8se<\/td>\r\n<\/tr>\r\n<tr>\r\n<td style=\"width: 609.95px\">Analyse de la m\u00e9thode d'application de l'am\u00e9lioration continue<\/td>\r\n<td style=\"width: 277.45px\">Questionnaire auto-\u00e9valuation\r\nRapport de sysnth\u00e8se<\/td>\r\n<\/tr>\r\n<\/tbody>\r\n<\/table>","_et_gb_content_width":""},"product_brand":[],"product_cat":[57],"product_tag":[],"class_list":{"0":"post-30495","1":"product","2":"type-product","3":"status-publish","4":"has-post-thumbnail","6":"product_cat-iso-28001","8":"first","9":"instock","10":"shipping-taxable","11":"purchasable","12":"product-type-simple"},"_links":{"self":[{"href":"https:\/\/www.guichet-online.com\/index.php?rest_route=\/wp\/v2\/product\/30495","targetHints":{"allow":["GET"]}}],"collection":[{"href":"https:\/\/www.guichet-online.com\/index.php?rest_route=\/wp\/v2\/product"}],"about":[{"href":"https:\/\/www.guichet-online.com\/index.php?rest_route=\/wp\/v2\/types\/product"}],"wp:featuredmedia":[{"embeddable":true,"href":"https:\/\/www.guichet-online.com\/index.php?rest_route=\/wp\/v2\/media\/30477"}],"wp:attachment":[{"href":"https:\/\/www.guichet-online.com\/index.php?rest_route=%2Fwp%2Fv2%2Fmedia&parent=30495"}],"wp:term":[{"taxonomy":"product_brand","embeddable":true,"href":"https:\/\/www.guichet-online.com\/index.php?rest_route=%2Fwp%2Fv2%2Fproduct_brand&post=30495"},{"taxonomy":"product_cat","embeddable":true,"href":"https:\/\/www.guichet-online.com\/index.php?rest_route=%2Fwp%2Fv2%2Fproduct_cat&post=30495"},{"taxonomy":"product_tag","embeddable":true,"href":"https:\/\/www.guichet-online.com\/index.php?rest_route=%2Fwp%2Fv2%2Fproduct_tag&post=30495"}],"curies":[{"name":"wp","href":"https:\/\/api.w.org\/{rel}","templated":true}]}}